{"id":707282,"date":"2025-08-27T16:03:52","date_gmt":"2025-08-27T13:03:52","guid":{"rendered":"https:\/\/roveyayinevi.com.tr\/index.php\/urun\/grevden-donenin\/"},"modified":"2026-04-16T02:16:13","modified_gmt":"2026-04-15T23:16:13","slug":"grevden-donenin","status":"publish","type":"product","link":"https:\/\/roveyayinevi.com.tr\/index.php\/urun\/grevden-donenin\/","title":{"rendered":"Grevden D\u00f6nenin!"},"content":{"rendered":"<p>\u201c\u0130lhan\u2019\u0131n kitab\u0131, bir yan\u0131yla an\u0131, kurgusuyla roman, ger\u00e7eklere dayanmas\u0131yla bilimsel \u00e7al\u0131\u015fma \u00f6zelli\u011fi g\u00f6steriyor. Bu iki \u00f6zelli\u011fin birle\u015fmesiyle somutla\u015fm\u0131\u015f, inand\u0131r\u0131c\u0131l\u0131\u011f\u0131 ve anla\u015f\u0131l\u0131rl\u0131\u011f\u0131 artm\u0131\u015f bir yap\u0131tla kar\u015f\u0131la\u015f\u0131yoruz. Grevden D\u00f6nenin! bir d\u00f6nemin is\u00e7i s\u0131n\u0131f\u0131na ve sendikac\u0131l\u0131k hareketine sevecen bir yakla\u015f\u0131mla \u0131\u015f\u0131k tutuyor. Bunu ba\u015farabilmek, ancak insan\u0131n ya\u015fam\u0131n\u0131n \u00f6nemli bir b\u00f6l\u00fcm\u00fcn\u00fc o ili\u015fkiler i\u00e7inde ge\u00e7irmesiyle, s\u0131n\u0131fsal bak\u0131\u015f sahibi olmas\u0131yla m\u00fcmk\u00fcnd\u00fcr.\u201d- Y\u0131ld\u0131r\u0131m Ko\u00e7 ODT\u00dc \u0130ktisat B\u00f6l\u00fcm\u00fc \u00d6\u011fretim G\u00f6revlisi\u201cCelal \u0130lhan&#8217;\u0131n Grevden D\u00f6nenin! adl\u0131 an\u0131 kitab\u0131, 1965\u2019ten beri i\u00e7inde ya\u015fad\u0131\u011f\u0131m, \u00e7o\u011funca aralar\u0131nda olmaktan onur duydu\u011fum, son y\u0131llarda ise han-hamam edinme, koltu\u011funu kapt\u0131rmama m\u00fccadelesine indirgenen T\u00fcrk sendikac\u0131l\u0131\u011f\u0131n\u0131, yeni bastan d\u00fc\u015f\u00fcnmeme, irdelememe neden oldu. B\u00fcy\u00fck ac\u0131 duydum.\u0130lhan\u2019\u0131n destans\u0131 dilinde\/anlat\u0131m\u0131nda ete kemi\u011fe b\u00fcr\u00fcnen, sat\u0131lmak nedir bilmeyen o yi\u011fitler; i\u015f\u00e7iler, is\u00e7i temsilcileri, bas temsilciler, g\u00f6z\u00fc kara sendika ba\u015fkanlar\u0131 neredeler simdi, nas\u0131l eritilip muma \u00e7evrildiler? Ya\u015fad\u0131\u011f\u0131m t\u00fcm d\u00fc\u015f k\u0131r\u0131kl\u0131klar\u0131na ra\u011fmen, o g\u00fczel g\u00fcnlerin bir g\u00fcn geri gelece\u011fine, is\u00e7ilerin ve sendikalar\u0131n\u0131n \u00f6zg\u00fcr, \u00f6zg\u00fcn ve g\u00fc\u00e7l\u00fc bi\u00e7imde \u00fclke y\u00f6netimine el koyaca\u011f\u0131na inanmak istiyorum. Bu nedenle, is\u00e7ilerin ve namuslu sendika y\u00f6neticilerinin Grevden D\u00f6nenin! Kitab\u0131n\u0131 \u00f6z\u00fcmseyerek, alt\u0131n\u0131 \u00e7izerek okumalar\u0131n\u0131 \u00f6neriyorum.\u201d- Engin \u00dcnsal Girne Amerikan \u00dcniversitesi \u00d6\u011fretim \u00dcyesi<\/p>\n","protected":false},"excerpt":{"rendered":"<p>\u201c\u0130lhan\u2019\u0131n kitab\u0131, bir yan\u0131yla an\u0131, kurgusuyla roman, ger\u00e7eklere dayanmas\u0131yla bilimsel \u00e7al\u0131\u015fma \u00f6zelli\u011fi g\u00f6steriyor. Bu iki \u00f6zelli\u011fin birle\u015fmesiyle somutla\u015fm\u0131\u015f, inand\u0131r\u0131c\u0131l\u0131\u011f\u0131 ve anla\u015f\u0131l\u0131rl\u0131\u011f\u0131 artm\u0131\u015f bir yap\u0131tla kar\u015f\u0131la\u015f\u0131yoruz. Grevden<span class=\"excerpt-hellip\"> [\u2026]<\/span><\/p>\n","protected":false},"featured_media":0,"template":"","meta":{"_monsterinsights_skip_tracking":false,"_monsterinsights_sitenote_active":false,"_monsterinsights_sitenote_note":"","_monsterinsights_sitenote_category":0},"product_brand":[],"product_cat":[12291,12711],"product_tag":[],"class_list":{"0":"post-707282","1":"product","2":"type-product","3":"status-publish","5":"product_cat-edebiyat","6":"product_cat-roman-oyku","7":"pa_cilt-ciltsiz","8":"pa_tur-kitap","9":"pa_yayinevi-kaynak-yayinlari","10":"pa_yazar-celal-ilhan","12":"first","13":"instock","14":"sale","15":"shipping-taxable","16":"purchasable","17":"product-type-simple"},"_links":{"self":[{"href":"https:\/\/roveyayinevi.com.tr\/index.php\/wp-json\/wp\/v2\/product\/707282","targetHints":{"allow":["GET"]}}],"collection":[{"href":"https:\/\/roveyayinevi.com.tr\/index.php\/wp-json\/wp\/v2\/product"}],"about":[{"href":"https:\/\/roveyayinevi.com.tr\/index.php\/wp-json\/wp\/v2\/types\/product"}],"wp:attachment":[{"href":"https:\/\/roveyayinevi.com.tr\/index.php\/wp-json\/wp\/v2\/media?parent=707282"}],"wp:term":[{"taxonomy":"product_brand","embeddable":true,"href":"https:\/\/roveyayinevi.com.tr\/index.php\/wp-json\/wp\/v2\/product_brand?post=707282"},{"taxonomy":"product_cat","embeddable":true,"href":"https:\/\/roveyayinevi.com.tr\/index.php\/wp-json\/wp\/v2\/product_cat?post=707282"},{"taxonomy":"product_tag","embeddable":true,"href":"https:\/\/roveyayinevi.com.tr\/index.php\/wp-json\/wp\/v2\/product_tag?post=707282"}],"curies":[{"name":"wp","href":"https:\/\/api.w.org\/{rel}","templated":true}]}}