{"id":707281,"date":"2025-08-27T16:03:52","date_gmt":"2025-08-27T13:03:52","guid":{"rendered":"https:\/\/roveyayinevi.com.tr\/index.php\/urun\/misirda-sosyalizm\/"},"modified":"2026-04-12T02:18:57","modified_gmt":"2026-04-11T23:18:57","slug":"misirda-sosyalizm","status":"publish","type":"product","link":"https:\/\/roveyayinevi.com.tr\/index.php\/urun\/misirda-sosyalizm\/","title":{"rendered":"M\u0131s\u0131r\u2019da Sosyalizm"},"content":{"rendered":"<p>\u201cBurada toplanan belgeler \u00f6nemlidir ve fakat bu kitap yaln\u0131zca ar\u015fiv belgelerinin a\u00e7\u0131lmas\u0131 i\u00e7in tasarlanmad\u0131. Bu \u00e7al\u0131\u015fma \u00f6zelde M\u0131s\u0131r&#8217;da ve genelde d\u00fcnyan\u0131n geri kalan\u0131nda bulunan g\u00fcn\u00fcm\u00fcz militan akt\u00f6rlerine ula\u015fmak amac\u0131ndad\u0131r. [\u2026] Ancak bu eser yaln\u0131zca M\u0131s\u0131rl\u0131lara ve M\u0131s\u0131r&#8217;a ilgi duyan okuyuculara hitap etmemektedir. Hay\u0131r. Kapsam\u0131 evrenseldir. \u00c7\u00fcnk\u00fc olaylar\u0131n ak\u0131s\u0131n\u0131 (ve belki de tarihin ak\u0131s\u0131n\u0131) de\u011fi\u015ftirmek isteyen sosyal bile\u015fenlerin \u00e7e\u015fitlili\u011fi ile eylem birli\u011fi aras\u0131nda gerekli olan ba\u011fda\u015f\u0131m, ne M\u0131s\u0131r&#8217;a ne de d\u00f6nemimize has bir \u015feydir.19. ve sonra 20. y\u00fczy\u0131l boyunca b\u00fct\u00fcn halklar\u0131n, tarihsel, kapitalizme ve ona ba\u011fl\u0131 emperyalizmin geli\u015fmesiyle kar\u015f\u0131la\u015ft\u0131\u011f\u0131 genel bir durumdur. B\u00f6ylece, kitab\u0131 okurken okuyucu genelden \u00f6zele (M\u0131s\u0131r&#8217;\u0131n durumuna) do\u011fru ilerleyebilecektir. Bu \u00f6zele olan bak\u0131\u015f -somut bir durumun somut analizi- birinci k\u0131s\u0131mdasunulan soyut ifadeye dayal\u0131 at\u0131l\u0131m\u0131n \u00f6n bilgisini olu\u015fturmaktad\u0131r.\u201d<\/p>\n","protected":false},"excerpt":{"rendered":"<p>\u201cBurada toplanan belgeler \u00f6nemlidir ve fakat bu kitap yaln\u0131zca ar\u015fiv belgelerinin a\u00e7\u0131lmas\u0131 i\u00e7in tasarlanmad\u0131. Bu \u00e7al\u0131\u015fma \u00f6zelde M\u0131s\u0131r&#8217;da ve genelde d\u00fcnyan\u0131n geri kalan\u0131nda bulunan g\u00fcn\u00fcm\u00fcz militan<span class=\"excerpt-hellip\"> [\u2026]<\/span><\/p>\n","protected":false},"featured_media":0,"template":"","meta":{"_monsterinsights_skip_tracking":false,"_monsterinsights_sitenote_active":false,"_monsterinsights_sitenote_note":"","_monsterinsights_sitenote_category":0},"product_brand":[],"product_cat":[20085,12337],"product_tag":[],"class_list":{"0":"post-707281","1":"product","2":"type-product","3":"status-publish","5":"product_cat-islam-ortadogu","6":"product_cat-politika-siyaset","7":"pa_cilt-ciltsiz","8":"pa_tur-kitap","9":"pa_yayinevi-kaynak-yayinlari","10":"pa_yazar-samir-amin","12":"first","13":"instock","14":"sale","15":"shipping-taxable","16":"purchasable","17":"product-type-simple"},"_links":{"self":[{"href":"https:\/\/roveyayinevi.com.tr\/index.php\/wp-json\/wp\/v2\/product\/707281","targetHints":{"allow":["GET"]}}],"collection":[{"href":"https:\/\/roveyayinevi.com.tr\/index.php\/wp-json\/wp\/v2\/product"}],"about":[{"href":"https:\/\/roveyayinevi.com.tr\/index.php\/wp-json\/wp\/v2\/types\/product"}],"wp:attachment":[{"href":"https:\/\/roveyayinevi.com.tr\/index.php\/wp-json\/wp\/v2\/media?parent=707281"}],"wp:term":[{"taxonomy":"product_brand","embeddable":true,"href":"https:\/\/roveyayinevi.com.tr\/index.php\/wp-json\/wp\/v2\/product_brand?post=707281"},{"taxonomy":"product_cat","embeddable":true,"href":"https:\/\/roveyayinevi.com.tr\/index.php\/wp-json\/wp\/v2\/product_cat?post=707281"},{"taxonomy":"product_tag","embeddable":true,"href":"https:\/\/roveyayinevi.com.tr\/index.php\/wp-json\/wp\/v2\/product_tag?post=707281"}],"curies":[{"name":"wp","href":"https:\/\/api.w.org\/{rel}","templated":true}]}}