{"id":707279,"date":"2025-08-27T16:03:51","date_gmt":"2025-08-27T13:03:51","guid":{"rendered":"https:\/\/roveyayinevi.com.tr\/index.php\/urun\/dalgalar-2\/"},"modified":"2026-04-16T02:16:13","modified_gmt":"2026-04-15T23:16:13","slug":"dalgalar-2","status":"publish","type":"product","link":"https:\/\/roveyayinevi.com.tr\/index.php\/urun\/dalgalar-2\/","title":{"rendered":"Dalgalar"},"content":{"rendered":"<p>Woolf 1920\u2019lerin ortalar\u0131nda Dalgalar\u2019\u0131 tasarlarken ortaya \u00e7\u0131kacak roman\u0131n benzeri g\u00f6r\u00fclmemi\u015f bir \u201cmelez\u201d olaca\u011f\u0131ndan emindi. \u015eiirin co\u015fkunlu\u011fuyla nesrin s\u0131radanl\u0131\u011f\u0131n\u0131 kayna\u015ft\u0131ran soyut ve gizemli bir yap\u0131t, bir \u201coyun\u015fiir\u201d, olay \u00f6rg\u00fcs\u00fc yerine ritimle yaz\u0131lm\u0131\u015f \u201cyepyeni t\u00fcrde bir kitap\u201d vard\u0131 akl\u0131nda. Bir\u00e7ok ki\u015fi taraf\u0131ndan yazar\u0131n en b\u00fcy\u00fck ba\u015far\u0131s\u0131 olarak g\u00f6r\u00fclen Dalgalar, alt\u0131 arkada\u015f\u0131n \u00e7ocukluktan orta ya\u015fa dek ya\u015famlar\u0131n\u0131n; onlar\u0131 ku\u015fatan d\u00fcnyay\u0131 alg\u0131lay\u0131\u015flar\u0131n\u0131n ve kim olduklar\u0131n\u0131 ke\u015ffedi\u015flerinin izini s\u00fcrer. <\/p>\n","protected":false},"excerpt":{"rendered":"<p>Woolf 1920\u2019lerin ortalar\u0131nda Dalgalar\u2019\u0131 tasarlarken ortaya \u00e7\u0131kacak roman\u0131n benzeri g\u00f6r\u00fclmemi\u015f bir \u201cmelez\u201d olaca\u011f\u0131ndan emindi. \u015eiirin co\u015fkunlu\u011fuyla nesrin s\u0131radanl\u0131\u011f\u0131n\u0131 kayna\u015ft\u0131ran soyut ve gizemli bir yap\u0131t, bir \u201coyun\u015fiir\u201d,<span class=\"excerpt-hellip\"> [\u2026]<\/span><\/p>\n","protected":false},"featured_media":0,"template":"","meta":{"_monsterinsights_skip_tracking":false,"_monsterinsights_sitenote_active":false,"_monsterinsights_sitenote_note":"","_monsterinsights_sitenote_category":0},"product_brand":[],"product_cat":[12291,26797],"product_tag":[],"class_list":{"0":"post-707279","1":"product","2":"type-product","3":"status-publish","5":"product_cat-edebiyat","6":"product_cat-modern-klasikler","7":"pa_cilt-ciltsiz","8":"pa_tur-kitap","9":"pa_yayinevi-is-bankasi-kultur-yayinlari","10":"pa_yazar-virginia-woolf","12":"first","13":"instock","14":"sale","15":"shipping-taxable","16":"purchasable","17":"product-type-simple"},"_links":{"self":[{"href":"https:\/\/roveyayinevi.com.tr\/index.php\/wp-json\/wp\/v2\/product\/707279","targetHints":{"allow":["GET"]}}],"collection":[{"href":"https:\/\/roveyayinevi.com.tr\/index.php\/wp-json\/wp\/v2\/product"}],"about":[{"href":"https:\/\/roveyayinevi.com.tr\/index.php\/wp-json\/wp\/v2\/types\/product"}],"wp:attachment":[{"href":"https:\/\/roveyayinevi.com.tr\/index.php\/wp-json\/wp\/v2\/media?parent=707279"}],"wp:term":[{"taxonomy":"product_brand","embeddable":true,"href":"https:\/\/roveyayinevi.com.tr\/index.php\/wp-json\/wp\/v2\/product_brand?post=707279"},{"taxonomy":"product_cat","embeddable":true,"href":"https:\/\/roveyayinevi.com.tr\/index.php\/wp-json\/wp\/v2\/product_cat?post=707279"},{"taxonomy":"product_tag","embeddable":true,"href":"https:\/\/roveyayinevi.com.tr\/index.php\/wp-json\/wp\/v2\/product_tag?post=707279"}],"curies":[{"name":"wp","href":"https:\/\/api.w.org\/{rel}","templated":true}]}}