{"id":707277,"date":"2025-08-27T16:03:50","date_gmt":"2025-08-27T13:03:50","guid":{"rendered":"https:\/\/roveyayinevi.com.tr\/index.php\/urun\/batman-superman-cilt-2-oyun-bitti\/"},"modified":"2026-04-16T02:16:13","modified_gmt":"2026-04-15T23:16:13","slug":"batman-superman-cilt-2-oyun-bitti","status":"publish","type":"product","link":"https:\/\/roveyayinevi.com.tr\/index.php\/urun\/batman-superman-cilt-2-oyun-bitti\/","title":{"rendered":"Batman &#8211; S\u00fcperman Cilt 2 &#8211; Oyun Bitti"},"content":{"rendered":"<p>Gelecek neslin en b\u00fcy\u00fck video oyunu projesi bir uzayl\u0131 teknolojisi taraf\u0131ndan ele ge\u00e7irildi\u011finde Batman ile Superman&#8217;in bedenleri oyun avatarlar\u0131na d\u00f6n\u00fc\u015f\u00fcp oyuncular\u0131n uzaktan kontrol\u00fcne a\u00e7\u0131k hale gelir. Kripton&#8217;un o\u011flu ve Gotham&#8217;\u0131n yarasas\u0131 zaman\u0131nda oyuncular\u0131n \u00fcstesinden gelmeyi ba\u015fararak, d\u00fcnyalar\u0131 fetheden istilac\u0131 uzayl\u0131 Mongul&#8217;u durdurabilecekler mi? Daha sonras\u0131nda ise paralel bir D\u00fcnya&#8217;da kendi Batman&#8217;inin ve Superman&#8217;inin yan\u0131nda m\u00fccadele ederek yeti\u015fmi\u015f Power Girl ile Huntress D\u00fcnya&#8217;m\u0131z\u0131n en b\u00fcy\u00fck kahramanlar\u0131na s\u0131\u011f\u0131n\u0131rlar. Ancak daha ilk kar\u015f\u0131la\u015fmalar\u0131nda farkl\u0131 d\u00fcnyalar \u00e7arp\u0131\u015facakt\u0131r! (Tan\u0131t\u0131m B\u00fclteninden)<\/p>\n","protected":false},"excerpt":{"rendered":"<p>Gelecek neslin en b\u00fcy\u00fck video oyunu projesi bir uzayl\u0131 teknolojisi taraf\u0131ndan ele ge\u00e7irildi\u011finde Batman ile Superman&#8217;in bedenleri oyun avatarlar\u0131na d\u00f6n\u00fc\u015f\u00fcp oyuncular\u0131n uzaktan kontrol\u00fcne a\u00e7\u0131k hale gelir.<span class=\"excerpt-hellip\"> [\u2026]<\/span><\/p>\n","protected":false},"featured_media":0,"template":"","meta":{"_monsterinsights_skip_tracking":false,"_monsterinsights_sitenote_active":false,"_monsterinsights_sitenote_note":"","_monsterinsights_sitenote_category":0},"product_brand":[],"product_cat":[12416,12291],"product_tag":[],"class_list":{"0":"post-707277","1":"product","2":"type-product","3":"status-publish","5":"product_cat-cizgi-roman","6":"product_cat-edebiyat","7":"pa_cilt-ciltsiz","8":"pa_tur-kitap","9":"pa_yayinevi-jbc-yayincilik","10":"pa_yazar-greg-pak","12":"first","13":"instock","14":"sale","15":"shipping-taxable","16":"purchasable","17":"product-type-simple"},"_links":{"self":[{"href":"https:\/\/roveyayinevi.com.tr\/index.php\/wp-json\/wp\/v2\/product\/707277","targetHints":{"allow":["GET"]}}],"collection":[{"href":"https:\/\/roveyayinevi.com.tr\/index.php\/wp-json\/wp\/v2\/product"}],"about":[{"href":"https:\/\/roveyayinevi.com.tr\/index.php\/wp-json\/wp\/v2\/types\/product"}],"wp:attachment":[{"href":"https:\/\/roveyayinevi.com.tr\/index.php\/wp-json\/wp\/v2\/media?parent=707277"}],"wp:term":[{"taxonomy":"product_brand","embeddable":true,"href":"https:\/\/roveyayinevi.com.tr\/index.php\/wp-json\/wp\/v2\/product_brand?post=707277"},{"taxonomy":"product_cat","embeddable":true,"href":"https:\/\/roveyayinevi.com.tr\/index.php\/wp-json\/wp\/v2\/product_cat?post=707277"},{"taxonomy":"product_tag","embeddable":true,"href":"https:\/\/roveyayinevi.com.tr\/index.php\/wp-json\/wp\/v2\/product_tag?post=707277"}],"curies":[{"name":"wp","href":"https:\/\/api.w.org\/{rel}","templated":true}]}}