{"id":707274,"date":"2025-08-27T16:03:48","date_gmt":"2025-08-27T13:03:48","guid":{"rendered":"https:\/\/roveyayinevi.com.tr\/index.php\/urun\/alternatif-ve-aktivist-yeni-medya\/"},"modified":"2026-04-16T02:15:47","modified_gmt":"2026-04-15T23:15:47","slug":"alternatif-ve-aktivist-yeni-medya","status":"publish","type":"product","link":"https:\/\/roveyayinevi.com.tr\/index.php\/urun\/alternatif-ve-aktivist-yeni-medya\/","title":{"rendered":"Alternatif ve Aktivist Yeni Medya"},"content":{"rendered":"<p>Alternatif ve Aktivist Yeni Medya, t\u00fcm d\u00fcnyadaki aktivistlerin, sanat\u00e7\u0131lar\u0131n ve yurtta\u015f gruplar\u0131n\u0131n g\u00f6r\u00fcn\u00fcrl\u00fck ve g\u00fc\u00e7 kazanmak, alternatif veya marjinal g\u00f6r\u00fc\u015fler sunmak, kendi Kendin Yap (DIY) enformasyon sistemlerini ve i\u00e7eriklerini payla\u015fmak ve di\u011fer taraftan egemen medya k\u00fclt\u00fcr\u00fcne direnmek, itiraz etmek ya da kar\u015f\u0131 koymak i\u00e7in yeni medya ve enformasyon teknolojilerini ne \u015fekillerde kulland\u0131\u011f\u0131na ili\u015fkin zengin ve genel bir bak\u0131\u015f sa\u011fl\u0131yor. G\u00fcn\u00fcm\u00fczde, medya k\u00fclt\u00fcr\u00fcn\u00fcn ana ak\u0131m \u201cmerkezi\u201d ile interaktif, kat\u0131l\u0131mc\u0131 \u201cu\u00e7lar\u0131\u201d aras\u0131ndaki ili\u015fki; enformasyon, i\u00e7erik ve sistem tasar\u0131m\u0131n elde edilmesi, belirlenmesi ve alt\u00fcst edilmesine y\u00f6nelik canl\u0131 ve m\u00fccadeleci bir d\u00f6ng\u00fcn\u00fcn izini ta\u015f\u0131yor.Alternatif ve aktivist yeni medya projelerinin be\u015f ana bi\u00e7imi, geleneksel medya bi\u00e7imlerinden ve i\u00e7eri\u011finden ayr\u0131lan \u00f6zellikleriyle birlikte sunuluyor. Kitap, bu projelerin, alternatif medyadaki, toplumsal hareketlerdeki ve aktivist sanattaki tarihsel k\u00f6klerine, en \u00f6nemli \u00f6rnek olay incelemelerinin analizleri ve ilgili elektronik kaynaklar\u0131n ba\u011flant\u0131lar\u0131 ile birlikte ke\u015ffe \u00e7\u0131k\u0131yor. Alternatif ve Aktivist Yeni Medya, yeni medya ve toplum \u00fczerine t\u00fcm dersler i\u00e7in kullan\u0131\u015fl\u0131 bir kaynak ve yeni medya aktivizmiyle ilgilenen okuyucular i\u00e7in temel bir kitap olacakt\u0131r.Leah A. Lievrouw Kaliforniya \u00dcniversitesi, Enformasyon \u00c7al\u0131\u015fmalar\u0131 B\u00f6l\u00fcm\u00fc profes\u00f6r\u00fcd\u00fcr.<\/p>\n","protected":false},"excerpt":{"rendered":"<p>Alternatif ve Aktivist Yeni Medya, t\u00fcm d\u00fcnyadaki aktivistlerin, sanat\u00e7\u0131lar\u0131n ve yurtta\u015f gruplar\u0131n\u0131n g\u00f6r\u00fcn\u00fcrl\u00fck ve g\u00fc\u00e7 kazanmak, alternatif veya marjinal g\u00f6r\u00fc\u015fler sunmak, kendi Kendin Yap (DIY) enformasyon<span class=\"excerpt-hellip\"> [\u2026]<\/span><\/p>\n","protected":false},"featured_media":0,"template":"","meta":{"_monsterinsights_skip_tracking":false,"_monsterinsights_sitenote_active":false,"_monsterinsights_sitenote_note":"","_monsterinsights_sitenote_category":0},"product_brand":[],"product_cat":[15983,13488],"product_tag":[],"class_list":{"0":"post-707274","1":"product","2":"type-product","3":"status-publish","5":"product_cat-iletisim-ve-medya","6":"product_cat-toplum-ve-insan","7":"pa_cilt-ciltsiz","8":"pa_tur-kitap","9":"pa_yayinevi-kafka-yayinevi","10":"pa_yazar-kolektif","12":"first","13":"instock","14":"sale","15":"shipping-taxable","16":"purchasable","17":"product-type-simple"},"_links":{"self":[{"href":"https:\/\/roveyayinevi.com.tr\/index.php\/wp-json\/wp\/v2\/product\/707274","targetHints":{"allow":["GET"]}}],"collection":[{"href":"https:\/\/roveyayinevi.com.tr\/index.php\/wp-json\/wp\/v2\/product"}],"about":[{"href":"https:\/\/roveyayinevi.com.tr\/index.php\/wp-json\/wp\/v2\/types\/product"}],"wp:attachment":[{"href":"https:\/\/roveyayinevi.com.tr\/index.php\/wp-json\/wp\/v2\/media?parent=707274"}],"wp:term":[{"taxonomy":"product_brand","embeddable":true,"href":"https:\/\/roveyayinevi.com.tr\/index.php\/wp-json\/wp\/v2\/product_brand?post=707274"},{"taxonomy":"product_cat","embeddable":true,"href":"https:\/\/roveyayinevi.com.tr\/index.php\/wp-json\/wp\/v2\/product_cat?post=707274"},{"taxonomy":"product_tag","embeddable":true,"href":"https:\/\/roveyayinevi.com.tr\/index.php\/wp-json\/wp\/v2\/product_tag?post=707274"}],"curies":[{"name":"wp","href":"https:\/\/api.w.org\/{rel}","templated":true}]}}