{"id":707271,"date":"2025-08-27T16:03:47","date_gmt":"2025-08-27T13:03:47","guid":{"rendered":"https:\/\/roveyayinevi.com.tr\/index.php\/urun\/dunyanin-en-talihli-vapuru\/"},"modified":"2026-04-16T02:15:47","modified_gmt":"2026-04-15T23:15:47","slug":"dunyanin-en-talihli-vapuru","status":"publish","type":"product","link":"https:\/\/roveyayinevi.com.tr\/index.php\/urun\/dunyanin-en-talihli-vapuru\/","title":{"rendered":"D\u00fcnyan\u0131n En Talihli Vapuru"},"content":{"rendered":"<p>Her \u015fey annemle babam\u0131n Ku\u015f Cenneti\u2019ne giderken beni nineme b\u0131rakmalar\u0131yla ba\u015flad\u0131. Ninemi dokuz y\u0131ld\u0131r g\u00f6rmemi\u015ftim. On bir ya\u015f\u0131nda oldu\u011fuma g\u00f6re, kendisiyle tan\u0131\u015f\u0131kl\u0131\u011f\u0131m iki ya\u015f\u0131ma denk geliyordu. Yani pratikte onu hi\u00e7 g\u00f6rmemi\u015f say\u0131l\u0131rd\u0131m. Bu durum beni \u00e7ok endi\u015felendirmi\u015fti. Ancak birka\u00e7 g\u00fcn i\u00e7inde ninemin d\u00fcnyan\u0131n en e\u011flenceli, en ak\u0131ll\u0131, en iyi kalpli, k\u0131sacas\u0131 en m\u00fcthi\u015f insan\u0131 oldu\u011fu ortaya \u00e7\u0131kt\u0131. Ninemle yelken a\u00e7t\u0131\u011f\u0131m\u0131z birbirinden e\u011flenceli maceralara sizi de beklerim.<\/p>\n","protected":false},"excerpt":{"rendered":"<p>Her \u015fey annemle babam\u0131n Ku\u015f Cenneti\u2019ne giderken beni nineme b\u0131rakmalar\u0131yla ba\u015flad\u0131. Ninemi dokuz y\u0131ld\u0131r g\u00f6rmemi\u015ftim. On bir ya\u015f\u0131nda oldu\u011fuma g\u00f6re, kendisiyle tan\u0131\u015f\u0131kl\u0131\u011f\u0131m iki ya\u015f\u0131ma denk geliyordu.<span class=\"excerpt-hellip\"> [\u2026]<\/span><\/p>\n","protected":false},"featured_media":0,"template":"","meta":{"_monsterinsights_skip_tracking":false,"_monsterinsights_sitenote_active":false,"_monsterinsights_sitenote_note":"","_monsterinsights_sitenote_category":0},"product_brand":[],"product_cat":[12275,12274],"product_tag":[],"class_list":{"0":"post-707271","1":"product","2":"type-product","3":"status-publish","5":"product_cat-6-12-yas-kitaplari","6":"product_cat-cocuk-ve-genclik-kitaplari","7":"pa_cilt-ciltsiz","8":"pa_tur-kitap","9":"pa_yayinevi-is-bankasi-kultur-yayinlari","10":"pa_yazar-gamze-surcan","12":"first","13":"instock","14":"sale","15":"shipping-taxable","16":"purchasable","17":"product-type-simple"},"_links":{"self":[{"href":"https:\/\/roveyayinevi.com.tr\/index.php\/wp-json\/wp\/v2\/product\/707271","targetHints":{"allow":["GET"]}}],"collection":[{"href":"https:\/\/roveyayinevi.com.tr\/index.php\/wp-json\/wp\/v2\/product"}],"about":[{"href":"https:\/\/roveyayinevi.com.tr\/index.php\/wp-json\/wp\/v2\/types\/product"}],"wp:attachment":[{"href":"https:\/\/roveyayinevi.com.tr\/index.php\/wp-json\/wp\/v2\/media?parent=707271"}],"wp:term":[{"taxonomy":"product_brand","embeddable":true,"href":"https:\/\/roveyayinevi.com.tr\/index.php\/wp-json\/wp\/v2\/product_brand?post=707271"},{"taxonomy":"product_cat","embeddable":true,"href":"https:\/\/roveyayinevi.com.tr\/index.php\/wp-json\/wp\/v2\/product_cat?post=707271"},{"taxonomy":"product_tag","embeddable":true,"href":"https:\/\/roveyayinevi.com.tr\/index.php\/wp-json\/wp\/v2\/product_tag?post=707271"}],"curies":[{"name":"wp","href":"https:\/\/api.w.org\/{rel}","templated":true}]}}