{"id":707269,"date":"2025-08-27T16:03:46","date_gmt":"2025-08-27T13:03:46","guid":{"rendered":"https:\/\/roveyayinevi.com.tr\/index.php\/urun\/efendi-ile-usagi\/"},"modified":"2026-04-16T02:15:47","modified_gmt":"2026-04-15T23:15:47","slug":"efendi-ile-usagi","status":"publish","type":"product","link":"https:\/\/roveyayinevi.com.tr\/index.php\/urun\/efendi-ile-usagi\/","title":{"rendered":"Efendi ile U\u015fa\u011f\u0131"},"content":{"rendered":"<p>Lev Nikolayevi\u00e7 Tolstoy (1828-1910):Anna Karenina, Sava\u015f ve Bar\u0131\u015f, Dirili\u015f\u2019in b\u00fcy\u00fck yazar\u0131, ya\u015fam\u0131n\u0131n son otuz y\u0131l\u0131nda kendini insan, aile, din, devlet, toplum, \u00f6zg\u00fcrl\u00fck, boyun e\u011fme, ba\u015fkald\u0131rma, sanat ve estetik konular\u0131nda kuramsal \u00e7al\u0131\u015fmalara da verdi. Bu d\u00f6nemde yazd\u0131\u011f\u0131 roman ve \u00f6yk\u00fclerinde y\u0131llarca \u00fczerinde d\u00fc\u015f\u00fcnd\u00fc\u011f\u00fc insanl\u0131k sorunlar\u0131n\u0131 edebi bir kurguyla ele ald\u0131. Tolstoy, yar\u0131 otobiyografik denebilecek \u00fc\u00e7lemesinin (\u00c7ocukluk, \u0130lkgen\u00e7lik, Gen\u00e7lik) devam\u0131 say\u0131labilecek Bir Toprak Sahibinin Sabah\u0131\u2019nda gen\u00e7 bir toprak sahibinin k\u00f6yl\u00fclerle ili\u015fkilerini, t\u00fcm iyi niyetine ra\u011fmen cehalet ve g\u00fcvensizlikten kaynaklanan g\u00fc\u00e7l\u00fcklerle y\u00fczle\u015fmek zorunda kalmas\u0131n\u0131 son derece \u00e7arp\u0131c\u0131 bir dille aktar\u0131r. \ufffcTan\u0131t\u0131m Metni<\/p>\n","protected":false},"excerpt":{"rendered":"<p>Lev Nikolayevi\u00e7 Tolstoy (1828-1910):Anna Karenina, Sava\u015f ve Bar\u0131\u015f, Dirili\u015f\u2019in b\u00fcy\u00fck yazar\u0131, ya\u015fam\u0131n\u0131n son otuz y\u0131l\u0131nda kendini insan, aile, din, devlet, toplum, \u00f6zg\u00fcrl\u00fck, boyun e\u011fme, ba\u015fkald\u0131rma, sanat<span class=\"excerpt-hellip\"> [\u2026]<\/span><\/p>\n","protected":false},"featured_media":0,"template":"","meta":{"_monsterinsights_skip_tracking":false,"_monsterinsights_sitenote_active":false,"_monsterinsights_sitenote_note":"","_monsterinsights_sitenote_category":0},"product_brand":[],"product_cat":[12291,13570],"product_tag":[],"class_list":{"0":"post-707269","1":"product","2":"type-product","3":"status-publish","5":"product_cat-edebiyat","6":"product_cat-rus-edebiyati","7":"pa_cilt-ciltsiz","8":"pa_tur-kitap","9":"pa_yayinevi-is-bankasi-kultur-yayinlari","10":"pa_yazar-lev-nikolayevic-tolstoy","12":"first","13":"instock","14":"sale","15":"shipping-taxable","16":"purchasable","17":"product-type-simple"},"_links":{"self":[{"href":"https:\/\/roveyayinevi.com.tr\/index.php\/wp-json\/wp\/v2\/product\/707269","targetHints":{"allow":["GET"]}}],"collection":[{"href":"https:\/\/roveyayinevi.com.tr\/index.php\/wp-json\/wp\/v2\/product"}],"about":[{"href":"https:\/\/roveyayinevi.com.tr\/index.php\/wp-json\/wp\/v2\/types\/product"}],"wp:attachment":[{"href":"https:\/\/roveyayinevi.com.tr\/index.php\/wp-json\/wp\/v2\/media?parent=707269"}],"wp:term":[{"taxonomy":"product_brand","embeddable":true,"href":"https:\/\/roveyayinevi.com.tr\/index.php\/wp-json\/wp\/v2\/product_brand?post=707269"},{"taxonomy":"product_cat","embeddable":true,"href":"https:\/\/roveyayinevi.com.tr\/index.php\/wp-json\/wp\/v2\/product_cat?post=707269"},{"taxonomy":"product_tag","embeddable":true,"href":"https:\/\/roveyayinevi.com.tr\/index.php\/wp-json\/wp\/v2\/product_tag?post=707269"}],"curies":[{"name":"wp","href":"https:\/\/api.w.org\/{rel}","templated":true}]}}