{"id":707266,"date":"2025-08-27T16:03:44","date_gmt":"2025-08-27T13:03:44","guid":{"rendered":"https:\/\/roveyayinevi.com.tr\/index.php\/urun\/dijital-fotograf-akademisi-2\/"},"modified":"2026-04-16T02:15:47","modified_gmt":"2026-04-15T23:15:47","slug":"dijital-fotograf-akademisi-2","status":"publish","type":"product","link":"https:\/\/roveyayinevi.com.tr\/index.php\/urun\/dijital-fotograf-akademisi-2\/","title":{"rendered":"Dijital Foto\u011fraf Akademisi &#8211; 2"},"content":{"rendered":"<p>Do\u011fan\u0131n g\u00fczelli\u011fi ve \u00e7e\u015fitlili\u011fi resim sanat\u0131n\u0131 etkiledi\u011fi kadar foto\u011fraf sanat\u0131n\u0131 da etkilemi\u015ftir. \u0130ster amat\u00f6r ister profesyonel olsun her foto\u011fraf\u00e7\u0131 gizemli bir \u0131\u015f\u0131kla ayd\u0131nlat\u0131lm\u0131\u015f o muhte\u015fem do\u011fa manzaralar\u0131n\u0131 foto\u011frafa aktarmak ister.Prof. Dr. \u00d6zer Kanburo\u011flu (AFIAP), Dijital Foto\u011fraf Akademisi serisinin ikinci kitab\u0131 olan Manzara Foto\u011fraflar\u0131 Nas\u0131l \u00c7ekilir? ile manzara foto\u011fraf\u0131 \u00e7ekimlerinin temel \u00f6zelliklerine ve teknik anlamda dikkat edilmesi gereken t\u00fcm konulara de\u011finerek her d\u00fczeydeki foto\u011fraf\u00e7\u0131n\u0131n anlay\u0131p uygulayabilece\u011fi ipu\u00e7lar\u0131 sunuyor.I\u015f\u0131k ve alan derinli\u011fi nas\u0131l kontrol edilir? S\u0131n\u0131rs\u0131z netlik tekni\u011fi nas\u0131l uygulan\u0131r? Bak\u0131\u015f noktas\u0131 ve objektif odak uzakl\u0131\u011f\u0131 nas\u0131l se\u00e7ilir? Kompozisyon kurulurken hangi noktalar g\u00f6z \u00f6n\u00fcnde bulundurulur? G\u00fcnd\u00f6n\u00fcm\u00fc ve kar manzaras\u0131 foto\u011fraflar\u0131 \u00e7ekme teknikleri nelerdir? Uzun pozland\u0131rma \/ K\u0131z\u0131l\u00f6tesi \/ HDR tekni\u011fi foto\u011fraflar\u0131 nas\u0131l \u00e7ekilir? \u00c7ekim sonras\u0131 foto\u011fraflar nas\u0131l i\u015flenir? T\u00fcm bu sorular\u0131n cevab\u0131 ve daha fazlas\u0131, \u00f6rnek foto\u011fraflarla bu kitapta. <\/p>\n","protected":false},"excerpt":{"rendered":"<p>Do\u011fan\u0131n g\u00fczelli\u011fi ve \u00e7e\u015fitlili\u011fi resim sanat\u0131n\u0131 etkiledi\u011fi kadar foto\u011fraf sanat\u0131n\u0131 da etkilemi\u015ftir. \u0130ster amat\u00f6r ister profesyonel olsun her foto\u011fraf\u00e7\u0131 gizemli bir \u0131\u015f\u0131kla ayd\u0131nlat\u0131lm\u0131\u015f o muhte\u015fem do\u011fa<span class=\"excerpt-hellip\"> [\u2026]<\/span><\/p>\n","protected":false},"featured_media":0,"template":"","meta":{"_monsterinsights_skip_tracking":false,"_monsterinsights_sitenote_active":false,"_monsterinsights_sitenote_note":"","_monsterinsights_sitenote_category":0},"product_brand":[],"product_cat":[12409,12408],"product_tag":[],"class_list":{"0":"post-707266","1":"product","2":"type-product","3":"status-publish","5":"product_cat-fotograf-sinema-tiyatro","6":"product_cat-sanat","7":"pa_cilt-ciltsiz","8":"pa_tur-kitap","9":"pa_yayinevi-inkilap-kitabevi","10":"pa_yazar-ozer-kanburoglu","12":"first","13":"instock","14":"sale","15":"shipping-taxable","16":"purchasable","17":"product-type-simple"},"_links":{"self":[{"href":"https:\/\/roveyayinevi.com.tr\/index.php\/wp-json\/wp\/v2\/product\/707266","targetHints":{"allow":["GET"]}}],"collection":[{"href":"https:\/\/roveyayinevi.com.tr\/index.php\/wp-json\/wp\/v2\/product"}],"about":[{"href":"https:\/\/roveyayinevi.com.tr\/index.php\/wp-json\/wp\/v2\/types\/product"}],"wp:attachment":[{"href":"https:\/\/roveyayinevi.com.tr\/index.php\/wp-json\/wp\/v2\/media?parent=707266"}],"wp:term":[{"taxonomy":"product_brand","embeddable":true,"href":"https:\/\/roveyayinevi.com.tr\/index.php\/wp-json\/wp\/v2\/product_brand?post=707266"},{"taxonomy":"product_cat","embeddable":true,"href":"https:\/\/roveyayinevi.com.tr\/index.php\/wp-json\/wp\/v2\/product_cat?post=707266"},{"taxonomy":"product_tag","embeddable":true,"href":"https:\/\/roveyayinevi.com.tr\/index.php\/wp-json\/wp\/v2\/product_tag?post=707266"}],"curies":[{"name":"wp","href":"https:\/\/api.w.org\/{rel}","templated":true}]}}