{"id":707265,"date":"2025-08-27T16:03:44","date_gmt":"2025-08-27T13:03:44","guid":{"rendered":"https:\/\/roveyayinevi.com.tr\/index.php\/urun\/2-dunya-savasinda-kibris\/"},"modified":"2026-04-16T02:15:47","modified_gmt":"2026-04-15T23:15:47","slug":"2-dunya-savasinda-kibris","status":"publish","type":"product","link":"https:\/\/roveyayinevi.com.tr\/index.php\/urun\/2-dunya-savasinda-kibris\/","title":{"rendered":"2. D\u00fcnya Sava\u015f\u0131&#8217;nda K\u0131br\u0131s"},"content":{"rendered":"<p>2. D\u00fcnya Sava\u015f\u0131\u2019nda K\u0131br\u0131s, K\u0131br\u0131s\u2019taki siyasi ya\u015fam\u0131n \u0130kinci D\u00fcnya Sava\u015f\u0131\u2019nda yeniden \u015fekil al\u0131\u015f\u0131n\u0131 ele almaktad\u0131r.B\u00fcy\u00fck Ekim 1931 ayaklanmalar\u0131ndan (Oktovriana) sonra, \u0130ngilizler dayan\u0131kl\u0131 ve kal\u0131c\u0131 bir otoriter rejim kurma giri\u015fiminde bulunmu\u015flard\u0131, ancak artan i\u00e7 ve d\u0131\u015f sava\u015f bask\u0131lar\u0131 bu giri\u015fimin ba\u015far\u0131l\u0131 olmas\u0131na engel olmu\u015ftu. Sava\u015f\u0131n ba\u015flamas\u0131yla birlikte s\u00f6m\u00fcrge y\u00f6netimi 1930\u2019larda uygulamaya koydu\u011fu bask\u0131c\u0131 yasalar\u0131n \u00e7o\u011fundan feragat etmek zorunda kalm\u0131\u015f ve K\u0131br\u0131s\u2019ta sava\u015f d\u00f6nemi s\u0131ras\u0131nda olu\u015fan daha liberal atmosfer yeni siyasi partilerin ortaya \u00e7\u0131kmas\u0131na yol a\u00e7m\u0131\u015ft\u0131. Sava\u015f s\u0131ras\u0131nda K\u0131br\u0131s\u2019ta ortaya \u00e7\u0131kan en \u00f6nemli siyasi parti solcu Akel\u2019di ve partinin K\u0131br\u0131s sa\u011f\u0131 ve \u0130ngiliz s\u00f6m\u00fcrge idaresiyle i\u00e7inde oldu\u011fu ili\u015fki \u00fc\u00e7geni adan\u0131n 1945 sonras\u0131 siyasetinde hayati bir rol oynayacakt\u0131.Bu kitap, sendika hareketi ve Akel\u2019in birlikte adada sa\u011f\u0131n b\u00f6l\u00fcnmez kuvvetine meydan okudu\u011fu bir ortamda K\u0131br\u0131s solunun sava\u015f d\u00f6neminde kendini bulu\u015funu ve Ba\u015fpiskopos Vekili Leontios\u2019un ki\u015fili\u011fi ve di\u011fer fig\u00fcrlerle bu d\u00f6nemdeki ili\u015fkilerinin adan\u0131n \u00e7alkant\u0131l\u0131 sava\u015f siyaseti \u00fczerinde yaratt\u0131\u011f\u0131 etkiyi ortaya koymaktad\u0131r. Enosis hareketi \u00f6zellikle mercek alt\u0131na al\u0131nm\u0131\u015f, bu ulusal gayenin s\u00f6m\u00fcrge idaresi ile Enosis\u2019in en ate\u015fli destek\u00e7ileri (Ortodoks Kilisesi ve K\u0131br\u0131s solu) aras\u0131nda yaratt\u0131\u011f\u0131 s\u00fcrt\u00fc\u015fme aktar\u0131lm\u0131\u015ft\u0131r.<\/p>\n","protected":false},"excerpt":{"rendered":"<p>2. D\u00fcnya Sava\u015f\u0131\u2019nda K\u0131br\u0131s, K\u0131br\u0131s\u2019taki siyasi ya\u015fam\u0131n \u0130kinci D\u00fcnya Sava\u015f\u0131\u2019nda yeniden \u015fekil al\u0131\u015f\u0131n\u0131 ele almaktad\u0131r.B\u00fcy\u00fck Ekim 1931 ayaklanmalar\u0131ndan (Oktovriana) sonra, \u0130ngilizler dayan\u0131kl\u0131 ve kal\u0131c\u0131 bir otoriter<span class=\"excerpt-hellip\"> [\u2026]<\/span><\/p>\n","protected":false},"featured_media":0,"template":"","meta":{"_monsterinsights_skip_tracking":false,"_monsterinsights_sitenote_active":false,"_monsterinsights_sitenote_note":"","_monsterinsights_sitenote_category":0},"product_brand":[],"product_cat":[12370,12304],"product_tag":[],"class_list":{"0":"post-707265","1":"product","2":"type-product","3":"status-publish","5":"product_cat-arastirma-inceleme","6":"product_cat-tarih","7":"pa_cilt-ciltsiz","8":"pa_tur-kitap","9":"pa_yayinevi-kalkedon-yayincilik","10":"pa_yazar-anastasia-yiangou","12":"first","13":"instock","14":"sale","15":"shipping-taxable","16":"purchasable","17":"product-type-simple"},"_links":{"self":[{"href":"https:\/\/roveyayinevi.com.tr\/index.php\/wp-json\/wp\/v2\/product\/707265","targetHints":{"allow":["GET"]}}],"collection":[{"href":"https:\/\/roveyayinevi.com.tr\/index.php\/wp-json\/wp\/v2\/product"}],"about":[{"href":"https:\/\/roveyayinevi.com.tr\/index.php\/wp-json\/wp\/v2\/types\/product"}],"wp:attachment":[{"href":"https:\/\/roveyayinevi.com.tr\/index.php\/wp-json\/wp\/v2\/media?parent=707265"}],"wp:term":[{"taxonomy":"product_brand","embeddable":true,"href":"https:\/\/roveyayinevi.com.tr\/index.php\/wp-json\/wp\/v2\/product_brand?post=707265"},{"taxonomy":"product_cat","embeddable":true,"href":"https:\/\/roveyayinevi.com.tr\/index.php\/wp-json\/wp\/v2\/product_cat?post=707265"},{"taxonomy":"product_tag","embeddable":true,"href":"https:\/\/roveyayinevi.com.tr\/index.php\/wp-json\/wp\/v2\/product_tag?post=707265"}],"curies":[{"name":"wp","href":"https:\/\/api.w.org\/{rel}","templated":true}]}}