{"id":707260,"date":"2025-08-27T16:03:41","date_gmt":"2025-08-27T13:03:41","guid":{"rendered":"https:\/\/roveyayinevi.com.tr\/index.php\/urun\/dunyayi-ogreniyorum-arkadasim-bahceci\/"},"modified":"2026-04-16T02:15:47","modified_gmt":"2026-04-15T23:15:47","slug":"dunyayi-ogreniyorum-arkadasim-bahceci","status":"publish","type":"product","link":"https:\/\/roveyayinevi.com.tr\/index.php\/urun\/dunyayi-ogreniyorum-arkadasim-bahceci\/","title":{"rendered":"D\u00fcnyay\u0131 \u00d6\u011freniyorum &#8211; Arkada\u015f\u0131m Bah\u00e7eci"},"content":{"rendered":"<p>Evlerdeki, parklardaki ve bah\u00e7elerdeki bitkilerin nereden geldi\u011fini ke\u015ffediyoruz. B\u00fcy\u00fck bir fidanl\u0131kta ge\u00e7irece\u011fimiz g\u00fcnde \u00e7ok \u015fa\u015f\u0131rt\u0131c\u0131 ve e\u011flenceli bilgiler \u00f6\u011frenebiliriz.Do\u011fan\u0131n dilini konu\u015fabilmek en de\u011ferli becerilerden biridir.Hadi kollar\u0131 s\u0131vayal\u0131m ve i\u015fe g <\/p>\n","protected":false},"excerpt":{"rendered":"<p>Evlerdeki, parklardaki ve bah\u00e7elerdeki bitkilerin nereden geldi\u011fini ke\u015ffediyoruz. B\u00fcy\u00fck bir fidanl\u0131kta ge\u00e7irece\u011fimiz g\u00fcnde \u00e7ok \u015fa\u015f\u0131rt\u0131c\u0131 ve e\u011flenceli bilgiler \u00f6\u011frenebiliriz.Do\u011fan\u0131n dilini konu\u015fabilmek en de\u011ferli becerilerden biridir.Hadi kollar\u0131<span class=\"excerpt-hellip\"> [\u2026]<\/span><\/p>\n","protected":false},"featured_media":0,"template":"","meta":{"_monsterinsights_skip_tracking":false,"_monsterinsights_sitenote_active":false,"_monsterinsights_sitenote_note":"","_monsterinsights_sitenote_category":0},"product_brand":[],"product_cat":[12274,12284],"product_tag":[],"class_list":{"0":"post-707260","1":"product","2":"type-product","3":"status-publish","5":"product_cat-cocuk-ve-genclik-kitaplari","6":"product_cat-hikayeler","7":"pa_cilt-ciltsiz","8":"pa_tur-kitap","9":"pa_yayinevi-is-bankasi-kultur-yayinlari","10":"pa_yazar-ralf-butschkow","12":"first","13":"instock","14":"sale","15":"shipping-taxable","16":"purchasable","17":"product-type-simple"},"_links":{"self":[{"href":"https:\/\/roveyayinevi.com.tr\/index.php\/wp-json\/wp\/v2\/product\/707260","targetHints":{"allow":["GET"]}}],"collection":[{"href":"https:\/\/roveyayinevi.com.tr\/index.php\/wp-json\/wp\/v2\/product"}],"about":[{"href":"https:\/\/roveyayinevi.com.tr\/index.php\/wp-json\/wp\/v2\/types\/product"}],"wp:attachment":[{"href":"https:\/\/roveyayinevi.com.tr\/index.php\/wp-json\/wp\/v2\/media?parent=707260"}],"wp:term":[{"taxonomy":"product_brand","embeddable":true,"href":"https:\/\/roveyayinevi.com.tr\/index.php\/wp-json\/wp\/v2\/product_brand?post=707260"},{"taxonomy":"product_cat","embeddable":true,"href":"https:\/\/roveyayinevi.com.tr\/index.php\/wp-json\/wp\/v2\/product_cat?post=707260"},{"taxonomy":"product_tag","embeddable":true,"href":"https:\/\/roveyayinevi.com.tr\/index.php\/wp-json\/wp\/v2\/product_tag?post=707260"}],"curies":[{"name":"wp","href":"https:\/\/api.w.org\/{rel}","templated":true}]}}