{"id":707256,"date":"2025-08-27T16:03:39","date_gmt":"2025-08-27T13:03:39","guid":{"rendered":"https:\/\/roveyayinevi.com.tr\/index.php\/urun\/devlet-arsivlerinde-fe-to\/"},"modified":"2026-04-16T02:15:47","modified_gmt":"2026-04-15T23:15:47","slug":"devlet-arsivlerinde-fe-to","status":"publish","type":"product","link":"https:\/\/roveyayinevi.com.tr\/index.php\/urun\/devlet-arsivlerinde-fe-to\/","title":{"rendered":"Devlet Ar\u015fivlerinde Fe t\u00f6"},"content":{"rendered":"<p>Fet*hullah\u00e7\u0131 yap\u0131lanmay\u0131 1999 y\u0131l\u0131nda Milli G\u00fcvenlik Kurulu Genel Sekreterligi&#8217;ne bildiren Vatan Partisi (Is\u00e7i Partisi) yetkililerinden biriyim. Silivri Cezaevi&#8217;nde y\u0131llarca FE*T\u00d6 hakk\u0131nda \u00e7al\u0131\u015ft\u0131m. Fet*hullah G\u00fc*len&#8217;in Ankara 11. A\u011f\u0131r Ceza Mahkemesi&#8217;ndeki yarg\u0131lanmas\u0131na ili\u015fkin b\u00fct\u00fcn belgeleri inceledim. Fet*hullah G\u00fc*len&#8217;in de i\u00e7inde yer ald\u0131\u011f\u0131 Susurluk&#8217;ta ortaya \u00e7\u0131kan GLADYO&#8217;nun yarg\u0131land\u0131g\u0131 dava dosyalar\u0131n\u0131 yarg\u0131land\u0131g\u0131m Ergenekon davas\u0131 dosyas\u0131na getirttim ve inceledim. Devlet kurumlar\u0131n\u0131n &#8220;Susurluk&#8221; raporlar\u0131n\u0131 inceledim. Fet*hullah G\u00fc*len hakk\u0131nda, bu belgelere dayanarak &#8220;Devletin Fet*hullah Ar\u015fivi&#8221; \u00fcst ba\u015fl\u0131kl\u0131 alt\u0131 kitap haz\u0131rlad\u0131m. \u0130\u015fte elinizdeki kitap konu hakk\u0131nda daha \u00f6nce yazd\u0131\u011f\u0131m be\u015f kitab\u0131n g\u00f6zden ge\u00e7irilerek tek cilt halinde toplanmas\u0131ndan olu\u015fmu\u015ftur. <\/p>\n","protected":false},"excerpt":{"rendered":"<p>Fet*hullah\u00e7\u0131 yap\u0131lanmay\u0131 1999 y\u0131l\u0131nda Milli G\u00fcvenlik Kurulu Genel Sekreterligi&#8217;ne bildiren Vatan Partisi (Is\u00e7i Partisi) yetkililerinden biriyim. Silivri Cezaevi&#8217;nde y\u0131llarca FE*T\u00d6 hakk\u0131nda \u00e7al\u0131\u015ft\u0131m. Fet*hullah G\u00fc*len&#8217;in Ankara 11.<span class=\"excerpt-hellip\"> [\u2026]<\/span><\/p>\n","protected":false},"featured_media":0,"template":"","meta":{"_monsterinsights_skip_tracking":false,"_monsterinsights_sitenote_active":false,"_monsterinsights_sitenote_note":"","_monsterinsights_sitenote_category":0},"product_brand":[],"product_cat":[31194,12337],"product_tag":[],"class_list":{"0":"post-707256","1":"product","2":"type-product","3":"status-publish","5":"product_cat-guncel-siyaset","6":"product_cat-politika-siyaset","7":"pa_cilt-ciltsiz","8":"pa_tur-kitap","9":"pa_yayinevi-kaynak-yayinlari","10":"pa_yazar-nusret-senem","12":"first","13":"instock","14":"sale","15":"shipping-taxable","16":"purchasable","17":"product-type-simple"},"_links":{"self":[{"href":"https:\/\/roveyayinevi.com.tr\/index.php\/wp-json\/wp\/v2\/product\/707256","targetHints":{"allow":["GET"]}}],"collection":[{"href":"https:\/\/roveyayinevi.com.tr\/index.php\/wp-json\/wp\/v2\/product"}],"about":[{"href":"https:\/\/roveyayinevi.com.tr\/index.php\/wp-json\/wp\/v2\/types\/product"}],"wp:attachment":[{"href":"https:\/\/roveyayinevi.com.tr\/index.php\/wp-json\/wp\/v2\/media?parent=707256"}],"wp:term":[{"taxonomy":"product_brand","embeddable":true,"href":"https:\/\/roveyayinevi.com.tr\/index.php\/wp-json\/wp\/v2\/product_brand?post=707256"},{"taxonomy":"product_cat","embeddable":true,"href":"https:\/\/roveyayinevi.com.tr\/index.php\/wp-json\/wp\/v2\/product_cat?post=707256"},{"taxonomy":"product_tag","embeddable":true,"href":"https:\/\/roveyayinevi.com.tr\/index.php\/wp-json\/wp\/v2\/product_tag?post=707256"}],"curies":[{"name":"wp","href":"https:\/\/api.w.org\/{rel}","templated":true}]}}