{"id":707253,"date":"2025-08-27T16:03:38","date_gmt":"2025-08-27T13:03:38","guid":{"rendered":"https:\/\/roveyayinevi.com.tr\/index.php\/urun\/dunyayi-ogreniyorum-arkadasim-insaat-ustasi\/"},"modified":"2026-04-16T02:15:47","modified_gmt":"2026-04-15T23:15:47","slug":"dunyayi-ogreniyorum-arkadasim-insaat-ustasi","status":"publish","type":"product","link":"https:\/\/roveyayinevi.com.tr\/index.php\/urun\/dunyayi-ogreniyorum-arkadasim-insaat-ustasi\/","title":{"rendered":"D\u00fcnyay\u0131 \u00d6\u011freniyorum &#8211; Arkada\u015f\u0131m \u0130n\u015faat Ustas\u0131"},"content":{"rendered":"<p>Arkada\u015f\u0131m Mehmet Usta yeni bir binan\u0131n in\u015faat\u0131nda \u00e7al\u0131\u015f\u0131yor.Mehmet Usta \u015fantiyede yap\u0131lmas\u0131 gereken i\u015fleri bize e\u011flenceli bi\u00e7imde anlat\u0131yor. \u0130n\u015faat ustalar\u0131n\u0131n mesle\u011fi hakk\u0131nda pek \u00e7ok ilgin\u00e7 bilgiyi payla\u015f\u0131yor. <\/p>\n","protected":false},"excerpt":{"rendered":"<p>Arkada\u015f\u0131m Mehmet Usta yeni bir binan\u0131n in\u015faat\u0131nda \u00e7al\u0131\u015f\u0131yor.Mehmet Usta \u015fantiyede yap\u0131lmas\u0131 gereken i\u015fleri bize e\u011flenceli bi\u00e7imde anlat\u0131yor. \u0130n\u015faat ustalar\u0131n\u0131n mesle\u011fi hakk\u0131nda pek \u00e7ok ilgin\u00e7 bilgiyi payla\u015f\u0131yor.<\/p>\n","protected":false},"featured_media":0,"template":"","meta":{"_monsterinsights_skip_tracking":false,"_monsterinsights_sitenote_active":false,"_monsterinsights_sitenote_note":"","_monsterinsights_sitenote_category":0},"product_brand":[],"product_cat":[12274,12284],"product_tag":[],"class_list":{"0":"post-707253","1":"product","2":"type-product","3":"status-publish","5":"product_cat-cocuk-ve-genclik-kitaplari","6":"product_cat-hikayeler","7":"pa_cilt-ciltsiz","8":"pa_tur-kitap","9":"pa_yayinevi-is-bankasi-kultur-yayinlari","10":"pa_yazar-ralf-butschkow","12":"first","13":"instock","14":"sale","15":"shipping-taxable","16":"purchasable","17":"product-type-simple"},"_links":{"self":[{"href":"https:\/\/roveyayinevi.com.tr\/index.php\/wp-json\/wp\/v2\/product\/707253","targetHints":{"allow":["GET"]}}],"collection":[{"href":"https:\/\/roveyayinevi.com.tr\/index.php\/wp-json\/wp\/v2\/product"}],"about":[{"href":"https:\/\/roveyayinevi.com.tr\/index.php\/wp-json\/wp\/v2\/types\/product"}],"wp:attachment":[{"href":"https:\/\/roveyayinevi.com.tr\/index.php\/wp-json\/wp\/v2\/media?parent=707253"}],"wp:term":[{"taxonomy":"product_brand","embeddable":true,"href":"https:\/\/roveyayinevi.com.tr\/index.php\/wp-json\/wp\/v2\/product_brand?post=707253"},{"taxonomy":"product_cat","embeddable":true,"href":"https:\/\/roveyayinevi.com.tr\/index.php\/wp-json\/wp\/v2\/product_cat?post=707253"},{"taxonomy":"product_tag","embeddable":true,"href":"https:\/\/roveyayinevi.com.tr\/index.php\/wp-json\/wp\/v2\/product_tag?post=707253"}],"curies":[{"name":"wp","href":"https:\/\/api.w.org\/{rel}","templated":true}]}}