{"id":707251,"date":"2025-08-27T16:03:37","date_gmt":"2025-08-27T13:03:37","guid":{"rendered":"https:\/\/roveyayinevi.com.tr\/index.php\/urun\/eglenceli-bilim-spor-yapiyoruz\/"},"modified":"2026-04-16T02:15:47","modified_gmt":"2026-04-15T23:15:47","slug":"eglenceli-bilim-spor-yapiyoruz","status":"publish","type":"product","link":"https:\/\/roveyayinevi.com.tr\/index.php\/urun\/eglenceli-bilim-spor-yapiyoruz\/","title":{"rendered":"E\u011flenceli Bilim &#8211; Spor Yap\u0131yoruz"},"content":{"rendered":"<p>Anaokulunda Spor Haftas\u0131 ba\u015flad\u0131.\u00d6\u011fretmenler bah\u00e7ede ve spor salonunda \u00e7e\u015fitli k\u00f6\u015feler olu\u015fturdular.\u00c7ocuklar her g\u00fcn bir spor dal\u0131n\u0131 deneyecekler.Haftan\u0131n sonunda \u00c7ocuk Olimpiyatlar\u0131 yap\u0131lacak.Hadi e\u011flencelere biz de kat\u0131lal\u0131m ve en sevdi\u011fimiz spor dal\u0131n\u0131 se\u00e7elim. <\/p>\n","protected":false},"excerpt":{"rendered":"<p>Anaokulunda Spor Haftas\u0131 ba\u015flad\u0131.\u00d6\u011fretmenler bah\u00e7ede ve spor salonunda \u00e7e\u015fitli k\u00f6\u015feler olu\u015fturdular.\u00c7ocuklar her g\u00fcn bir spor dal\u0131n\u0131 deneyecekler.Haftan\u0131n sonunda \u00c7ocuk Olimpiyatlar\u0131 yap\u0131lacak.Hadi e\u011flencelere biz de kat\u0131lal\u0131m ve<span class=\"excerpt-hellip\"> [\u2026]<\/span><\/p>\n","protected":false},"featured_media":0,"template":"","meta":{"_monsterinsights_skip_tracking":false,"_monsterinsights_sitenote_active":false,"_monsterinsights_sitenote_note":"","_monsterinsights_sitenote_category":0},"product_brand":[],"product_cat":[13829,12274],"product_tag":[],"class_list":{"0":"post-707251","1":"product","2":"type-product","3":"status-publish","5":"product_cat-bilimsel-kitaplar","6":"product_cat-cocuk-ve-genclik-kitaplari","7":"pa_cilt-ciltsiz","8":"pa_tur-kitap","9":"pa_yayinevi-is-bankasi-kultur-yayinlari","10":"pa_yazar-sandra-ladwig","12":"first","13":"instock","14":"sale","15":"shipping-taxable","16":"purchasable","17":"product-type-simple"},"_links":{"self":[{"href":"https:\/\/roveyayinevi.com.tr\/index.php\/wp-json\/wp\/v2\/product\/707251","targetHints":{"allow":["GET"]}}],"collection":[{"href":"https:\/\/roveyayinevi.com.tr\/index.php\/wp-json\/wp\/v2\/product"}],"about":[{"href":"https:\/\/roveyayinevi.com.tr\/index.php\/wp-json\/wp\/v2\/types\/product"}],"wp:attachment":[{"href":"https:\/\/roveyayinevi.com.tr\/index.php\/wp-json\/wp\/v2\/media?parent=707251"}],"wp:term":[{"taxonomy":"product_brand","embeddable":true,"href":"https:\/\/roveyayinevi.com.tr\/index.php\/wp-json\/wp\/v2\/product_brand?post=707251"},{"taxonomy":"product_cat","embeddable":true,"href":"https:\/\/roveyayinevi.com.tr\/index.php\/wp-json\/wp\/v2\/product_cat?post=707251"},{"taxonomy":"product_tag","embeddable":true,"href":"https:\/\/roveyayinevi.com.tr\/index.php\/wp-json\/wp\/v2\/product_tag?post=707251"}],"curies":[{"name":"wp","href":"https:\/\/api.w.org\/{rel}","templated":true}]}}