{"id":707250,"date":"2025-08-27T16:03:36","date_gmt":"2025-08-27T13:03:36","guid":{"rendered":"https:\/\/roveyayinevi.com.tr\/index.php\/urun\/eglenceli-bilim-anaokulunda-ilkbahar\/"},"modified":"2026-04-16T02:15:46","modified_gmt":"2026-04-15T23:15:46","slug":"eglenceli-bilim-anaokulunda-ilkbahar","status":"publish","type":"product","link":"https:\/\/roveyayinevi.com.tr\/index.php\/urun\/eglenceli-bilim-anaokulunda-ilkbahar\/","title":{"rendered":"E\u011flenceli Bilim &#8211; Anaokulunda \u0130lkbahar"},"content":{"rendered":"<p>Havalar \u0131s\u0131nmaya ba\u015flad\u0131\u011f\u0131nda anaokulundaki G\u00fclen Y\u00fczler s\u0131n\u0131f\u0131 da harekete ge\u00e7ti. \u00d6nce g\u00fczel bir bah\u00e7e olu\u015fturmaya \u00e7al\u0131\u015ft\u0131lar. Sonbaharda ektikleri \u00e7i\u00e7ek so\u011fanlar\u0131 a\u00e7maya ba\u015flam\u0131\u015ft\u0131. Ba\u015fka bitkiler de ekip bah\u00e7elerini geni\u015flettiler. Ard\u0131ndan Bahar Bayram\u0131 haz\u0131rl\u0131klar\u0131na ba\u015flad\u0131lar.Hadi G\u00fclen Y\u00fczler\u2019e kat\u0131l\u0131p ilkbahar\u0131n keyfini birlik <\/p>\n","protected":false},"excerpt":{"rendered":"<p>Havalar \u0131s\u0131nmaya ba\u015flad\u0131\u011f\u0131nda anaokulundaki G\u00fclen Y\u00fczler s\u0131n\u0131f\u0131 da harekete ge\u00e7ti. \u00d6nce g\u00fczel bir bah\u00e7e olu\u015fturmaya \u00e7al\u0131\u015ft\u0131lar. Sonbaharda ektikleri \u00e7i\u00e7ek so\u011fanlar\u0131 a\u00e7maya ba\u015flam\u0131\u015ft\u0131. Ba\u015fka bitkiler de ekip<span class=\"excerpt-hellip\"> [\u2026]<\/span><\/p>\n","protected":false},"featured_media":0,"template":"","meta":{"_monsterinsights_skip_tracking":false,"_monsterinsights_sitenote_active":false,"_monsterinsights_sitenote_note":"","_monsterinsights_sitenote_category":0},"product_brand":[],"product_cat":[12274,12284],"product_tag":[],"class_list":{"0":"post-707250","1":"product","2":"type-product","3":"status-publish","5":"product_cat-cocuk-ve-genclik-kitaplari","6":"product_cat-hikayeler","7":"pa_cilt-ciltsiz","8":"pa_tur-kitap","9":"pa_yayinevi-is-bankasi-kultur-yayinlari","10":"pa_yazar-sandra-ladwig","12":"first","13":"instock","14":"sale","15":"shipping-taxable","16":"purchasable","17":"product-type-simple"},"_links":{"self":[{"href":"https:\/\/roveyayinevi.com.tr\/index.php\/wp-json\/wp\/v2\/product\/707250","targetHints":{"allow":["GET"]}}],"collection":[{"href":"https:\/\/roveyayinevi.com.tr\/index.php\/wp-json\/wp\/v2\/product"}],"about":[{"href":"https:\/\/roveyayinevi.com.tr\/index.php\/wp-json\/wp\/v2\/types\/product"}],"wp:attachment":[{"href":"https:\/\/roveyayinevi.com.tr\/index.php\/wp-json\/wp\/v2\/media?parent=707250"}],"wp:term":[{"taxonomy":"product_brand","embeddable":true,"href":"https:\/\/roveyayinevi.com.tr\/index.php\/wp-json\/wp\/v2\/product_brand?post=707250"},{"taxonomy":"product_cat","embeddable":true,"href":"https:\/\/roveyayinevi.com.tr\/index.php\/wp-json\/wp\/v2\/product_cat?post=707250"},{"taxonomy":"product_tag","embeddable":true,"href":"https:\/\/roveyayinevi.com.tr\/index.php\/wp-json\/wp\/v2\/product_tag?post=707250"}],"curies":[{"name":"wp","href":"https:\/\/api.w.org\/{rel}","templated":true}]}}