{"id":707249,"date":"2025-08-27T16:03:36","date_gmt":"2025-08-27T13:03:36","guid":{"rendered":"https:\/\/roveyayinevi.com.tr\/index.php\/urun\/imparatorluklarin-cokusu\/"},"modified":"2026-04-16T02:15:46","modified_gmt":"2026-04-15T23:15:46","slug":"imparatorluklarin-cokusu","status":"publish","type":"product","link":"https:\/\/roveyayinevi.com.tr\/index.php\/urun\/imparatorluklarin-cokusu\/","title":{"rendered":"\u0130mparatorluklar\u0131n \u00c7\u00f6k\u00fc\u015f\u00fc"},"content":{"rendered":"<p>Osmanl\u0131 ve Rus imparatorluklar\u0131n\u0131n \u00e7\u00f6k\u00fc\u015f\u00fc, \u00e7a\u011fda\u015f tarihte b\u00fcy\u00fck bir d\u00f6n\u00fcm noktas\u0131d\u0131r. Bu imparatorluklar\u0131n \u00e7\u00f6z\u00fclmesi Birinci D\u00fcnya Sava\u015f\u0131\u2019n\u0131n hem sebebi hem de sonucu olurken, milyonlarca insan\u0131n da \u00f6l\u00fcm\u00fcne yol a\u00e7t\u0131. Ortado\u011fu ile Avrasya\u2019n\u0131n \u00e7ehresini geri d\u00f6n\u00fc\u015fs\u00fcz bir \u015fekilde de\u011fi\u015ftiren bu \u00e7\u00f6k\u00fc\u015f\u00fcn etkileri g\u00fcn\u00fcm\u00fczde T\u00fcrkiye, Arap \u00fclkeleri ve Kafkasya\u2019da halen s\u00fcrmektedir. <\/p>\n","protected":false},"excerpt":{"rendered":"<p>Osmanl\u0131 ve Rus imparatorluklar\u0131n\u0131n \u00e7\u00f6k\u00fc\u015f\u00fc, \u00e7a\u011fda\u015f tarihte b\u00fcy\u00fck bir d\u00f6n\u00fcm noktas\u0131d\u0131r. Bu imparatorluklar\u0131n \u00e7\u00f6z\u00fclmesi Birinci D\u00fcnya Sava\u015f\u0131\u2019n\u0131n hem sebebi hem de sonucu olurken, milyonlarca insan\u0131n da<span class=\"excerpt-hellip\"> [\u2026]<\/span><\/p>\n","protected":false},"featured_media":0,"template":"","meta":{"_monsterinsights_skip_tracking":false,"_monsterinsights_sitenote_active":false,"_monsterinsights_sitenote_note":"","_monsterinsights_sitenote_category":0},"product_brand":[],"product_cat":[13590,12337],"product_tag":[],"class_list":{"0":"post-707249","1":"product","2":"type-product","3":"status-publish","5":"product_cat-arastirma-inceleme-politika-siyaset","6":"product_cat-politika-siyaset","7":"pa_cilt-ciltsiz","8":"pa_tur-kitap","9":"pa_yayinevi-is-bankasi-kultur-yayinlari","10":"pa_yazar-michael-a-reynolds","12":"first","13":"instock","14":"sale","15":"shipping-taxable","16":"purchasable","17":"product-type-simple"},"_links":{"self":[{"href":"https:\/\/roveyayinevi.com.tr\/index.php\/wp-json\/wp\/v2\/product\/707249","targetHints":{"allow":["GET"]}}],"collection":[{"href":"https:\/\/roveyayinevi.com.tr\/index.php\/wp-json\/wp\/v2\/product"}],"about":[{"href":"https:\/\/roveyayinevi.com.tr\/index.php\/wp-json\/wp\/v2\/types\/product"}],"wp:attachment":[{"href":"https:\/\/roveyayinevi.com.tr\/index.php\/wp-json\/wp\/v2\/media?parent=707249"}],"wp:term":[{"taxonomy":"product_brand","embeddable":true,"href":"https:\/\/roveyayinevi.com.tr\/index.php\/wp-json\/wp\/v2\/product_brand?post=707249"},{"taxonomy":"product_cat","embeddable":true,"href":"https:\/\/roveyayinevi.com.tr\/index.php\/wp-json\/wp\/v2\/product_cat?post=707249"},{"taxonomy":"product_tag","embeddable":true,"href":"https:\/\/roveyayinevi.com.tr\/index.php\/wp-json\/wp\/v2\/product_tag?post=707249"}],"curies":[{"name":"wp","href":"https:\/\/api.w.org\/{rel}","templated":true}]}}