{"id":707246,"date":"2025-08-27T16:03:34","date_gmt":"2025-08-27T13:03:34","guid":{"rendered":"https:\/\/roveyayinevi.com.tr\/index.php\/urun\/itiraflar\/"},"modified":"2026-04-16T02:15:46","modified_gmt":"2026-04-15T23:15:46","slug":"itiraflar","status":"publish","type":"product","link":"https:\/\/roveyayinevi.com.tr\/index.php\/urun\/itiraflar\/","title":{"rendered":"\u0130tiraflar"},"content":{"rendered":"<p>\u201c (&#8230;) Beni \u00f6lecek halde g\u00f6rd\u00fc\u011f\u00fcn\u00fcz zaman, bir me\u015fenin g\u00f6lgesine g\u00f6t\u00fcr\u00fcn, size vaat ederim ki oradan geri d\u00f6nece\u011fim.\u201dRousseau\u2019nun \u00f6l\u00fcm\u00fcnden sonra yay\u0131mlanan otobiyografik yap\u0131t\u0131 itiraflar\u2019\u0131n en belirgin \u00f6zelliklerinden biri ku\u015fkusuz a\u00e7\u0131k y\u00fcreklili\u011fi ve cesaretidir. Yazar\u0131n do\u011fumundan (1712) 1765 y\u0131l\u0131na kadar ge\u00e7en s\u00fcrenin \u00f6yk\u00fcs\u00fcn\u00fc anlatan eser, bir taraftan samimi an\u0131lar \u00fczerinden bize seslenirken, di\u011fer taraftan da otobiyografik bir roman olarak okunabiliyor.insan hayat\u0131n\u0131 b\u00fcy\u00fck izlekler pe\u015finde ku\u015fatan itiraflar; aralar\u0131nda minnet, cennet-cehennem, kutsal kitap, inan\u00e7, a\u015fk, \u00f6l\u00fcm, do\u011fa, hastal\u0131k, ba\u011fl\u0131l\u0131k, e\u011fitim, sosyal yap\u0131, hukuk, dil, \u00f6zg\u00fcrl\u00fck aray\u0131\u015f\u0131n\u0131n da oldu\u011fu nice kavram ve olgularla bizi yeniden ve i\u00e7eriden y\u00fczle\u015ftiriyor.18. y\u00fczy\u0131l\u0131n i\u00e7inden y\u00fckselen ve kendi zaman\u0131n\u0131 a\u015farak bize ula\u015fan Rousseau\u2019nun itiraflar\u2019\u0131nda belirleyici olan an\u0131lar, sanki yaz\u0131ld\u0131\u011f\u0131 anda ya\u015fanm\u0131\u015f gibi canl\u0131d\u0131r. Zamana kar\u015f\u0131 an\u0131lar\u0131na \u015fans vermekten korkmayanlar\u0131n hi\u00e7 zaman kaybetmeden okumas\u0131 gereken bir kitap.\u0130nsan d\u00fc\u015f\u00fcnmeden edemiyor: insanlar bu d\u00fcnyadan \u00e7ekip gitmeden hemen \u00f6nce, Rousseau\u2019nun bin sayfay\u0131 a\u015fan itiraflar\u2019\u0131 gibi geride bir eser b\u0131rakacak olsayd\u0131 dil ve d\u00fcnya daha farkl\u0131 olur muydu? Ku\u015fkusuz bu soruya en anla\u015f\u0131l\u0131r cevab\u0131 itiraflar\u2019\u0131 okuyanlar verecektir.<\/p>\n","protected":false},"excerpt":{"rendered":"<p>\u201c (&#8230;) Beni \u00f6lecek halde g\u00f6rd\u00fc\u011f\u00fcn\u00fcz zaman, bir me\u015fenin g\u00f6lgesine g\u00f6t\u00fcr\u00fcn, size vaat ederim ki oradan geri d\u00f6nece\u011fim.\u201dRousseau\u2019nun \u00f6l\u00fcm\u00fcnden sonra yay\u0131mlanan otobiyografik yap\u0131t\u0131 itiraflar\u2019\u0131n en belirgin<span class=\"excerpt-hellip\"> [\u2026]<\/span><\/p>\n","protected":false},"featured_media":0,"template":"","meta":{"_monsterinsights_skip_tracking":false,"_monsterinsights_sitenote_active":false,"_monsterinsights_sitenote_note":"","_monsterinsights_sitenote_category":0},"product_brand":[],"product_cat":[12389,12388],"product_tag":[],"class_list":{"0":"post-707246","1":"product","2":"type-product","3":"status-publish","5":"product_cat-diger-felsefe","6":"product_cat-felsefe","7":"pa_cilt-ciltsiz","8":"pa_tur-kitap","9":"pa_yayinevi-islik-yayinlari","10":"pa_yazar-jean-jacques-rousseau","12":"first","13":"instock","14":"sale","15":"shipping-taxable","16":"purchasable","17":"product-type-simple"},"_links":{"self":[{"href":"https:\/\/roveyayinevi.com.tr\/index.php\/wp-json\/wp\/v2\/product\/707246","targetHints":{"allow":["GET"]}}],"collection":[{"href":"https:\/\/roveyayinevi.com.tr\/index.php\/wp-json\/wp\/v2\/product"}],"about":[{"href":"https:\/\/roveyayinevi.com.tr\/index.php\/wp-json\/wp\/v2\/types\/product"}],"wp:attachment":[{"href":"https:\/\/roveyayinevi.com.tr\/index.php\/wp-json\/wp\/v2\/media?parent=707246"}],"wp:term":[{"taxonomy":"product_brand","embeddable":true,"href":"https:\/\/roveyayinevi.com.tr\/index.php\/wp-json\/wp\/v2\/product_brand?post=707246"},{"taxonomy":"product_cat","embeddable":true,"href":"https:\/\/roveyayinevi.com.tr\/index.php\/wp-json\/wp\/v2\/product_cat?post=707246"},{"taxonomy":"product_tag","embeddable":true,"href":"https:\/\/roveyayinevi.com.tr\/index.php\/wp-json\/wp\/v2\/product_tag?post=707246"}],"curies":[{"name":"wp","href":"https:\/\/api.w.org\/{rel}","templated":true}]}}