{"id":707245,"date":"2025-08-27T16:03:34","date_gmt":"2025-08-27T13:03:34","guid":{"rendered":"https:\/\/roveyayinevi.com.tr\/index.php\/urun\/yavuz-sultan-selim-2\/"},"modified":"2026-03-16T02:19:23","modified_gmt":"2026-03-15T23:19:23","slug":"yavuz-sultan-selim-2","status":"publish","type":"product","link":"https:\/\/roveyayinevi.com.tr\/index.php\/urun\/yavuz-sultan-selim-2\/","title":{"rendered":"Yavuz Sultan Selim"},"content":{"rendered":"<p>Kimdir Yavuz Sultan Selim? Kimine g\u00f6re at\u0131n\u0131n \u00fczerinde peygamberin izini s\u00fcren bir veli, kimine g\u00f6re has\u0131mlar\u0131n\u0131 sava\u015f meydan\u0131nda peri\u015fan eden asker\u00ee bir deha, kimine g\u00f6reyse zalim bir sultan&#8230;Tarih sahnesinden pek \u00e7ok h\u00fck\u00fcmdar ge\u00e7mi\u015ftir,fakat \u00e7ok az\u0131 Yavuz Sultan Selim kadar tart\u0131\u015f\u0131lm\u0131\u015ft\u0131r. \u0130lgin\u00e7 ki\u015fili\u011fi ve k\u0131sa vadede kazand\u0131\u011f\u0131 ola\u011fan\u00fcst\u00fc ba\u015far\u0131lar\u0131yla I. Selim\u2019in Osmanl\u0131 tarihinin en s\u0131ra d\u0131\u015f\u0131 karakterlerinden biri oldu\u011fu kesindir. Hakk\u0131nda hem pop\u00fcler tarih\u00e7ilik alan\u0131nda hem de akademik sahada hat\u0131r\u0131 say\u0131l\u0131r bir yaz\u0131nsal birikim olu\u015fmu\u015f, hatta d\u00f6nemindeki kimi olaylara odaklanan \u00f6zel \u00e7al\u0131\u015fmalar yap\u0131lm\u0131\u015ft\u0131r. Ancak bu birikim Yavuz Sultan Selim hakk\u0131ndaki sis perdesini kald\u0131rmak \u015f\u00f6yle dursun, onu daha da gizemli k\u0131lm\u0131\u015ft\u0131r. Hakk\u0131nda anlat\u0131lan hik\u00e2yelerle ger\u00e7ekler i\u00e7 i\u00e7e ge\u00e7mi\u015f, hangisinin ger\u00e7ek Yavuz Sultan Selim oldu\u011fu ay\u0131rt edilemez h\u00e2le gelmi\u015ftir.Bunca bilgi kirlili\u011fi i\u00e7inde, Yavuz Sultan Selim\u2019i tan\u0131maya nereden ba\u015flamal\u0131y\u0131z? Feridun M. Emecen\u2019in \u00f6zenli \u00e7al\u0131\u015fmas\u0131, tam olarak bu sorunun cevab\u0131n\u0131 veriyor. Do\u011frudan ar\u015fiv belgelerine ve \u00e7a\u011fda\u015f kaynaklara yaslanan Yavuz Sultan Selim,ilk Osmanl\u0131 halifesinin siyasi hayat\u0131n\u0131 biyografik bir ba\u011flamda titizlikle inceliyor. Emecen, bu incelemeyi yaparken saf bir nakilcilikten uzak duruyor. Olaylar\u0131 \u201cki\u015fi, muhit, \u00e7evre\u201d \u00fc\u00e7geninde inceliyor, hayranl\u0131k yerine ampirik verileri esas al\u0131yor ve analitik \u00e7\u00f6z\u00fcmlemelere ba\u015fvuruyor. Bilimsellikten taviz vermezken, ayn\u0131 zamanda Yavuz Sultan Selim\u2019in hayat hik\u00e2yesini edeb\u00ee bir \u00fcslupla aktarmay\u0131 ba\u015far\u0131yor. <\/p>\n","protected":false},"excerpt":{"rendered":"<p>Kimdir Yavuz Sultan Selim? Kimine g\u00f6re at\u0131n\u0131n \u00fczerinde peygamberin izini s\u00fcren bir veli, kimine g\u00f6re has\u0131mlar\u0131n\u0131 sava\u015f meydan\u0131nda peri\u015fan eden asker\u00ee bir deha, kimine g\u00f6reyse zalim<span class=\"excerpt-hellip\"> [\u2026]<\/span><\/p>\n","protected":false},"featured_media":0,"template":"","meta":{"_monsterinsights_skip_tracking":false,"_monsterinsights_sitenote_active":false,"_monsterinsights_sitenote_note":"","_monsterinsights_sitenote_category":0},"product_brand":[],"product_cat":[13946,12304],"product_tag":[],"class_list":{"0":"post-707245","1":"product","2":"type-product","3":"status-publish","5":"product_cat-biyografi-otobiyografi","6":"product_cat-tarih","7":"pa_cilt-ciltsiz","8":"pa_tur-kitap","9":"pa_yayinevi-kapi-yayinlari","10":"pa_yazar-feridun-m-emecen","12":"first","13":"instock","14":"sale","15":"shipping-taxable","16":"purchasable","17":"product-type-simple"},"_links":{"self":[{"href":"https:\/\/roveyayinevi.com.tr\/index.php\/wp-json\/wp\/v2\/product\/707245","targetHints":{"allow":["GET"]}}],"collection":[{"href":"https:\/\/roveyayinevi.com.tr\/index.php\/wp-json\/wp\/v2\/product"}],"about":[{"href":"https:\/\/roveyayinevi.com.tr\/index.php\/wp-json\/wp\/v2\/types\/product"}],"wp:attachment":[{"href":"https:\/\/roveyayinevi.com.tr\/index.php\/wp-json\/wp\/v2\/media?parent=707245"}],"wp:term":[{"taxonomy":"product_brand","embeddable":true,"href":"https:\/\/roveyayinevi.com.tr\/index.php\/wp-json\/wp\/v2\/product_brand?post=707245"},{"taxonomy":"product_cat","embeddable":true,"href":"https:\/\/roveyayinevi.com.tr\/index.php\/wp-json\/wp\/v2\/product_cat?post=707245"},{"taxonomy":"product_tag","embeddable":true,"href":"https:\/\/roveyayinevi.com.tr\/index.php\/wp-json\/wp\/v2\/product_tag?post=707245"}],"curies":[{"name":"wp","href":"https:\/\/api.w.org\/{rel}","templated":true}]}}