{"id":707244,"date":"2025-08-27T16:03:34","date_gmt":"2025-08-27T13:03:34","guid":{"rendered":"https:\/\/roveyayinevi.com.tr\/index.php\/urun\/i-bilim\/"},"modified":"2025-11-22T03:58:05","modified_gmt":"2025-11-22T00:58:05","slug":"i-bilim","status":"publish","type":"product","link":"https:\/\/roveyayinevi.com.tr\/index.php\/urun\/i-bilim\/","title":{"rendered":"\u0130 Bilim"},"content":{"rendered":"<p>Evren\u2019deki en yayg\u0131n element hangisidir? Hangi metal avucunuzda erir? Ay\u2019da ka\u00e7 kilo gelirsiniz?Bir bilimci olun ve kendi etkile\u015fimli, c\u00fcretkar deneylerinizi yap\u0131n. Sanal ortamda ola\u011fan\u00fcst\u00fc bir \u00f6\u011frenme deneyimine haz\u0131r olun!\u00dccretsiz etkile\u015fimli uygulamay\u0131 indirBir atomu avu\u00e7lar\u0131n\u0131z\u0131n i\u00e7inde par\u00e7alay\u0131nBir duvar\u0131 y\u0131kmak i\u00e7in ne kadar enerjiye ihtiyac\u0131n\u0131z oldu\u011funu ke\u015ffedinD\u00fcnya\u2019daki ve uzaydaki k\u00fctle \u00e7ekimiyle ve \u00e7ok daha fazlas\u0131yla deneyler yap\u0131n! <\/p>\n","protected":false},"excerpt":{"rendered":"<p>Evren\u2019deki en yayg\u0131n element hangisidir? Hangi metal avucunuzda erir? Ay\u2019da ka\u00e7 kilo gelirsiniz?Bir bilimci olun ve kendi etkile\u015fimli, c\u00fcretkar deneylerinizi yap\u0131n. Sanal ortamda ola\u011fan\u00fcst\u00fc bir \u00f6\u011frenme<span class=\"excerpt-hellip\"> [\u2026]<\/span><\/p>\n","protected":false},"featured_media":0,"template":"","meta":{"_monsterinsights_skip_tracking":false,"_monsterinsights_sitenote_active":false,"_monsterinsights_sitenote_note":"","_monsterinsights_sitenote_category":0},"product_brand":[],"product_cat":[13829,12274],"product_tag":[],"class_list":{"0":"post-707244","1":"product","2":"type-product","3":"status-publish","5":"product_cat-bilimsel-kitaplar","6":"product_cat-cocuk-ve-genclik-kitaplari","7":"pa_cilt-ciltli","8":"pa_tur-kitap","9":"pa_yayinevi-is-bankasi-kultur-yayinlari","10":"pa_yazar-clive-gifford","12":"first","13":"instock","14":"sale","15":"shipping-taxable","16":"purchasable","17":"product-type-simple"},"_links":{"self":[{"href":"https:\/\/roveyayinevi.com.tr\/index.php\/wp-json\/wp\/v2\/product\/707244","targetHints":{"allow":["GET"]}}],"collection":[{"href":"https:\/\/roveyayinevi.com.tr\/index.php\/wp-json\/wp\/v2\/product"}],"about":[{"href":"https:\/\/roveyayinevi.com.tr\/index.php\/wp-json\/wp\/v2\/types\/product"}],"wp:attachment":[{"href":"https:\/\/roveyayinevi.com.tr\/index.php\/wp-json\/wp\/v2\/media?parent=707244"}],"wp:term":[{"taxonomy":"product_brand","embeddable":true,"href":"https:\/\/roveyayinevi.com.tr\/index.php\/wp-json\/wp\/v2\/product_brand?post=707244"},{"taxonomy":"product_cat","embeddable":true,"href":"https:\/\/roveyayinevi.com.tr\/index.php\/wp-json\/wp\/v2\/product_cat?post=707244"},{"taxonomy":"product_tag","embeddable":true,"href":"https:\/\/roveyayinevi.com.tr\/index.php\/wp-json\/wp\/v2\/product_tag?post=707244"}],"curies":[{"name":"wp","href":"https:\/\/api.w.org\/{rel}","templated":true}]}}