{"id":707242,"date":"2025-08-27T16:03:32","date_gmt":"2025-08-27T13:03:32","guid":{"rendered":"https:\/\/roveyayinevi.com.tr\/index.php\/urun\/amerika-5\/"},"modified":"2026-04-16T02:15:46","modified_gmt":"2026-04-15T23:15:46","slug":"amerika-5","status":"publish","type":"product","link":"https:\/\/roveyayinevi.com.tr\/index.php\/urun\/amerika-5\/","title":{"rendered":"Amerika"},"content":{"rendered":"<p>Rossmann\u2019\u0131n \u015fa\u015fk\u0131n bak\u0131\u015f\u0131ndan yans\u0131yan Amerika, rastlant\u0131lar\u0131n da \u00f6nemli rol oynad\u0131\u011f\u0131 ultramodern bir medeniyet olarak deh\u015fetengiz bir b\u00fcy\u00fclenmeyle g\u00f6zlerimizin \u00f6n\u00fcne serilir. G\u00f6kdelenleriyle, makineleriyle, b\u00fcy\u00fck servet ve a\u015f\u0131r\u0131 yoksulluk aras\u0131ndaki tezatla, dev binalar\u0131n kar\u015f\u0131s\u0131nda c\u00fccele\u015fen insan\u0131n ister istemez m\u00fcthi\u015f bir verimlilik talebine maruz kald\u0131\u011f\u0131 bir Amerika\u2019d\u0131r bu ayn\u0131 zamanda.Yazar\u0131n hayat\u0131 boyunca hi\u00e7 gitmedi\u011fi, b\u00fct\u00fcn\u00fcyle hayal \u00fcr\u00fcn\u00fc olan bu Amerika, k\u00fclt\u00fcrel mitlerle tan\u0131mlanan bir d\u00fc\u015f \u00fclkesidir. New York liman\u0131na girerken Karl\u2019\u0131 kar\u015f\u0131layan \u00d6zg\u00fcrl\u00fck Heykeli\u2019nin elinde me\u015fale yerine k\u0131l\u0131\u00e7 tutmas\u0131, bu \u00fclkede disiplin ve \u015fiddetin h\u00fck\u00fcm s\u00fcrd\u00fc\u011f\u00fcne dair bir uyar\u0131d\u0131r. Karl\u2019\u0131n zaman\u0131nda be\u015f paras\u0131z bu \u00fclkeye g\u00f6\u00e7 eden, ancak milyoner bir senat\u00f6r olarak kar\u015f\u0131s\u0131na \u00e7\u0131kan day\u0131s\u0131 da, s\u0131f\u0131rdan ba\u015flay\u0131p servete kavu\u015fma mitinin cisimle\u015fmi\u015f halidir adeta. <\/p>\n","protected":false},"excerpt":{"rendered":"<p>Rossmann\u2019\u0131n \u015fa\u015fk\u0131n bak\u0131\u015f\u0131ndan yans\u0131yan Amerika, rastlant\u0131lar\u0131n da \u00f6nemli rol oynad\u0131\u011f\u0131 ultramodern bir medeniyet olarak deh\u015fetengiz bir b\u00fcy\u00fclenmeyle g\u00f6zlerimizin \u00f6n\u00fcne serilir. G\u00f6kdelenleriyle, makineleriyle, b\u00fcy\u00fck servet ve a\u015f\u0131r\u0131<span class=\"excerpt-hellip\"> [\u2026]<\/span><\/p>\n","protected":false},"featured_media":0,"template":"","meta":{"_monsterinsights_skip_tracking":false,"_monsterinsights_sitenote_active":false,"_monsterinsights_sitenote_note":"","_monsterinsights_sitenote_category":0},"product_brand":[],"product_cat":[12782,12291],"product_tag":[],"class_list":{"0":"post-707242","1":"product","2":"type-product","3":"status-publish","5":"product_cat-alman-edebiyati","6":"product_cat-edebiyat","7":"pa_cilt-ciltsiz","8":"pa_tur-kitap","9":"pa_yayinevi-is-bankasi-kultur-yayinlari","10":"pa_yazar-franz-kafka","12":"first","13":"instock","14":"sale","15":"shipping-taxable","16":"purchasable","17":"product-type-simple"},"_links":{"self":[{"href":"https:\/\/roveyayinevi.com.tr\/index.php\/wp-json\/wp\/v2\/product\/707242","targetHints":{"allow":["GET"]}}],"collection":[{"href":"https:\/\/roveyayinevi.com.tr\/index.php\/wp-json\/wp\/v2\/product"}],"about":[{"href":"https:\/\/roveyayinevi.com.tr\/index.php\/wp-json\/wp\/v2\/types\/product"}],"wp:attachment":[{"href":"https:\/\/roveyayinevi.com.tr\/index.php\/wp-json\/wp\/v2\/media?parent=707242"}],"wp:term":[{"taxonomy":"product_brand","embeddable":true,"href":"https:\/\/roveyayinevi.com.tr\/index.php\/wp-json\/wp\/v2\/product_brand?post=707242"},{"taxonomy":"product_cat","embeddable":true,"href":"https:\/\/roveyayinevi.com.tr\/index.php\/wp-json\/wp\/v2\/product_cat?post=707242"},{"taxonomy":"product_tag","embeddable":true,"href":"https:\/\/roveyayinevi.com.tr\/index.php\/wp-json\/wp\/v2\/product_tag?post=707242"}],"curies":[{"name":"wp","href":"https:\/\/api.w.org\/{rel}","templated":true}]}}