{"id":707240,"date":"2025-08-27T16:03:31","date_gmt":"2025-08-27T13:03:31","guid":{"rendered":"https:\/\/roveyayinevi.com.tr\/index.php\/urun\/yukselen-alcaklik\/"},"modified":"2025-11-05T04:04:46","modified_gmt":"2025-11-05T01:04:46","slug":"yukselen-alcaklik","status":"publish","type":"product","link":"https:\/\/roveyayinevi.com.tr\/index.php\/urun\/yukselen-alcaklik\/","title":{"rendered":"Y\u00fckselen Al\u00e7akl\u0131k"},"content":{"rendered":"<p>Bu \u015fiirler emperyalizmin ac\u0131mas\u0131z sald\u0131r\u0131lar\u0131 kar\u015f\u0131s\u0131nda, insanl\u0131\u011f\u0131n u\u011frad\u0131\u011f\u0131 b\u00fcy\u00fck y\u0131k\u0131ma, bireyin alays\u0131, ama lirik tepkileridir. Bu \u015fiirler y\u00fckselen al\u00e7akl\u0131\u011fa kar\u015f\u0131 bir saydamla\u015fmad\u0131r.\u015eiirlerin yaz\u0131l\u0131\u015f tarihlerinin aras\u0131 (1987-1993), insanl\u0131k d\u0131\u015f\u0131 \u015fiddetin d\u00f6kt\u00fc\u011f\u00fc kanla, g\u00f6zya\u015f\u0131yla doludur.D\u0131\u015far\u0131da insan ruhunu sarsan olaylar, d\u00fcnya entelekt\u00fcel ya\u015fam\u0131n\u0131 y\u0131lg\u0131nl\u0131\u011fa, teslimiyete s\u00fcr\u00fckledi.K\u00fcresel merkezlerin sald\u0131r\u0131s\u0131nda birey a\u015fa\u011f\u0131land\u0131, insanl\u0131k onuru kirletildi.\u00d6yle ki \u201cinsan t\u00fckendi\u201d, \u201ctarih bitti\u201d, \u201csanat\u0131n sonu geldi\u201d diye ciddi tart\u0131\u015fmalar ba\u015flat\u0131ld\u0131.Arka arkaya i\u015flenen Gladyo cinayetleriyle, ayn\u0131 teslimiyet i\u00e7eride daha b\u00fcy\u00fck boyutlara ula\u015ft\u0131\u2026Bireyin \u00e7evresine derin hendekler kazmas\u0131 ve i\u00e7ine kapanmas\u0131 yayg\u0131n bir tav\u0131r olarak benimsendi.\u0130nsan akl\u0131na ac\u0131 veren, insan y\u00fcre\u011fini donduran bu tarihsel \u00e7\u00fcr\u00fcme kar\u015f\u0131s\u0131nda sald\u0131r\u0131ya u\u011frayanlar, zamanlar, maddi bir direnme \u00f6rg\u00fctleni\u015fini harekete ge\u00e7irmekten uzakt\u0131lar\u2026Bu \u015fiirlerin ana imgesi Sudan G\u00f6vde, bu azg\u0131n sald\u0131r\u0131ya kar\u015f\u0131 bir direni\u015f bi\u00e7imi olarak do\u011fdu: \u015eiddete kar\u015f\u0131 saydamla\u015fma! Belli ki \u015fair, \u00f6l\u00fcm dayatmas\u0131n\u0131, yok edilmesi kolay olmayan imgesel bir alana \u00e7ekilerek bo\u015fa \u00e7\u0131karmak istiyor.<\/p>\n","protected":false},"excerpt":{"rendered":"<p>Bu \u015fiirler emperyalizmin ac\u0131mas\u0131z sald\u0131r\u0131lar\u0131 kar\u015f\u0131s\u0131nda, insanl\u0131\u011f\u0131n u\u011frad\u0131\u011f\u0131 b\u00fcy\u00fck y\u0131k\u0131ma, bireyin alays\u0131, ama lirik tepkileridir. Bu \u015fiirler y\u00fckselen al\u00e7akl\u0131\u011fa kar\u015f\u0131 bir saydamla\u015fmad\u0131r.\u015eiirlerin yaz\u0131l\u0131\u015f tarihlerinin aras\u0131 (1987-1993),<span class=\"excerpt-hellip\"> [\u2026]<\/span><\/p>\n","protected":false},"featured_media":0,"template":"","meta":{"_monsterinsights_skip_tracking":false,"_monsterinsights_sitenote_active":false,"_monsterinsights_sitenote_note":"","_monsterinsights_sitenote_category":0},"product_brand":[],"product_cat":[12291,12509],"product_tag":[],"class_list":{"0":"post-707240","1":"product","2":"type-product","3":"status-publish","5":"product_cat-edebiyat","6":"product_cat-siir","7":"pa_cilt-ciltli","8":"pa_tur-kitap","9":"pa_yayinevi-kaynak-yayinlari","10":"pa_yazar-huseyin-haydar","12":"first","13":"instock","14":"sale","15":"shipping-taxable","16":"purchasable","17":"product-type-simple"},"_links":{"self":[{"href":"https:\/\/roveyayinevi.com.tr\/index.php\/wp-json\/wp\/v2\/product\/707240","targetHints":{"allow":["GET"]}}],"collection":[{"href":"https:\/\/roveyayinevi.com.tr\/index.php\/wp-json\/wp\/v2\/product"}],"about":[{"href":"https:\/\/roveyayinevi.com.tr\/index.php\/wp-json\/wp\/v2\/types\/product"}],"wp:attachment":[{"href":"https:\/\/roveyayinevi.com.tr\/index.php\/wp-json\/wp\/v2\/media?parent=707240"}],"wp:term":[{"taxonomy":"product_brand","embeddable":true,"href":"https:\/\/roveyayinevi.com.tr\/index.php\/wp-json\/wp\/v2\/product_brand?post=707240"},{"taxonomy":"product_cat","embeddable":true,"href":"https:\/\/roveyayinevi.com.tr\/index.php\/wp-json\/wp\/v2\/product_cat?post=707240"},{"taxonomy":"product_tag","embeddable":true,"href":"https:\/\/roveyayinevi.com.tr\/index.php\/wp-json\/wp\/v2\/product_tag?post=707240"}],"curies":[{"name":"wp","href":"https:\/\/api.w.org\/{rel}","templated":true}]}}