{"id":707238,"date":"2025-08-27T16:03:30","date_gmt":"2025-08-27T13:03:30","guid":{"rendered":"https:\/\/roveyayinevi.com.tr\/index.php\/urun\/avrupada-ronesans\/"},"modified":"2026-04-16T02:15:46","modified_gmt":"2026-04-15T23:15:46","slug":"avrupada-ronesans","status":"publish","type":"product","link":"https:\/\/roveyayinevi.com.tr\/index.php\/urun\/avrupada-ronesans\/","title":{"rendered":"Avrupa&#8217;da R\u00f6nesans"},"content":{"rendered":"<p>Avrupa kavram\u0131 gerek T\u00fcrkiye\u2019de gerek d\u00fcnyada s\u0131k\u00e7a g\u00fcncel tart\u0131\u015fmalara konu edilmektedir. Avrupa\u2019da R\u00f6nesans, en genel anlamda \u201cAvrupa\u2019n\u0131n Avrupala\u015fmas\u0131\u201d s\u00fcrecinin temel dinami\u011fi olan R\u00f6nesans hareketini ve bu hareketin 14. y\u00fczy\u0131l \u0130talya\u2019s\u0131nda, antik k\u00fclt\u00fcre hayranl\u0131k duyan k\u00fc\u00e7\u00fck bir arkada\u015f \u00e7evresinden \u00e7\u0131k\u0131p, Avrupa\u2019n\u0131n d\u00fc\u015f\u00fcnsel ve k\u00fclt\u00fcrel \u00e7ehresini de\u011fi\u015ftirecek, kar\u015f\u0131 konulmaz bir salg\u0131na nas\u0131l d\u00f6n\u00fc\u015ft\u00fc\u011f\u00fcn\u00fc anlat\u0131yor.         Peter Burke bu kitab\u0131nda, R\u00f6nesans\u2019\u0131n \u00e7\u0131k\u0131\u015f noktas\u0131 olan h\u00fcmanizmin \u00fcretti\u011fi evrensel de\u011ferlerin, Avrupa\u2019n\u0131n co\u011frafi farkl\u0131l\u0131klar\u0131na g\u00f6re ald\u0131\u011f\u0131 yerel bi\u00e7imleri; zaman i\u00e7inde geli\u015fen etkile\u015fim ara\u00e7lar\u0131yla birbirine daha \u00e7ok kar\u0131\u015fan, harmanlanan, ortakla\u015fan sanatsal ve d\u00fc\u015f\u00fcnsel \u00fcretimi, t\u00fcm bu geli\u015fmelerin ortaya \u00e7\u0131kard\u0131\u011f\u0131 yeni insan tipini, hareketin d\u00fc\u011f\u00fcmlendi\u011fi merkez noktalardan, etkisinin azald\u0131\u011f\u0131 \u00e7eperlere kadar titizlikle takip ediyor.         Bu kitap, Avrupa kimli\u011finin k\u00fclt\u00fcrel olu\u015fum s\u00fcrecini, R\u00f6nesans hareketinin \u00f6nemini, matbaan\u0131n icad\u0131n\u0131n bu harekete nas\u0131l ivme kazand\u0131rd\u0131\u011f\u0131n\u0131 merak edenler i\u00e7in vazge\u00e7ilmez bir ba\u015fvuru kayna\u011f\u0131d\u0131r<\/p>\n","protected":false},"excerpt":{"rendered":"<p>Avrupa kavram\u0131 gerek T\u00fcrkiye\u2019de gerek d\u00fcnyada s\u0131k\u00e7a g\u00fcncel tart\u0131\u015fmalara konu edilmektedir. Avrupa\u2019da R\u00f6nesans, en genel anlamda \u201cAvrupa\u2019n\u0131n Avrupala\u015fmas\u0131\u201d s\u00fcrecinin temel dinami\u011fi olan R\u00f6nesans hareketini ve bu<span class=\"excerpt-hellip\"> [\u2026]<\/span><\/p>\n","protected":false},"featured_media":0,"template":"","meta":{"_monsterinsights_skip_tracking":false,"_monsterinsights_sitenote_active":false,"_monsterinsights_sitenote_note":"","_monsterinsights_sitenote_category":0},"product_brand":[],"product_cat":[12304],"product_tag":[],"class_list":{"0":"post-707238","1":"product","2":"type-product","3":"status-publish","5":"product_cat-tarih","6":"pa_cilt-ciltsiz","7":"pa_tur-kitap","8":"pa_yayinevi-islik-yayinlari","9":"pa_yazar-peter-burke","11":"first","12":"instock","13":"sale","14":"shipping-taxable","15":"purchasable","16":"product-type-simple"},"_links":{"self":[{"href":"https:\/\/roveyayinevi.com.tr\/index.php\/wp-json\/wp\/v2\/product\/707238","targetHints":{"allow":["GET"]}}],"collection":[{"href":"https:\/\/roveyayinevi.com.tr\/index.php\/wp-json\/wp\/v2\/product"}],"about":[{"href":"https:\/\/roveyayinevi.com.tr\/index.php\/wp-json\/wp\/v2\/types\/product"}],"wp:attachment":[{"href":"https:\/\/roveyayinevi.com.tr\/index.php\/wp-json\/wp\/v2\/media?parent=707238"}],"wp:term":[{"taxonomy":"product_brand","embeddable":true,"href":"https:\/\/roveyayinevi.com.tr\/index.php\/wp-json\/wp\/v2\/product_brand?post=707238"},{"taxonomy":"product_cat","embeddable":true,"href":"https:\/\/roveyayinevi.com.tr\/index.php\/wp-json\/wp\/v2\/product_cat?post=707238"},{"taxonomy":"product_tag","embeddable":true,"href":"https:\/\/roveyayinevi.com.tr\/index.php\/wp-json\/wp\/v2\/product_tag?post=707238"}],"curies":[{"name":"wp","href":"https:\/\/api.w.org\/{rel}","templated":true}]}}