{"id":707237,"date":"2025-08-27T16:03:30","date_gmt":"2025-08-27T13:03:30","guid":{"rendered":"https:\/\/roveyayinevi.com.tr\/index.php\/urun\/cante-jondo-siiri\/"},"modified":"2026-04-16T02:15:46","modified_gmt":"2026-04-15T23:15:46","slug":"cante-jondo-siiri","status":"publish","type":"product","link":"https:\/\/roveyayinevi.com.tr\/index.php\/urun\/cante-jondo-siiri\/","title":{"rendered":"Cante Jondo \u015eiiri"},"content":{"rendered":"<p>Geceleyin bah\u00e7edealt\u0131 \u00c7ingenedans ediyorak giysiler i\u00e7inde.Geceleyin bah\u00e7edek\u00e2\u011f\u0131t g\u00fcllerdenve yaseminlerdenta\u00e7lar kafalar\u0131nda.Geceleyin bah\u00e7edesedeften di\u015fleriyaz\u0131yoryan\u0131k karanl\u0131\u011f\u0131.Geceleyin bah\u00e7edeuzuyor g\u00f6lgelerive mora \u00e7al\u0131yorg\u00f6ky\u00fcz\u00fcne do\u011fru.<\/p>\n","protected":false},"excerpt":{"rendered":"<p>Geceleyin bah\u00e7edealt\u0131 \u00c7ingenedans ediyorak giysiler i\u00e7inde.Geceleyin bah\u00e7edek\u00e2\u011f\u0131t g\u00fcllerdenve yaseminlerdenta\u00e7lar kafalar\u0131nda.Geceleyin bah\u00e7edesedeften di\u015fleriyaz\u0131yoryan\u0131k karanl\u0131\u011f\u0131.Geceleyin bah\u00e7edeuzuyor g\u00f6lgelerive mora \u00e7al\u0131yorg\u00f6ky\u00fcz\u00fcne do\u011fru.<\/p>\n","protected":false},"featured_media":0,"template":"","meta":{"_monsterinsights_skip_tracking":false,"_monsterinsights_sitenote_active":false,"_monsterinsights_sitenote_note":"","_monsterinsights_sitenote_category":0},"product_brand":[],"product_cat":[12291,12509],"product_tag":[],"class_list":{"0":"post-707237","1":"product","2":"type-product","3":"status-publish","5":"product_cat-edebiyat","6":"product_cat-siir","7":"pa_cilt-ciltsiz","8":"pa_tur-kitap","9":"pa_yayinevi-islik-yayinlari","10":"pa_yazar-federico-garcia-lorca","12":"first","13":"instock","14":"sale","15":"shipping-taxable","16":"purchasable","17":"product-type-simple"},"_links":{"self":[{"href":"https:\/\/roveyayinevi.com.tr\/index.php\/wp-json\/wp\/v2\/product\/707237","targetHints":{"allow":["GET"]}}],"collection":[{"href":"https:\/\/roveyayinevi.com.tr\/index.php\/wp-json\/wp\/v2\/product"}],"about":[{"href":"https:\/\/roveyayinevi.com.tr\/index.php\/wp-json\/wp\/v2\/types\/product"}],"wp:attachment":[{"href":"https:\/\/roveyayinevi.com.tr\/index.php\/wp-json\/wp\/v2\/media?parent=707237"}],"wp:term":[{"taxonomy":"product_brand","embeddable":true,"href":"https:\/\/roveyayinevi.com.tr\/index.php\/wp-json\/wp\/v2\/product_brand?post=707237"},{"taxonomy":"product_cat","embeddable":true,"href":"https:\/\/roveyayinevi.com.tr\/index.php\/wp-json\/wp\/v2\/product_cat?post=707237"},{"taxonomy":"product_tag","embeddable":true,"href":"https:\/\/roveyayinevi.com.tr\/index.php\/wp-json\/wp\/v2\/product_tag?post=707237"}],"curies":[{"name":"wp","href":"https:\/\/api.w.org\/{rel}","templated":true}]}}