{"id":707236,"date":"2025-08-27T16:03:23","date_gmt":"2025-08-27T13:03:23","guid":{"rendered":"https:\/\/roveyayinevi.com.tr\/index.php\/urun\/ii-mesrutiyetten-cumhuriyete-iki-devrim-iki-surec\/"},"modified":"2026-04-16T02:15:46","modified_gmt":"2026-04-15T23:15:46","slug":"ii-mesrutiyetten-cumhuriyete-iki-devrim-iki-surec","status":"publish","type":"product","link":"https:\/\/roveyayinevi.com.tr\/index.php\/urun\/ii-mesrutiyetten-cumhuriyete-iki-devrim-iki-surec\/","title":{"rendered":"II. Me\u015frutiyet\u2019ten Cumhuriyet\u2019e iki Devrim\u00a0; \u0130ki S\u00fcre\u00e7"},"content":{"rendered":"<p>Her ne kadar ge\u00e7mi\u015fe ait s\u00f6ylemsel bir dizge olsa da b\u00fct\u00fcn tarih \u00e7al\u0131\u015fmalar\u0131 bug\u00fcn\u00fc anlamam\u0131zda ve yorumlamam\u0131zda bize \u00f6nc\u00fcl\u00fck ederler. O nedenle tarih her dem yeniden yaz\u0131l\u0131r. Bug\u00fcne kadar 2. Me\u015frutiyet ve Cumhuriyet \u00fczerine \u00e7ok \u015fey yaz\u0131ld\u0131 ve s\u00f6ylendi. Zira 20. y\u00fczy\u0131l\u0131n \u015fafa\u011f\u0131nda \u00fclkemizde ger\u00e7ekle\u015fen bu iki yap\u0131sal d\u00f6n\u00fc\u015f\u00fcm\u00fcn aralar\u0131ndaki s\u00fcreklilikler ve k\u0131r\u0131lma noktalar\u0131 bug\u00fcn\u00fcn T\u00fcrkiyesini anlamam\u0131zda en \u00f6nemli kilometre ta\u015flar\u0131d\u0131r.Bahar Arslan elinizdeki bu ara\u015ft\u0131rmas\u0131yla bask\u0131n T\u00fcrk tarih yaz\u0131c\u0131l\u0131\u011f\u0131na h\u00e2kim olan zihniyetleri ve bu zihniyetlerin hem 2. Me\u015frutiyet hem de Cumhuriyet \u00f6zelinde olu\u015fturdu\u011fu hegemonik, tarihsel, olgusal ve kuramsal s\u00f6ylemleri bir tarih\u00e7i titizli\u011fiyle g\u00f6zler \u00f6n\u00fcne seriyor. Bu ba\u011flamda 2. Me\u015frutiyet\u2019ten Cumhuriyet\u2019e \u0130ki Devrim, \u0130ki S\u00fcre\u00e7 adl\u0131 kitap, g\u00fcn\u00fcm\u00fczde sosyal bilimler ve modern tarih yaz\u0131c\u0131l\u0131\u011f\u0131n\u0131n, yani historiyografinin geli\u015ftirdi\u011fi yeni bak\u0131\u015f a\u00e7\u0131lar\u0131 e\u015fli\u011finde, erken Cumhuriyet d\u00f6nemi \u00fczerine en kapsaml\u0131 tarih ara\u015ft\u0131rmalar\u0131ndan birisi olmaya aday. Ve J\u00f6n-T\u00fcrk devrimi ile Cumhuriyeti tarihsel, olgusal ve kuramsal d\u00fczeyde yeniden anlamak ve yorumlamak isteyenler i\u00e7in bir rehber niteli\u011finde!<\/p>\n","protected":false},"excerpt":{"rendered":"<p>Her ne kadar ge\u00e7mi\u015fe ait s\u00f6ylemsel bir dizge olsa da b\u00fct\u00fcn tarih \u00e7al\u0131\u015fmalar\u0131 bug\u00fcn\u00fc anlamam\u0131zda ve yorumlamam\u0131zda bize \u00f6nc\u00fcl\u00fck ederler. O nedenle tarih her dem yeniden<span class=\"excerpt-hellip\"> [\u2026]<\/span><\/p>\n","protected":false},"featured_media":0,"template":"","meta":{"_monsterinsights_skip_tracking":false,"_monsterinsights_sitenote_active":false,"_monsterinsights_sitenote_note":"","_monsterinsights_sitenote_category":0},"product_brand":[],"product_cat":[12370,12304],"product_tag":[],"class_list":{"0":"post-707236","1":"product","2":"type-product","3":"status-publish","5":"product_cat-arastirma-inceleme","6":"product_cat-tarih","7":"pa_cilt-ciltsiz","8":"pa_tur-kitap","9":"pa_yayinevi-islik-yayinlari","10":"pa_yazar-bahar-arslan","12":"first","13":"instock","14":"sale","15":"shipping-taxable","16":"purchasable","17":"product-type-simple"},"_links":{"self":[{"href":"https:\/\/roveyayinevi.com.tr\/index.php\/wp-json\/wp\/v2\/product\/707236","targetHints":{"allow":["GET"]}}],"collection":[{"href":"https:\/\/roveyayinevi.com.tr\/index.php\/wp-json\/wp\/v2\/product"}],"about":[{"href":"https:\/\/roveyayinevi.com.tr\/index.php\/wp-json\/wp\/v2\/types\/product"}],"wp:attachment":[{"href":"https:\/\/roveyayinevi.com.tr\/index.php\/wp-json\/wp\/v2\/media?parent=707236"}],"wp:term":[{"taxonomy":"product_brand","embeddable":true,"href":"https:\/\/roveyayinevi.com.tr\/index.php\/wp-json\/wp\/v2\/product_brand?post=707236"},{"taxonomy":"product_cat","embeddable":true,"href":"https:\/\/roveyayinevi.com.tr\/index.php\/wp-json\/wp\/v2\/product_cat?post=707236"},{"taxonomy":"product_tag","embeddable":true,"href":"https:\/\/roveyayinevi.com.tr\/index.php\/wp-json\/wp\/v2\/product_tag?post=707236"}],"curies":[{"name":"wp","href":"https:\/\/api.w.org\/{rel}","templated":true}]}}