{"id":707235,"date":"2025-08-27T16:03:22","date_gmt":"2025-08-27T13:03:22","guid":{"rendered":"https:\/\/roveyayinevi.com.tr\/index.php\/urun\/kulde-kor-izleri\/"},"modified":"2026-04-16T02:15:46","modified_gmt":"2026-04-15T23:15:46","slug":"kulde-kor-izleri","status":"publish","type":"product","link":"https:\/\/roveyayinevi.com.tr\/index.php\/urun\/kulde-kor-izleri\/","title":{"rendered":"K\u00fclde Kor \u0130zleri"},"content":{"rendered":"<p>Greco\u2019nun bulutlar\u0131 y\u0131\u011f\u0131lm\u0131\u015f odamas\u00fcp\u00fcr\u00fcyorum elimin tersiyleg\u00fcne\u015f yal\u0131mlar\u0131 kal\u0131yor yaln\u0131zcag\u00f6ky\u00fcz\u00fcne ba\u011fda\u015f kurupak t\u00fclden yayla duman\u0131n\u0131 seriyorum yery\u00fcz\u00fcnee\u011filip, d\u00fc\u015fen oyunca\u011f\u0131n\u0131 uzat\u0131yorum bir \u00e7ocu\u011fa\u0131t\u0131rlar, han\u0131melleri, gelincikler(i\u015fte sayd\u0131rtma bana)birtak\u0131m \u00e7i\u00e7ekler dolduruyorum damarlar\u0131maPrometh\u00e9us, sen bekliyordun \u00f6l\u00fcm\u00fcyeniden do\u011fmak i\u00e7inbizse her g\u00fcn yo\u011furuyoruz kendimizido\u011furmak i\u00e7in sevday\u0131 yenidensanc\u0131s\u0131 elde, sevda yok ki<\/p>\n","protected":false},"excerpt":{"rendered":"<p>Greco\u2019nun bulutlar\u0131 y\u0131\u011f\u0131lm\u0131\u015f odamas\u00fcp\u00fcr\u00fcyorum elimin tersiyleg\u00fcne\u015f yal\u0131mlar\u0131 kal\u0131yor yaln\u0131zcag\u00f6ky\u00fcz\u00fcne ba\u011fda\u015f kurupak t\u00fclden yayla duman\u0131n\u0131 seriyorum yery\u00fcz\u00fcnee\u011filip, d\u00fc\u015fen oyunca\u011f\u0131n\u0131 uzat\u0131yorum bir \u00e7ocu\u011fa\u0131t\u0131rlar, han\u0131melleri, gelincikler(i\u015fte sayd\u0131rtma bana)birtak\u0131m \u00e7i\u00e7ekler<span class=\"excerpt-hellip\"> [\u2026]<\/span><\/p>\n","protected":false},"featured_media":0,"template":"","meta":{"_monsterinsights_skip_tracking":false,"_monsterinsights_sitenote_active":false,"_monsterinsights_sitenote_note":"","_monsterinsights_sitenote_category":0},"product_brand":[],"product_cat":[12291,12509],"product_tag":[],"class_list":{"0":"post-707235","1":"product","2":"type-product","3":"status-publish","5":"product_cat-edebiyat","6":"product_cat-siir","7":"pa_cilt-ciltsiz","8":"pa_tur-kitap","9":"pa_yayinevi-islik-yayinlari","10":"pa_yazar-ismail-mert-basat","12":"first","13":"instock","14":"sale","15":"shipping-taxable","16":"purchasable","17":"product-type-simple"},"_links":{"self":[{"href":"https:\/\/roveyayinevi.com.tr\/index.php\/wp-json\/wp\/v2\/product\/707235","targetHints":{"allow":["GET"]}}],"collection":[{"href":"https:\/\/roveyayinevi.com.tr\/index.php\/wp-json\/wp\/v2\/product"}],"about":[{"href":"https:\/\/roveyayinevi.com.tr\/index.php\/wp-json\/wp\/v2\/types\/product"}],"wp:attachment":[{"href":"https:\/\/roveyayinevi.com.tr\/index.php\/wp-json\/wp\/v2\/media?parent=707235"}],"wp:term":[{"taxonomy":"product_brand","embeddable":true,"href":"https:\/\/roveyayinevi.com.tr\/index.php\/wp-json\/wp\/v2\/product_brand?post=707235"},{"taxonomy":"product_cat","embeddable":true,"href":"https:\/\/roveyayinevi.com.tr\/index.php\/wp-json\/wp\/v2\/product_cat?post=707235"},{"taxonomy":"product_tag","embeddable":true,"href":"https:\/\/roveyayinevi.com.tr\/index.php\/wp-json\/wp\/v2\/product_tag?post=707235"}],"curies":[{"name":"wp","href":"https:\/\/api.w.org\/{rel}","templated":true}]}}