{"id":707234,"date":"2025-08-27T16:03:22","date_gmt":"2025-08-27T13:03:22","guid":{"rendered":"https:\/\/roveyayinevi.com.tr\/index.php\/urun\/olum-ki-ciceklerin-en-beyazidir\/"},"modified":"2026-04-16T02:15:46","modified_gmt":"2026-04-15T23:15:46","slug":"olum-ki-ciceklerin-en-beyazidir","status":"publish","type":"product","link":"https:\/\/roveyayinevi.com.tr\/index.php\/urun\/olum-ki-ciceklerin-en-beyazidir\/","title":{"rendered":"\u00d6l\u00fcm Ki \u00c7i\u00e7eklerin En Beyaz\u0131d\u0131r"},"content":{"rendered":"<p>Da\u011f\u0131lan k\u00f6p\u00fcklerin ard\u0131ndan durgunla\u015fan suGecenin hi\u00e7 ya\u015fanmam\u0131\u015f bir yan\u0131ndaSeni sevmekle yorgun beyazSeni sevmekle \u00e7o\u011falm\u0131\u015f ayd\u0131nl\u0131kSisler basmadan denizleri d\u00f6n\u00fcyoruzO da\u011f duru\u015flu korkumuzla karanl\u0131ktaYan\u0131p \u2013 s\u00f6nen \u015fehrin \u0131\u015f\u0131klar\u0131na kar\u015f\u0131Sonsuz ince bir ya\u011fmur ya\u011f\u0131yoruzDenizleri uzak k\u0131y\u0131larda a\u00e7an \u00e7i\u00e7ek<\/p>\n","protected":false},"excerpt":{"rendered":"<p>Da\u011f\u0131lan k\u00f6p\u00fcklerin ard\u0131ndan durgunla\u015fan suGecenin hi\u00e7 ya\u015fanmam\u0131\u015f bir yan\u0131ndaSeni sevmekle yorgun beyazSeni sevmekle \u00e7o\u011falm\u0131\u015f ayd\u0131nl\u0131kSisler basmadan denizleri d\u00f6n\u00fcyoruzO da\u011f duru\u015flu korkumuzla karanl\u0131ktaYan\u0131p \u2013 s\u00f6nen \u015fehrin \u0131\u015f\u0131klar\u0131na<span class=\"excerpt-hellip\"> [\u2026]<\/span><\/p>\n","protected":false},"featured_media":0,"template":"","meta":{"_monsterinsights_skip_tracking":false,"_monsterinsights_sitenote_active":false,"_monsterinsights_sitenote_note":"","_monsterinsights_sitenote_category":0},"product_brand":[],"product_cat":[12291,12509],"product_tag":[],"class_list":{"0":"post-707234","1":"product","2":"type-product","3":"status-publish","5":"product_cat-edebiyat","6":"product_cat-siir","7":"pa_cilt-ciltsiz","8":"pa_tur-kitap","9":"pa_yayinevi-islik-yayinlari","10":"pa_yazar-ergin-sander","12":"first","13":"instock","14":"sale","15":"shipping-taxable","16":"purchasable","17":"product-type-simple"},"_links":{"self":[{"href":"https:\/\/roveyayinevi.com.tr\/index.php\/wp-json\/wp\/v2\/product\/707234","targetHints":{"allow":["GET"]}}],"collection":[{"href":"https:\/\/roveyayinevi.com.tr\/index.php\/wp-json\/wp\/v2\/product"}],"about":[{"href":"https:\/\/roveyayinevi.com.tr\/index.php\/wp-json\/wp\/v2\/types\/product"}],"wp:attachment":[{"href":"https:\/\/roveyayinevi.com.tr\/index.php\/wp-json\/wp\/v2\/media?parent=707234"}],"wp:term":[{"taxonomy":"product_brand","embeddable":true,"href":"https:\/\/roveyayinevi.com.tr\/index.php\/wp-json\/wp\/v2\/product_brand?post=707234"},{"taxonomy":"product_cat","embeddable":true,"href":"https:\/\/roveyayinevi.com.tr\/index.php\/wp-json\/wp\/v2\/product_cat?post=707234"},{"taxonomy":"product_tag","embeddable":true,"href":"https:\/\/roveyayinevi.com.tr\/index.php\/wp-json\/wp\/v2\/product_tag?post=707234"}],"curies":[{"name":"wp","href":"https:\/\/api.w.org\/{rel}","templated":true}]}}