{"id":707232,"date":"2025-08-27T16:03:21","date_gmt":"2025-08-27T13:03:21","guid":{"rendered":"https:\/\/roveyayinevi.com.tr\/index.php\/urun\/eightball\/"},"modified":"2026-04-16T02:15:46","modified_gmt":"2026-04-15T23:15:46","slug":"eightball","status":"publish","type":"product","link":"https:\/\/roveyayinevi.com.tr\/index.php\/urun\/eightball\/","title":{"rendered":"Eightball"},"content":{"rendered":"<p>Amerikan k\u00fclt\u00fcr\u00fcn\u00fcn i\u00e7ini d\u0131\u015f\u0131na \u00e7\u0131karan Eightball, 1988 \u2013 1996 y\u0131llar\u0131 aras\u0131nda bas\u0131lan Eighball serisinin en iyi \u00f6yk\u00fclerini i\u00e7eren, 20. y\u0131l \u00f6zel bask\u0131s\u0131.\u00c7izerin en iyi i\u015flerinden Ghost World\u2019\u00fcn hem \u00e7izgi roman hem de film versiyonu Daniel Clowes\u2019u bir d\u00fcnya star\u0131 ve d\u00fcnyan\u0131n en aranan \u00e7izeri yapmadan \u00f6nce, Eightball zaten 90\u2019lar\u0131n hakk\u0131nda en \u00e7ok konu\u015fulan \u00e7izgi roman\u0131yd\u0131. Entertainment Weekly 1989\u2019daki ilk yay\u0131n\u0131ndan itibaren kitab\u0131 \u201cy\u0131l\u0131n d\u00fczenli olarak yay\u0131mlanan en iyi \u00e7izgi roman\u0131\u201d olarak nitelendirdi. Maus\u2019un \u00fcnl\u00fc \u00e7izeri Art Spiegelman kitaba \u00f6vg\u00fcler ya\u011fd\u0131rd\u0131. Simpsons\u2019lar\u0131n yarat\u0131c\u0131s\u0131 Matt Groening\u2019in de en sevdi\u011fi \u00e7izgi roman. \u00c7izgi roman tarih\u00e7ilerinden Roger Sabin, Eightball\u2019u darmada\u011f\u0131n olan Amerika\u2019ya mizahi bir bak\u0131\u015f olarak yorumlarken, Clowes\u2019u da 1960\u2019lar\u0131n yeralt\u0131 d\u00fcnyas\u0131n\u0131n ger\u00e7ek bir devam\u0131 olarak nitelendiriyor.<\/p>\n","protected":false},"excerpt":{"rendered":"<p>Amerikan k\u00fclt\u00fcr\u00fcn\u00fcn i\u00e7ini d\u0131\u015f\u0131na \u00e7\u0131karan Eightball, 1988 \u2013 1996 y\u0131llar\u0131 aras\u0131nda bas\u0131lan Eighball serisinin en iyi \u00f6yk\u00fclerini i\u00e7eren, 20. y\u0131l \u00f6zel bask\u0131s\u0131.\u00c7izerin en iyi i\u015flerinden Ghost<span class=\"excerpt-hellip\"> [\u2026]<\/span><\/p>\n","protected":false},"featured_media":0,"template":"","meta":{"_monsterinsights_skip_tracking":false,"_monsterinsights_sitenote_active":false,"_monsterinsights_sitenote_note":"","_monsterinsights_sitenote_category":0},"product_brand":[],"product_cat":[12416,12291],"product_tag":[],"class_list":{"0":"post-707232","1":"product","2":"type-product","3":"status-publish","5":"product_cat-cizgi-roman","6":"product_cat-edebiyat","7":"pa_cilt-ciltsiz","8":"pa_tur-kitap","9":"pa_yayinevi-kara-karga-yayinlari","10":"pa_yazar-daniel-clowes","12":"first","13":"instock","14":"sale","15":"shipping-taxable","16":"purchasable","17":"product-type-simple"},"_links":{"self":[{"href":"https:\/\/roveyayinevi.com.tr\/index.php\/wp-json\/wp\/v2\/product\/707232","targetHints":{"allow":["GET"]}}],"collection":[{"href":"https:\/\/roveyayinevi.com.tr\/index.php\/wp-json\/wp\/v2\/product"}],"about":[{"href":"https:\/\/roveyayinevi.com.tr\/index.php\/wp-json\/wp\/v2\/types\/product"}],"wp:attachment":[{"href":"https:\/\/roveyayinevi.com.tr\/index.php\/wp-json\/wp\/v2\/media?parent=707232"}],"wp:term":[{"taxonomy":"product_brand","embeddable":true,"href":"https:\/\/roveyayinevi.com.tr\/index.php\/wp-json\/wp\/v2\/product_brand?post=707232"},{"taxonomy":"product_cat","embeddable":true,"href":"https:\/\/roveyayinevi.com.tr\/index.php\/wp-json\/wp\/v2\/product_cat?post=707232"},{"taxonomy":"product_tag","embeddable":true,"href":"https:\/\/roveyayinevi.com.tr\/index.php\/wp-json\/wp\/v2\/product_tag?post=707232"}],"curies":[{"name":"wp","href":"https:\/\/api.w.org\/{rel}","templated":true}]}}