{"id":707228,"date":"2025-08-27T16:03:19","date_gmt":"2025-08-27T13:03:19","guid":{"rendered":"https:\/\/roveyayinevi.com.tr\/index.php\/urun\/ceza-kolonisinde-ve-diger-oykuler\/"},"modified":"2026-04-16T02:15:46","modified_gmt":"2026-04-15T23:15:46","slug":"ceza-kolonisinde-ve-diger-oykuler","status":"publish","type":"product","link":"https:\/\/roveyayinevi.com.tr\/index.php\/urun\/ceza-kolonisinde-ve-diger-oykuler\/","title":{"rendered":"Ceza Kolonisinde ve Di\u011fer \u00d6yk\u00fcler"},"content":{"rendered":"<p>Elinizdeki kitap, Kafka\u2019n\u0131n sa\u011fl\u0131\u011f\u0131nda yay\u0131mlanan \u00f6yk\u00fclerinden olu\u015fuyor. Yazar k\u0131sa metinlerinin d\u0131\u015f\u0131ndaki yap\u0131tlar\u0131n\u0131 yay\u0131mlamaktan ka\u00e7\u0131nm\u0131\u015f, hatta \u00f6l\u00fcm\u00fcnden k\u0131sa bir s\u00fcre \u00f6nce yak\u0131n dostu Max Brod\u2019dan yazd\u0131\u011f\u0131 her \u015feyi yakmas\u0131n\u0131 istemi\u015fti. Ancak Brod onun engin dehas\u0131n\u0131n fark\u0131ndayd\u0131. Kafka\u2019n\u0131n vasiyetini yerine getirmedi ve \u00f6l\u00fcm\u00fcnden sonra toplu yap\u0131tlar\u0131n\u0131 yay\u0131mlayarak g\u00fcn\u00fcm\u00fcze ula\u015fmas\u0131n\u0131 sa\u011flad\u0131.Kafka\u2019n\u0131n \u00f6yk\u00fcleri kayna\u011f\u0131 belirlenemeyen bir kayg\u0131 ve utanc\u0131n h\u00e2kim oldu\u011fu, at\u0131lan her ad\u0131m\u0131n engellerle kar\u015f\u0131la\u015ft\u0131\u011f\u0131 bir evrende ge\u00e7er. \u00d6zg\u00fcrl\u00fck, su\u00e7, sorumluluk gibi meseleler; bireyi bask\u0131 alt\u0131nda tutmaya \u00e7al\u0131\u015fan iktidar mekanizmalar\u0131 ve bireyin otorite kar\u015f\u0131s\u0131ndaki direni\u015fi onun zihnini hep me\u015fgul etmi\u015ftir. Kafka b\u00fct\u00fcn bu evrensel meselelerin yan\u0131nda mizah\u0131n ve hicvin de eksik olmad\u0131\u011f\u0131 gizemli \u00f6yk\u00fclerinde, kurmacay\u0131 edebi gelene\u011fin b\u00fct\u00fcn bi\u00e7im ve uzla\u015f\u0131mlar\u0131ndan \u00f6zg\u00fcrle\u015ftirmi\u015f, adeta tersy\u00fcz etmi\u015ftir. Yazar\u0131n insanl\u0131k durumu, sanat, sanat\u00e7\u0131 ve bizzat hayat \u00fczerine derin d\u00fc\u015f\u00fcnceleri, her okuyu\u015fta yeni anlamlara b\u00fcr\u00fcnen \u00e7ok katmanl\u0131 \u00f6yk\u00fclere d\u00f6n\u00fc\u015fm\u00fc\u015ft\u00fcr. <\/p>\n","protected":false},"excerpt":{"rendered":"<p>Elinizdeki kitap, Kafka\u2019n\u0131n sa\u011fl\u0131\u011f\u0131nda yay\u0131mlanan \u00f6yk\u00fclerinden olu\u015fuyor. Yazar k\u0131sa metinlerinin d\u0131\u015f\u0131ndaki yap\u0131tlar\u0131n\u0131 yay\u0131mlamaktan ka\u00e7\u0131nm\u0131\u015f, hatta \u00f6l\u00fcm\u00fcnden k\u0131sa bir s\u00fcre \u00f6nce yak\u0131n dostu Max Brod\u2019dan yazd\u0131\u011f\u0131 her<span class=\"excerpt-hellip\"> [\u2026]<\/span><\/p>\n","protected":false},"featured_media":0,"template":"","meta":{"_monsterinsights_skip_tracking":false,"_monsterinsights_sitenote_active":false,"_monsterinsights_sitenote_note":"","_monsterinsights_sitenote_category":0},"product_brand":[],"product_cat":[12782,12291],"product_tag":[],"class_list":{"0":"post-707228","1":"product","2":"type-product","3":"status-publish","5":"product_cat-alman-edebiyati","6":"product_cat-edebiyat","7":"pa_cilt-ciltsiz","8":"pa_tur-kitap","9":"pa_yayinevi-is-bankasi-kultur-yayinlari","10":"pa_yazar-franz-kafka","12":"first","13":"instock","14":"sale","15":"shipping-taxable","16":"purchasable","17":"product-type-simple"},"_links":{"self":[{"href":"https:\/\/roveyayinevi.com.tr\/index.php\/wp-json\/wp\/v2\/product\/707228","targetHints":{"allow":["GET"]}}],"collection":[{"href":"https:\/\/roveyayinevi.com.tr\/index.php\/wp-json\/wp\/v2\/product"}],"about":[{"href":"https:\/\/roveyayinevi.com.tr\/index.php\/wp-json\/wp\/v2\/types\/product"}],"wp:attachment":[{"href":"https:\/\/roveyayinevi.com.tr\/index.php\/wp-json\/wp\/v2\/media?parent=707228"}],"wp:term":[{"taxonomy":"product_brand","embeddable":true,"href":"https:\/\/roveyayinevi.com.tr\/index.php\/wp-json\/wp\/v2\/product_brand?post=707228"},{"taxonomy":"product_cat","embeddable":true,"href":"https:\/\/roveyayinevi.com.tr\/index.php\/wp-json\/wp\/v2\/product_cat?post=707228"},{"taxonomy":"product_tag","embeddable":true,"href":"https:\/\/roveyayinevi.com.tr\/index.php\/wp-json\/wp\/v2\/product_tag?post=707228"}],"curies":[{"name":"wp","href":"https:\/\/api.w.org\/{rel}","templated":true}]}}