{"id":707227,"date":"2025-08-27T16:03:18","date_gmt":"2025-08-27T13:03:18","guid":{"rendered":"https:\/\/roveyayinevi.com.tr\/index.php\/urun\/fenicka\/"},"modified":"2026-04-16T02:15:46","modified_gmt":"2026-04-15T23:15:46","slug":"fenicka","status":"publish","type":"product","link":"https:\/\/roveyayinevi.com.tr\/index.php\/urun\/fenicka\/","title":{"rendered":"Feni\u00e7ka"},"content":{"rendered":"<p>Lou Andreas-Salom\u00e9 modern anlamda \u201cfeminist\u201d olarak tarif edilemese de, ba\u011f\u0131ms\u0131z ve \u00f6zg\u00fcrl\u00fck\u00e7\u00fc ya\u015fam\u0131yla ku\u015faklar boyu feministler i\u00e7in bir rol model oldu. Nietzsche, Rilke ve Freud gibi \u00f6nemli \u015fahsiyetlerle kurdu\u011fu dostluklarla ve onlar \u00fczerindeki etkisiyle g\u00fcndeme geldi. Avrupa \u00fcniversitelerinde \u00f6\u011frenim g\u00f6ren ilk kad\u0131nlardan biri olarak, erkeklerle ili\u015fkileri \u00e7a\u011f\u0131n\u0131n kad\u0131nlar\u0131na g\u00f6re farkl\u0131 bir seyir izlemi\u015fti. Feni\u00e7ka, Andreas-Salom\u00e9\u2019nin Alman oyun yazar\u0131 Franz Wedekind\u2019le ya\u015fad\u0131\u011f\u0131, daha sonra Alban Berg\u2019in Lulu adl\u0131 operas\u0131n\u0131n librettosuna da konu olan bir deneyime dayan\u0131r. Geleneksel cinsiyetler aras\u0131 ili\u015fkileri pek umursamayan, \u0130svi\u00e7re\u2019de doktoras\u0131n\u0131 yapm\u0131\u015f Moskoval\u0131 bir kad\u0131n\u0131n bir erkek psikolo\u011fun g\u00f6z\u00fcnden anlat\u0131lan hik\u00e2yesidir. Anlat\u0131c\u0131 yap\u0131t\u0131n ak\u0131\u015f\u0131 i\u00e7inde Feni\u00e7ka\u2019yla dostlu\u011funu ilerletirken, kad\u0131nlar\u0131 her daim belli \u015fablonlar i\u00e7inde; ya erkek avc\u0131lar\u0131 ya da salt zihinsel kapasiteleriyle \u00f6ne \u00e7\u0131kan cinsiyetsiz varl\u0131klar olarak de\u011ferlendirmekten vazge\u00e7ip, insan olarak g\u00f6rmeyi \u00f6\u011frenir.<\/p>\n","protected":false},"excerpt":{"rendered":"<p>Lou Andreas-Salom\u00e9 modern anlamda \u201cfeminist\u201d olarak tarif edilemese de, ba\u011f\u0131ms\u0131z ve \u00f6zg\u00fcrl\u00fck\u00e7\u00fc ya\u015fam\u0131yla ku\u015faklar boyu feministler i\u00e7in bir rol model oldu. Nietzsche, Rilke ve Freud gibi<span class=\"excerpt-hellip\"> [\u2026]<\/span><\/p>\n","protected":false},"featured_media":0,"template":"","meta":{"_monsterinsights_skip_tracking":false,"_monsterinsights_sitenote_active":false,"_monsterinsights_sitenote_note":"","_monsterinsights_sitenote_category":0},"product_brand":[],"product_cat":[12291,26797],"product_tag":[],"class_list":{"0":"post-707227","1":"product","2":"type-product","3":"status-publish","5":"product_cat-edebiyat","6":"product_cat-modern-klasikler","7":"pa_cilt-ciltsiz","8":"pa_tur-kitap","9":"pa_yayinevi-is-bankasi-kultur-yayinlari","10":"pa_yazar-lou-andreas-salome","12":"first","13":"instock","14":"sale","15":"shipping-taxable","16":"purchasable","17":"product-type-simple"},"_links":{"self":[{"href":"https:\/\/roveyayinevi.com.tr\/index.php\/wp-json\/wp\/v2\/product\/707227","targetHints":{"allow":["GET"]}}],"collection":[{"href":"https:\/\/roveyayinevi.com.tr\/index.php\/wp-json\/wp\/v2\/product"}],"about":[{"href":"https:\/\/roveyayinevi.com.tr\/index.php\/wp-json\/wp\/v2\/types\/product"}],"wp:attachment":[{"href":"https:\/\/roveyayinevi.com.tr\/index.php\/wp-json\/wp\/v2\/media?parent=707227"}],"wp:term":[{"taxonomy":"product_brand","embeddable":true,"href":"https:\/\/roveyayinevi.com.tr\/index.php\/wp-json\/wp\/v2\/product_brand?post=707227"},{"taxonomy":"product_cat","embeddable":true,"href":"https:\/\/roveyayinevi.com.tr\/index.php\/wp-json\/wp\/v2\/product_cat?post=707227"},{"taxonomy":"product_tag","embeddable":true,"href":"https:\/\/roveyayinevi.com.tr\/index.php\/wp-json\/wp\/v2\/product_tag?post=707227"}],"curies":[{"name":"wp","href":"https:\/\/api.w.org\/{rel}","templated":true}]}}