{"id":707226,"date":"2025-08-27T16:03:18","date_gmt":"2025-08-27T13:03:18","guid":{"rendered":"https:\/\/roveyayinevi.com.tr\/index.php\/urun\/kibarlik-budalasi-3\/"},"modified":"2026-04-16T02:15:46","modified_gmt":"2026-04-15T23:15:46","slug":"kibarlik-budalasi-3","status":"publish","type":"product","link":"https:\/\/roveyayinevi.com.tr\/index.php\/urun\/kibarlik-budalasi-3\/","title":{"rendered":"Kibarl\u0131k Budalas\u0131"},"content":{"rendered":"<p>Moli\u00e8re [Jean-Baptiste Poquelin] (1622-1673): Clermont Koleji\u2019nde Latin ve Yunan dili ve edebiyat\u0131 dersleri ald\u0131. Hukuk \u00f6\u011frenimi g\u00f6rd\u00fc, 1641\u2019de kabul edildi\u011fi barodan ayr\u0131ld\u0131. Zaman\u0131n\u0131 ve dehas\u0131n\u0131 tiyatroya adad\u0131. \u00d6lene dek, yani otuz y\u0131l boyunca tiyatro eserleri yazd\u0131, y\u00f6netti ve temsillerde rol ald\u0131. Klasik Frans\u0131z komedyas\u0131n\u0131n kurucusu olarak kabul edilmesini sa\u011flayan bir gelenek yaratmay\u0131 ba\u015fard\u0131. 4. Mehmet\u2019in el\u00e7isi olarak Paris\u2019e gelen ve g\u00f6rkemli bir t\u00f6renle kar\u015f\u0131lanan S\u00fcleyman A\u011fa Frans\u0131z saray\u0131n\u0131n ihti\u015fam\u0131na beklenen ilgiyi g\u00f6stermeyince, 14. Louis bu ilgisizli\u011fin intikam\u0131n\u0131 almak i\u00e7in Moli\u00e8re\u2019e oyun sipari\u015f eder. Ortaya g\u00fcl\u00fcn\u00e7 bir T\u00fcrk balesiyle sonlanan e\u011flenceli bir hiciv \u00e7\u0131kar. Burjuva M\u00f6sy\u00f6 Jourdain\u2019in asilzade olma yolundaki umutsuz ve g\u00fcl\u00fcn\u00e7 m\u00fccadelesini anlatan, 14. Louis\u2019nin en \u00e7ok g\u00fcld\u00fc\u011f\u00fc Moli\u00e8re oyunu unvan\u0131n\u0131 kazanan Kibarl\u0131k Budalas\u0131 ilk kez 14 Ekim 1670\u2019te Chambord\u2019da, ayn\u0131 y\u0131l 28 Kas\u0131m\u2019da ise, sarayda kral\u0131n huzurunda oynanm\u0131\u015ft\u0131r. <\/p>\n","protected":false},"excerpt":{"rendered":"<p>Moli\u00e8re [Jean-Baptiste Poquelin] (1622-1673): Clermont Koleji\u2019nde Latin ve Yunan dili ve edebiyat\u0131 dersleri ald\u0131. Hukuk \u00f6\u011frenimi g\u00f6rd\u00fc, 1641\u2019de kabul edildi\u011fi barodan ayr\u0131ld\u0131. Zaman\u0131n\u0131 ve dehas\u0131n\u0131 tiyatroya<span class=\"excerpt-hellip\"> [\u2026]<\/span><\/p>\n","protected":false},"featured_media":0,"template":"","meta":{"_monsterinsights_skip_tracking":false,"_monsterinsights_sitenote_active":false,"_monsterinsights_sitenote_note":"","_monsterinsights_sitenote_category":0},"product_brand":[],"product_cat":[12291,14272],"product_tag":[],"class_list":{"0":"post-707226","1":"product","2":"type-product","3":"status-publish","5":"product_cat-edebiyat","6":"product_cat-tiyatro","7":"pa_cilt-ciltsiz","8":"pa_tur-kitap","9":"pa_yayinevi-is-bankasi-kultur-yayinlari","10":"pa_yazar-moliere","12":"first","13":"instock","14":"sale","15":"shipping-taxable","16":"purchasable","17":"product-type-simple"},"_links":{"self":[{"href":"https:\/\/roveyayinevi.com.tr\/index.php\/wp-json\/wp\/v2\/product\/707226","targetHints":{"allow":["GET"]}}],"collection":[{"href":"https:\/\/roveyayinevi.com.tr\/index.php\/wp-json\/wp\/v2\/product"}],"about":[{"href":"https:\/\/roveyayinevi.com.tr\/index.php\/wp-json\/wp\/v2\/types\/product"}],"wp:attachment":[{"href":"https:\/\/roveyayinevi.com.tr\/index.php\/wp-json\/wp\/v2\/media?parent=707226"}],"wp:term":[{"taxonomy":"product_brand","embeddable":true,"href":"https:\/\/roveyayinevi.com.tr\/index.php\/wp-json\/wp\/v2\/product_brand?post=707226"},{"taxonomy":"product_cat","embeddable":true,"href":"https:\/\/roveyayinevi.com.tr\/index.php\/wp-json\/wp\/v2\/product_cat?post=707226"},{"taxonomy":"product_tag","embeddable":true,"href":"https:\/\/roveyayinevi.com.tr\/index.php\/wp-json\/wp\/v2\/product_tag?post=707226"}],"curies":[{"name":"wp","href":"https:\/\/api.w.org\/{rel}","templated":true}]}}