{"id":707225,"date":"2025-08-27T16:03:17","date_gmt":"2025-08-27T13:03:17","guid":{"rendered":"https:\/\/roveyayinevi.com.tr\/index.php\/urun\/cifte-ihanet-ya-da-dertli-asiklar\/"},"modified":"2026-04-16T02:15:46","modified_gmt":"2026-04-15T23:15:46","slug":"cifte-ihanet-ya-da-dertli-asiklar","status":"publish","type":"product","link":"https:\/\/roveyayinevi.com.tr\/index.php\/urun\/cifte-ihanet-ya-da-dertli-asiklar\/","title":{"rendered":"\u00c7ifte \u0130hanet Ya Da Dertli A\u015f\u0131klar"},"content":{"rendered":"<p>William Shakespeare (1564-1616): Oyunlar\u0131 ve \u015fiirlerinde insanl\u0131k durumlar\u0131n\u0131 dile getiri\u015f g\u00fcc\u00fcyle 400 y\u0131ld\u0131r b\u00fct\u00fcn d\u00fcnya okur ve seyircilerini etkilemeyi s\u00fcrd\u00fcren efsanevi yazar. Shakespeare\u2019e ait oldu\u011fu yak\u0131n zamanda kabul edilen \u00c7ifte \u0130hanet ya da Dertli \u00c2\u015f\u0131klar, ilk kez 1727\u2019de Lewis Theobald taraf\u0131ndan sahnelenmi\u015f, 1728\u2019de de yay\u0131mlanm\u0131\u015ft\u0131r. Oyun Shakespeare\u2019in, John Fletcher ile birlikte yazd\u0131\u011f\u0131 ve 1613\u2019te sahnelenen The History of Cardenio adl\u0131 eserin kay\u0131p olan ikinci metnidir. B\u00fcy\u00fck b\u00f6l\u00fcm\u00fc Shakespeare\u2019in, son perde ise Fletcher\u2019\u0131n imzas\u0131n\u0131 ta\u015f\u0131r. Yap\u0131lan son ara\u015ft\u0131rmalar Theobald\u2019\u0131n oyuna katk\u0131s\u0131n\u0131n pek az oldu\u011funu g\u00f6stermi\u015ftir. Bir trajikomedi say\u0131labilecek oyunun olay dizisi, Cardenio gibi Cervantes\u2019in Don Quijote\u2019sine dayanmaktad\u0131r. \u00c7ifte \u0130hanet ya da Dertli \u00c2\u015f\u0131klar, b\u00fcy\u00fck yazar\u0131n \u00f6l\u00fcm\u00fcn\u00fcn 400. y\u0131l\u0131nda Hasan \u00c2li Y\u00fccel Klasikler Dizisi\u2019nin Shakespeare k\u00fclliyat\u0131nda yerini al\u0131yor. \ufffcTan\u0131t\u0131m Metni<\/p>\n","protected":false},"excerpt":{"rendered":"<p>William Shakespeare (1564-1616): Oyunlar\u0131 ve \u015fiirlerinde insanl\u0131k durumlar\u0131n\u0131 dile getiri\u015f g\u00fcc\u00fcyle 400 y\u0131ld\u0131r b\u00fct\u00fcn d\u00fcnya okur ve seyircilerini etkilemeyi s\u00fcrd\u00fcren efsanevi yazar. Shakespeare\u2019e ait oldu\u011fu yak\u0131n<span class=\"excerpt-hellip\"> [\u2026]<\/span><\/p>\n","protected":false},"featured_media":0,"template":"","meta":{"_monsterinsights_skip_tracking":false,"_monsterinsights_sitenote_active":false,"_monsterinsights_sitenote_note":"","_monsterinsights_sitenote_category":0},"product_brand":[],"product_cat":[12291,12866],"product_tag":[],"class_list":{"0":"post-707225","1":"product","2":"type-product","3":"status-publish","5":"product_cat-edebiyat","6":"product_cat-ingiliz-edebiyati","7":"pa_cilt-ciltsiz","8":"pa_tur-kitap","9":"pa_yayinevi-is-bankasi-kultur-yayinlari","10":"pa_yazar-william-shakespeare","12":"first","13":"instock","14":"sale","15":"shipping-taxable","16":"purchasable","17":"product-type-simple"},"_links":{"self":[{"href":"https:\/\/roveyayinevi.com.tr\/index.php\/wp-json\/wp\/v2\/product\/707225","targetHints":{"allow":["GET"]}}],"collection":[{"href":"https:\/\/roveyayinevi.com.tr\/index.php\/wp-json\/wp\/v2\/product"}],"about":[{"href":"https:\/\/roveyayinevi.com.tr\/index.php\/wp-json\/wp\/v2\/types\/product"}],"wp:attachment":[{"href":"https:\/\/roveyayinevi.com.tr\/index.php\/wp-json\/wp\/v2\/media?parent=707225"}],"wp:term":[{"taxonomy":"product_brand","embeddable":true,"href":"https:\/\/roveyayinevi.com.tr\/index.php\/wp-json\/wp\/v2\/product_brand?post=707225"},{"taxonomy":"product_cat","embeddable":true,"href":"https:\/\/roveyayinevi.com.tr\/index.php\/wp-json\/wp\/v2\/product_cat?post=707225"},{"taxonomy":"product_tag","embeddable":true,"href":"https:\/\/roveyayinevi.com.tr\/index.php\/wp-json\/wp\/v2\/product_tag?post=707225"}],"curies":[{"name":"wp","href":"https:\/\/api.w.org\/{rel}","templated":true}]}}