{"id":707224,"date":"2025-08-27T16:03:17","date_gmt":"2025-08-27T13:03:17","guid":{"rendered":"https:\/\/roveyayinevi.com.tr\/index.php\/urun\/sayilarin-olmadigi-ulke\/"},"modified":"2026-04-16T02:15:46","modified_gmt":"2026-04-15T23:15:46","slug":"sayilarin-olmadigi-ulke","status":"publish","type":"product","link":"https:\/\/roveyayinevi.com.tr\/index.php\/urun\/sayilarin-olmadigi-ulke\/","title":{"rendered":"Say\u0131lar\u0131n Olmad\u0131\u011f\u0131 \u00dclke"},"content":{"rendered":"<p>Matemati\u011fin s\u0131k\u0131c\u0131 oldu\u011funu mu d\u00fc\u015f\u00fcn\u00fcyorsun? Bu \u00f6yk\u00fcleri okumadan karar verme!Kare Bey, Geometrik \u015eekiller Birli\u011fi toplant\u0131s\u0131nda neler a\u00e7\u0131klad\u0131? K\u00fc\u00e7\u00fck Cetvel kendine e\u011flenceli bir ev bulabilecek mi? Daireler mi daha e\u011flenceli, bilgisayarlar m\u0131? \u0130yi kalpli S\u0131f\u0131r\u2019\u0131 kimler \u00fczd\u00fc?B\u00fct\u00fcn say\u0131lar niye k\u00fcst\u00fc?Matematik \u00f6\u011fretmeni Aysen Eser O <\/p>\n","protected":false},"excerpt":{"rendered":"<p>Matemati\u011fin s\u0131k\u0131c\u0131 oldu\u011funu mu d\u00fc\u015f\u00fcn\u00fcyorsun? Bu \u00f6yk\u00fcleri okumadan karar verme!Kare Bey, Geometrik \u015eekiller Birli\u011fi toplant\u0131s\u0131nda neler a\u00e7\u0131klad\u0131? K\u00fc\u00e7\u00fck Cetvel kendine e\u011flenceli bir ev bulabilecek mi? Daireler<span class=\"excerpt-hellip\"> [\u2026]<\/span><\/p>\n","protected":false},"featured_media":0,"template":"","meta":{"_monsterinsights_skip_tracking":false,"_monsterinsights_sitenote_active":false,"_monsterinsights_sitenote_note":"","_monsterinsights_sitenote_category":0},"product_brand":[],"product_cat":[12274,12518],"product_tag":[],"class_list":{"0":"post-707224","1":"product","2":"type-product","3":"status-publish","5":"product_cat-cocuk-ve-genclik-kitaplari","6":"product_cat-okul-oncesi-kitaplar","7":"pa_cilt-ciltsiz","8":"pa_tur-kitap","9":"pa_yayinevi-is-bankasi-kultur-yayinlari","10":"pa_yazar-oguz-saracoglu","12":"first","13":"instock","14":"sale","15":"shipping-taxable","16":"purchasable","17":"product-type-simple"},"_links":{"self":[{"href":"https:\/\/roveyayinevi.com.tr\/index.php\/wp-json\/wp\/v2\/product\/707224","targetHints":{"allow":["GET"]}}],"collection":[{"href":"https:\/\/roveyayinevi.com.tr\/index.php\/wp-json\/wp\/v2\/product"}],"about":[{"href":"https:\/\/roveyayinevi.com.tr\/index.php\/wp-json\/wp\/v2\/types\/product"}],"wp:attachment":[{"href":"https:\/\/roveyayinevi.com.tr\/index.php\/wp-json\/wp\/v2\/media?parent=707224"}],"wp:term":[{"taxonomy":"product_brand","embeddable":true,"href":"https:\/\/roveyayinevi.com.tr\/index.php\/wp-json\/wp\/v2\/product_brand?post=707224"},{"taxonomy":"product_cat","embeddable":true,"href":"https:\/\/roveyayinevi.com.tr\/index.php\/wp-json\/wp\/v2\/product_cat?post=707224"},{"taxonomy":"product_tag","embeddable":true,"href":"https:\/\/roveyayinevi.com.tr\/index.php\/wp-json\/wp\/v2\/product_tag?post=707224"}],"curies":[{"name":"wp","href":"https:\/\/api.w.org\/{rel}","templated":true}]}}