{"id":707223,"date":"2025-08-27T16:03:16","date_gmt":"2025-08-27T13:03:16","guid":{"rendered":"https:\/\/roveyayinevi.com.tr\/index.php\/urun\/tarihi-donemlere-ayirmak-sart-mi\/"},"modified":"2026-04-16T02:15:46","modified_gmt":"2026-04-15T23:15:46","slug":"tarihi-donemlere-ayirmak-sart-mi","status":"publish","type":"product","link":"https:\/\/roveyayinevi.com.tr\/index.php\/urun\/tarihi-donemlere-ayirmak-sart-mi\/","title":{"rendered":"Tarihi D\u00f6nemlere Ay\u0131rmak \u015eart M\u0131?"},"content":{"rendered":"<p>\u201cD\u00f6nemlendirme, insan\u0131n zaman \u00fczerindeki bir eylemini belirtmekte ve zaman\u0131n b\u00f6l\u00fcnmesinin herhangi bir etki olmadan kendili\u011finden ortaya \u00e7\u0131km\u0131\u015f bir durum olmad\u0131\u011f\u0131n\u0131 vurgulamaktad\u0131r. Buradaki meselemiz, insanlar\u0131n zaman\u0131 d\u00f6nemlere ay\u0131r\u0131rken \u015fu veya bu \u00f6l\u00e7\u00fcde ifade ettikleri, \u015fu veya bu \u00f6l\u00e7\u00fcde a\u00e7\u0131klad\u0131klar\u0131 nedenleri, bu d\u00f6nemlere atfettikleri mana ve de\u011ferin alt\u0131n\u0131 \u00e7izen tan\u0131mlarla birlikte ortaya koymak olacakt\u0131r.\u201d<\/p>\n","protected":false},"excerpt":{"rendered":"<p>\u201cD\u00f6nemlendirme, insan\u0131n zaman \u00fczerindeki bir eylemini belirtmekte ve zaman\u0131n b\u00f6l\u00fcnmesinin herhangi bir etki olmadan kendili\u011finden ortaya \u00e7\u0131km\u0131\u015f bir durum olmad\u0131\u011f\u0131n\u0131 vurgulamaktad\u0131r. Buradaki meselemiz, insanlar\u0131n zaman\u0131 d\u00f6nemlere<span class=\"excerpt-hellip\"> [\u2026]<\/span><\/p>\n","protected":false},"featured_media":0,"template":"","meta":{"_monsterinsights_skip_tracking":false,"_monsterinsights_sitenote_active":false,"_monsterinsights_sitenote_note":"","_monsterinsights_sitenote_category":0},"product_brand":[],"product_cat":[12312,12304],"product_tag":[],"class_list":{"0":"post-707223","1":"product","2":"type-product","3":"status-publish","5":"product_cat-diger","6":"product_cat-tarih","7":"pa_cilt-ciltsiz","8":"pa_tur-kitap","9":"pa_yayinevi-is-bankasi-kultur-yayinlari","10":"pa_yazar-jacques-le-goff","12":"first","13":"instock","14":"sale","15":"shipping-taxable","16":"purchasable","17":"product-type-simple"},"_links":{"self":[{"href":"https:\/\/roveyayinevi.com.tr\/index.php\/wp-json\/wp\/v2\/product\/707223","targetHints":{"allow":["GET"]}}],"collection":[{"href":"https:\/\/roveyayinevi.com.tr\/index.php\/wp-json\/wp\/v2\/product"}],"about":[{"href":"https:\/\/roveyayinevi.com.tr\/index.php\/wp-json\/wp\/v2\/types\/product"}],"wp:attachment":[{"href":"https:\/\/roveyayinevi.com.tr\/index.php\/wp-json\/wp\/v2\/media?parent=707223"}],"wp:term":[{"taxonomy":"product_brand","embeddable":true,"href":"https:\/\/roveyayinevi.com.tr\/index.php\/wp-json\/wp\/v2\/product_brand?post=707223"},{"taxonomy":"product_cat","embeddable":true,"href":"https:\/\/roveyayinevi.com.tr\/index.php\/wp-json\/wp\/v2\/product_cat?post=707223"},{"taxonomy":"product_tag","embeddable":true,"href":"https:\/\/roveyayinevi.com.tr\/index.php\/wp-json\/wp\/v2\/product_tag?post=707223"}],"curies":[{"name":"wp","href":"https:\/\/api.w.org\/{rel}","templated":true}]}}