{"id":707222,"date":"2025-08-27T16:03:16","date_gmt":"2025-08-27T13:03:16","guid":{"rendered":"https:\/\/roveyayinevi.com.tr\/index.php\/urun\/serbest-dusus-3\/"},"modified":"2026-04-16T02:15:46","modified_gmt":"2026-04-15T23:15:46","slug":"serbest-dusus-3","status":"publish","type":"product","link":"https:\/\/roveyayinevi.com.tr\/index.php\/urun\/serbest-dusus-3\/","title":{"rendered":"Serbest D\u00fc\u015f\u00fc\u015f"},"content":{"rendered":"<p>Sammy Mountjoy babas\u0131n\u0131 hi\u00e7 tan\u0131madan yoksulluk i\u00e7inde b\u00fcy\u00fcm\u00fc\u015fse de, resimlerini Tate Gallery\u2019nin duvarlar\u0131nda g\u00f6rebilmi\u015f yetenekli bir ressamd\u0131r. \u0130kinci D\u00fcnya Sava\u015f\u0131 s\u0131ras\u0131nda Almanlara esir d\u00fc\u015fer ve i\u015fkence tehdidiyle karanl\u0131k bir h\u00fccreye kapat\u0131l\u0131r. K\u00f6r karanl\u0131\u011f\u0131n, tecridin ve kendisini bekleyen ak\u0131betin deh\u015fetiyle ge\u00e7mi\u015f hayat\u0131n\u0131 g\u00f6zden ge\u00e7irir. Hayat\u0131n\u0131n anlam\u0131n\u0131 aniden nas\u0131l yitirdi\u011fini, hangi hatas\u0131n\u0131n onu bug\u00fcn oldu\u011fu ki\u015fiye d\u00f6n\u00fc\u015ft\u00fcrd\u00fc\u011f\u00fcn\u00fc d\u00fc\u015f\u00fcn\u00fcr ve y\u00f6n duygusunu yitirip kendi varolu\u015funun labirentine d\u00fc\u015f\u00fc\u015f\u00fcn\u00fc sorgulamaya koyulur. Sorumlulu\u011fu ne zaman ba\u015flam\u0131\u015f, karanl\u0131k ne zaman \u00e7\u00f6km\u00fc\u015ft\u00fcr? Sammy hayat\u0131nda \u00f6zg\u00fcr iradesinin elinden b\u00fct\u00fcn\u00fcyle kay\u0131p gitti\u011fi an\u0131 tespit etmeye \u00e7al\u0131\u015f\u0131r. O an\u0131 haz\u0131rlayan olaylar\u0131n izini s\u00fcrd\u00fc\u011f\u00fc bu sorgulama, onu insan olman\u0131n ne anlama geldi\u011fine dair daha derin bir kavray\u0131\u015fa g\u00f6t\u00fcr\u00fcr. Golding dehas\u0131n\u0131 b\u00fct\u00fcn\u00fcyle edebiyat\u0131n hizmetine verdi\u011fi Serbest D\u00fc\u015f\u00fc\u015f\u2019\u00fc \u201cBir itiraf\u201d olarak niteleyerek kendi hayat\u0131yla Sammy\u2019ninki aras\u0131ndaki paralelliklere dikkat \u00e7ekmi\u015fti.<\/p>\n","protected":false},"excerpt":{"rendered":"<p>Sammy Mountjoy babas\u0131n\u0131 hi\u00e7 tan\u0131madan yoksulluk i\u00e7inde b\u00fcy\u00fcm\u00fc\u015fse de, resimlerini Tate Gallery\u2019nin duvarlar\u0131nda g\u00f6rebilmi\u015f yetenekli bir ressamd\u0131r. \u0130kinci D\u00fcnya Sava\u015f\u0131 s\u0131ras\u0131nda Almanlara esir d\u00fc\u015fer ve i\u015fkence<span class=\"excerpt-hellip\"> [\u2026]<\/span><\/p>\n","protected":false},"featured_media":0,"template":"","meta":{"_monsterinsights_skip_tracking":false,"_monsterinsights_sitenote_active":false,"_monsterinsights_sitenote_note":"","_monsterinsights_sitenote_category":0},"product_brand":[],"product_cat":[12291,26797],"product_tag":[],"class_list":{"0":"post-707222","1":"product","2":"type-product","3":"status-publish","5":"product_cat-edebiyat","6":"product_cat-modern-klasikler","7":"pa_cilt-ciltsiz","8":"pa_tur-kitap","9":"pa_yayinevi-is-bankasi-kultur-yayinlari","10":"pa_yazar-sir-william-gerald-golding","12":"first","13":"instock","14":"sale","15":"shipping-taxable","16":"purchasable","17":"product-type-simple"},"_links":{"self":[{"href":"https:\/\/roveyayinevi.com.tr\/index.php\/wp-json\/wp\/v2\/product\/707222","targetHints":{"allow":["GET"]}}],"collection":[{"href":"https:\/\/roveyayinevi.com.tr\/index.php\/wp-json\/wp\/v2\/product"}],"about":[{"href":"https:\/\/roveyayinevi.com.tr\/index.php\/wp-json\/wp\/v2\/types\/product"}],"wp:attachment":[{"href":"https:\/\/roveyayinevi.com.tr\/index.php\/wp-json\/wp\/v2\/media?parent=707222"}],"wp:term":[{"taxonomy":"product_brand","embeddable":true,"href":"https:\/\/roveyayinevi.com.tr\/index.php\/wp-json\/wp\/v2\/product_brand?post=707222"},{"taxonomy":"product_cat","embeddable":true,"href":"https:\/\/roveyayinevi.com.tr\/index.php\/wp-json\/wp\/v2\/product_cat?post=707222"},{"taxonomy":"product_tag","embeddable":true,"href":"https:\/\/roveyayinevi.com.tr\/index.php\/wp-json\/wp\/v2\/product_tag?post=707222"}],"curies":[{"name":"wp","href":"https:\/\/api.w.org\/{rel}","templated":true}]}}