{"id":707221,"date":"2025-08-27T16:03:16","date_gmt":"2025-08-27T13:03:16","guid":{"rendered":"https:\/\/roveyayinevi.com.tr\/index.php\/urun\/theogonia-isler-ve-gunler\/"},"modified":"2026-04-16T02:15:46","modified_gmt":"2026-04-15T23:15:46","slug":"theogonia-isler-ve-gunler","status":"publish","type":"product","link":"https:\/\/roveyayinevi.com.tr\/index.php\/urun\/theogonia-isler-ve-gunler\/","title":{"rendered":"Theogonia &#8211; \u0130\u015fler ve G\u00fcnler"},"content":{"rendered":"<p>Hesiodos (y. M\u00d6 8. y\u00fczy\u0131l): Kulland\u0131\u011f\u0131 dil, yap\u0131tlar\u0131n\u0131n ta\u015f\u0131d\u0131\u011f\u0131 baz\u0131 karakteristik \u00f6zellikler, hayat\u0131 hakk\u0131nda \u00e7ok az bilgiye sahip oldu\u011fumuz Hesiodos\u2019un Aiol ve \u0130on k\u00f6kenli oldu\u011funu g\u00f6stermektedir. B\u00fcy\u00fck ozana ait oldu\u011fu kan\u0131tlanm\u0131\u015f iki \u00f6nemli eserden biri olan Theogonia, evrenin yarat\u0131l\u0131\u015f\u0131, tanr\u0131lar\u0131n do\u011fu\u015fu, tanr\u0131lar\u0131n ve tanr\u0131sal varl\u0131klar\u0131n soylar\u0131 gibi Yunan kozmolojisini kuran meseleler ile belli ba\u015fl\u0131 Yunan efsanelerini konu alan epik bir eserdir. Yunan didaktik \u015fiirinin ilk \u00f6rne\u011fi kabul edilen \u0130\u015fler ve G\u00fcnler\u2019de ise ozan, insanl\u0131k tecr\u00fcbesine adalet, erdem, \u00e7al\u0131\u015fma, c\u00f6mertlik, hak, hukuk, d\u00fczen ve do\u011fruluk gibi kavramlar\u0131n \u201cger\u00e7e\u011fini\u201d s\u00f6yleyerek dokunur; tar\u0131m, denizcilik i\u015flerine dair i\u015flevsel bilgiler sunar; ay\u0131n u\u011furlu ve u\u011fursuz g\u00fcnlerini s\u0131ralar. Bu bilgece \u00f6\u011f\u00fctler Anadolu insan\u0131na yabanc\u0131 gelmeyecektir, zira konu\u015fan sadece Hesiodos de\u011fil, ayn\u0131 zamanda Akdeniz halklar\u0131d\u0131r. Hasan \u00c2li Y\u00fccel Klasikler Dizisi, bu iki eserin bu en de\u011ferli \u00e7evirisini, Azra Erhat\u2019\u0131n haz\u0131rlad\u0131\u011f\u0131 \u201cHesiodos Eseri ve Kaynaklar\u0131\u201d ba\u015fl\u0131kl\u0131 inceleme ve s\u00f6zl\u00fck e\u015fli\u011finde yeniden okurla bulu\u015fturuyor. \ufffcTan\u0131t\u0131m Metni<\/p>\n","protected":false},"excerpt":{"rendered":"<p>Hesiodos (y. M\u00d6 8. y\u00fczy\u0131l): Kulland\u0131\u011f\u0131 dil, yap\u0131tlar\u0131n\u0131n ta\u015f\u0131d\u0131\u011f\u0131 baz\u0131 karakteristik \u00f6zellikler, hayat\u0131 hakk\u0131nda \u00e7ok az bilgiye sahip oldu\u011fumuz Hesiodos\u2019un Aiol ve \u0130on k\u00f6kenli oldu\u011funu g\u00f6stermektedir.<span class=\"excerpt-hellip\"> [\u2026]<\/span><\/p>\n","protected":false},"featured_media":0,"template":"","meta":{"_monsterinsights_skip_tracking":false,"_monsterinsights_sitenote_active":false,"_monsterinsights_sitenote_note":"","_monsterinsights_sitenote_category":0},"product_brand":[],"product_cat":[14841,13043],"product_tag":[],"class_list":{"0":"post-707221","1":"product","2":"type-product","3":"status-publish","5":"product_cat-arastirma-inceleme-kuram","6":"product_cat-ekonomi","7":"pa_cilt-ciltsiz","8":"pa_tur-kitap","9":"pa_yayinevi-is-bankasi-kultur-yayinlari","10":"pa_yazar-hesiodos","12":"first","13":"instock","14":"sale","15":"shipping-taxable","16":"purchasable","17":"product-type-simple"},"_links":{"self":[{"href":"https:\/\/roveyayinevi.com.tr\/index.php\/wp-json\/wp\/v2\/product\/707221","targetHints":{"allow":["GET"]}}],"collection":[{"href":"https:\/\/roveyayinevi.com.tr\/index.php\/wp-json\/wp\/v2\/product"}],"about":[{"href":"https:\/\/roveyayinevi.com.tr\/index.php\/wp-json\/wp\/v2\/types\/product"}],"wp:attachment":[{"href":"https:\/\/roveyayinevi.com.tr\/index.php\/wp-json\/wp\/v2\/media?parent=707221"}],"wp:term":[{"taxonomy":"product_brand","embeddable":true,"href":"https:\/\/roveyayinevi.com.tr\/index.php\/wp-json\/wp\/v2\/product_brand?post=707221"},{"taxonomy":"product_cat","embeddable":true,"href":"https:\/\/roveyayinevi.com.tr\/index.php\/wp-json\/wp\/v2\/product_cat?post=707221"},{"taxonomy":"product_tag","embeddable":true,"href":"https:\/\/roveyayinevi.com.tr\/index.php\/wp-json\/wp\/v2\/product_tag?post=707221"}],"curies":[{"name":"wp","href":"https:\/\/api.w.org\/{rel}","templated":true}]}}