{"id":707218,"date":"2025-08-27T16:03:14","date_gmt":"2025-08-27T13:03:14","guid":{"rendered":"https:\/\/roveyayinevi.com.tr\/index.php\/urun\/hellboy-maskeler-ve-canavarlar-batman\/"},"modified":"2026-04-16T02:15:46","modified_gmt":"2026-04-15T23:15:46","slug":"hellboy-maskeler-ve-canavarlar-batman","status":"publish","type":"product","link":"https:\/\/roveyayinevi.com.tr\/index.php\/urun\/hellboy-maskeler-ve-canavarlar-batman\/","title":{"rendered":"Hellboy : Maskeler Ve Canavarlar ( Batman )"},"content":{"rendered":"<p>Mike Mignola, sizelere iki ola\u011fan\u00fcst\u00fc maceray\u0131 birlikte sunabilmek i\u00e7in s\u00fcper kahramanlar\u0131n y\u0131ld\u0131z yarat\u0131c\u0131lar\u0131yla bir araya geliyor!\u00d6nce Hellboy, Batman, Starman ve ilk Starman, Ted Knight&#8217;\u0131 kadim bir tanr\u0131y\u0131 diriltmesi i\u00e7in kullanmay\u0131 planlayan gizli bir Nazi \u00f6rg\u00fct\u00fcn\u00fcn elinden kurtarmak i\u00e7in g\u00fc\u00e7lerini birle\u015ftirerek onlar\u0131 Gotham&#8217;\u0131n \u00e7at\u0131lar\u0131ndan Amazon&#8217;un sisli ormanlar\u0131na s\u00fcr\u00fckleyecek bir maceraya at\u0131l\u0131yorlar.Sonra Hellboy, kadim bir maske taraf\u0131ndan \u00f6r\u00fclm\u00fc\u015f entrika a\u011f\u0131na dolanan hayalet kahraman Ghost&#8217;u aramak i\u00e7in Arcadia&#8217;ya gidiyor.<\/p>\n","protected":false},"excerpt":{"rendered":"<p>Mike Mignola, sizelere iki ola\u011fan\u00fcst\u00fc maceray\u0131 birlikte sunabilmek i\u00e7in s\u00fcper kahramanlar\u0131n y\u0131ld\u0131z yarat\u0131c\u0131lar\u0131yla bir araya geliyor!\u00d6nce Hellboy, Batman, Starman ve ilk Starman, Ted Knight&#8217;\u0131 kadim bir<span class=\"excerpt-hellip\"> [\u2026]<\/span><\/p>\n","protected":false},"featured_media":0,"template":"","meta":{"_monsterinsights_skip_tracking":false,"_monsterinsights_sitenote_active":false,"_monsterinsights_sitenote_note":"","_monsterinsights_sitenote_category":0},"product_brand":[],"product_cat":[12416,12291],"product_tag":[],"class_list":{"0":"post-707218","1":"product","2":"type-product","3":"status-publish","5":"product_cat-cizgi-roman","6":"product_cat-edebiyat","7":"pa_cilt-ciltsiz","8":"pa_tur-kitap","9":"pa_yayinevi-jbc-yayincilik","10":"pa_yazar-james-robinson-mike-mignola","12":"first","13":"instock","14":"sale","15":"shipping-taxable","16":"purchasable","17":"product-type-simple"},"_links":{"self":[{"href":"https:\/\/roveyayinevi.com.tr\/index.php\/wp-json\/wp\/v2\/product\/707218","targetHints":{"allow":["GET"]}}],"collection":[{"href":"https:\/\/roveyayinevi.com.tr\/index.php\/wp-json\/wp\/v2\/product"}],"about":[{"href":"https:\/\/roveyayinevi.com.tr\/index.php\/wp-json\/wp\/v2\/types\/product"}],"wp:attachment":[{"href":"https:\/\/roveyayinevi.com.tr\/index.php\/wp-json\/wp\/v2\/media?parent=707218"}],"wp:term":[{"taxonomy":"product_brand","embeddable":true,"href":"https:\/\/roveyayinevi.com.tr\/index.php\/wp-json\/wp\/v2\/product_brand?post=707218"},{"taxonomy":"product_cat","embeddable":true,"href":"https:\/\/roveyayinevi.com.tr\/index.php\/wp-json\/wp\/v2\/product_cat?post=707218"},{"taxonomy":"product_tag","embeddable":true,"href":"https:\/\/roveyayinevi.com.tr\/index.php\/wp-json\/wp\/v2\/product_tag?post=707218"}],"curies":[{"name":"wp","href":"https:\/\/api.w.org\/{rel}","templated":true}]}}