{"id":707216,"date":"2025-08-27T16:03:13","date_gmt":"2025-08-27T13:03:13","guid":{"rendered":"https:\/\/roveyayinevi.com.tr\/index.php\/urun\/cihangir-dalkavugu-tarih\/"},"modified":"2026-04-16T02:15:46","modified_gmt":"2026-04-15T23:15:46","slug":"cihangir-dalkavugu-tarih","status":"publish","type":"product","link":"https:\/\/roveyayinevi.com.tr\/index.php\/urun\/cihangir-dalkavugu-tarih\/","title":{"rendered":"Cihangir Dalkavu\u011fu Tarih"},"content":{"rendered":"<p>Refik Halid Karay\u2019\u0131n incelikli ele\u015ftirel tavr\u0131, muhalif  bilincinin her t\u00fcrl\u00fc kalem oyunlar\u0131ndan uzak sahihli\u011fi Cihangir Dalkavu\u011fu Tarih toplam\u0131n da yer alan tarih yaz\u0131lar\u0131n\u0131 uyan\u0131k bir zihnin rehberli\u011finde okumay\u0131 zorunlu k\u0131l\u0131yor. Karay\u2019\u0131n hem tarih kavram\u0131na yakla\u015f\u0131m\u0131, tarihin gelenekle \u015fekillenmi\u015f yap\u0131s\u0131na isyan eden tavr\u0131n\u0131n yan\u0131nda tan\u0131kl\u0131k etti\u011fi d\u00f6neme ili\u015fkin zengin bir bellek ar\u015fivine sahip olmas\u0131 muhtelif zamanlarda yaz\u0131lm\u0131\u015f bu yaz\u0131lar\u0131 daha da benzersiz k\u0131l\u0131yor. D\u00fcz \u00e7izgisel tarih anlay\u0131\u015f\u0131n\u0131n vasat ko\u015fulland\u0131rmalar\u0131ndan uzak \u00f6ng\u00f6r\u00fcleriyle tarihin ayn\u0131 zamanda sosyo-ekonomik y\u00f6n\u00fcn\u00fcn kayd\u0131n\u0131 tutan Cihangir Dalkavu\u011fu Tarih dile getirdikleriyle ve \u201cTarih\u201de isyan manifestosuyla her zamankinden daha fazla vazge\u00e7ilmez bir kaynak olma niteli\u011fini ta\u015f\u0131yor: <\/p>\n","protected":false},"excerpt":{"rendered":"<p>Refik Halid Karay\u2019\u0131n incelikli ele\u015ftirel tavr\u0131, muhalif bilincinin her t\u00fcrl\u00fc kalem oyunlar\u0131ndan uzak sahihli\u011fi Cihangir Dalkavu\u011fu Tarih toplam\u0131n da yer alan tarih yaz\u0131lar\u0131n\u0131 uyan\u0131k bir zihnin<span class=\"excerpt-hellip\"> [\u2026]<\/span><\/p>\n","protected":false},"featured_media":0,"template":"","meta":{"_monsterinsights_skip_tracking":false,"_monsterinsights_sitenote_active":false,"_monsterinsights_sitenote_note":"","_monsterinsights_sitenote_category":0},"product_brand":[],"product_cat":[12304,13650],"product_tag":[],"class_list":{"0":"post-707216","1":"product","2":"type-product","3":"status-publish","5":"product_cat-tarih","6":"product_cat-turk-tarihi-arastirmalari","7":"pa_cilt-ciltsiz","8":"pa_tur-kitap","9":"pa_yayinevi-inkilap-kitabevi","10":"pa_yazar-refik-halid-karay","12":"first","13":"instock","14":"sale","15":"shipping-taxable","16":"purchasable","17":"product-type-simple"},"_links":{"self":[{"href":"https:\/\/roveyayinevi.com.tr\/index.php\/wp-json\/wp\/v2\/product\/707216","targetHints":{"allow":["GET"]}}],"collection":[{"href":"https:\/\/roveyayinevi.com.tr\/index.php\/wp-json\/wp\/v2\/product"}],"about":[{"href":"https:\/\/roveyayinevi.com.tr\/index.php\/wp-json\/wp\/v2\/types\/product"}],"wp:attachment":[{"href":"https:\/\/roveyayinevi.com.tr\/index.php\/wp-json\/wp\/v2\/media?parent=707216"}],"wp:term":[{"taxonomy":"product_brand","embeddable":true,"href":"https:\/\/roveyayinevi.com.tr\/index.php\/wp-json\/wp\/v2\/product_brand?post=707216"},{"taxonomy":"product_cat","embeddable":true,"href":"https:\/\/roveyayinevi.com.tr\/index.php\/wp-json\/wp\/v2\/product_cat?post=707216"},{"taxonomy":"product_tag","embeddable":true,"href":"https:\/\/roveyayinevi.com.tr\/index.php\/wp-json\/wp\/v2\/product_tag?post=707216"}],"curies":[{"name":"wp","href":"https:\/\/api.w.org\/{rel}","templated":true}]}}