{"id":707214,"date":"2025-08-27T16:03:12","date_gmt":"2025-08-27T13:03:12","guid":{"rendered":"https:\/\/roveyayinevi.com.tr\/index.php\/urun\/eski-venus\/"},"modified":"2026-04-16T02:15:46","modified_gmt":"2026-04-15T23:15:46","slug":"eski-venus","status":"publish","type":"product","link":"https:\/\/roveyayinevi.com.tr\/index.php\/urun\/eski-venus\/","title":{"rendered":"Eski Ven\u00fcs"},"content":{"rendered":"<p>Game Of Thrones\u2019un Yazar\u0131 George R. R. Martin\u2019den yepyeni bir seri.\u201cEski Ven\u00fcs\u2019le ilgili yeni hikayeler\u201d hayalimizin meyvelerini bu antolojide bulabilirsiniz. Okuyaca\u011f\u0131n\u0131z hikayeler, sizi daha \u00f6nce hi\u00e7 gitmedi\u011finiz yerlere g\u00f6t\u00fcrecektir, orada bulunmaktan asla pi\u015fman olmayaca\u011f\u0131n\u0131z yerlere&#8230;- Gardner DozoisUzay meki\u011fi, bulutlar\u0131 a\u015fa\u011f\u0131ya do\u011fru yararak ilerlerken uzun zaman ge\u00e7mi\u015f gibiydi; ta ki pencerelerdeki g\u00f6r\u00fcnt\u00fc netle\u015fip de Ven\u00fcs\u2019\u00fcn o u\u00e7suz bucaks\u0131z okyanusu a\u015fikar olana dek.- Allen M. Steele?Ven\u00fcs\u2019teydi. Antik gezegen Ven\u00fcs&#8230; K\u00f6r \u015fairin dedi\u011fi gibi, insano\u011flu hi\u00e7 \u015f\u00fcphesiz uzay\u0131 \u00e7ok \u00f6nceden ele ge\u00e7irmi\u015fti. \u2039nsank\u0131z\u0131 da tabi!- Lavie TidharSek\u2019ool, Forrest\u2019e yolda bir\u00e7ok \u015fey anlatm\u0131\u015ft\u0131. Kendi \u015fehirlerinin ismi Lacertan\u2019d\u0131. Lacertan, ba\u015fka \u015fehirlerle m\u00fcttefiklik antla\u015fmas\u0131 imzalam\u0131\u015f ve Band isimli liberal, ba\u011f\u0131ms\u0131z \u015fehirlerden meydana gelen bir birlik olu\u015fturmu\u015flard\u0131. \u2039kinci bir olu\u015fum daha vard\u0131, bir imparatorluk&#8230;- Gwyneth JonesBelki de hep Mars\u2019ta kalmal\u0131yd\u0131m. Ven\u00fcs\u2019teyken bir\u00e7ok kimsenin akl\u0131na gelen budur.- Joe HaldemanNas\u0131l ki Eskimolar kar \u00e7e\u015fitleri i\u00e7in y\u00fcz farkl\u0131 kelime kullan\u0131rlar, Ven\u00fcsl\u00fcler de bir o kadar kelimeyi ya\u011fmur \u00e7e\u015fitlerini tan\u0131mlamak i\u00e7in kullan\u0131rlard\u0131.- Stephen Leigh\u201cDuydum ki siz lepral\u0131lar Roar\u2019a giden yolu biliyormu\u015fsunuz,\u201d dedi Vinnie. Ka\u011f\u0131ttan bir harita \u00e7\u0131kar\u0131p -burada harita tabletleri ka\u011f\u0131tlardan daha \u00e7abuk bozuluyorlard\u0131 a\u00e7t\u0131 ve enkaz\u0131n muhtemel yerini Theodore\u2019a g\u00f6sterdi.- Garth Nix<\/p>\n","protected":false},"excerpt":{"rendered":"<p>Game Of Thrones\u2019un Yazar\u0131 George R. R. Martin\u2019den yepyeni bir seri.\u201cEski Ven\u00fcs\u2019le ilgili yeni hikayeler\u201d hayalimizin meyvelerini bu antolojide bulabilirsiniz. Okuyaca\u011f\u0131n\u0131z hikayeler, sizi daha \u00f6nce hi\u00e7<span class=\"excerpt-hellip\"> [\u2026]<\/span><\/p>\n","protected":false},"featured_media":0,"template":"","meta":{"_monsterinsights_skip_tracking":false,"_monsterinsights_sitenote_active":false,"_monsterinsights_sitenote_note":"","_monsterinsights_sitenote_category":0},"product_brand":[],"product_cat":[12540,12291],"product_tag":[],"class_list":{"0":"post-707214","1":"product","2":"type-product","3":"status-publish","5":"product_cat-bilim-kurgu","6":"product_cat-edebiyat","7":"pa_cilt-ciltsiz","8":"pa_tur-kitap","9":"pa_yayinevi-kalkedon-yayincilik","10":"pa_yazar-george-r-r-martin","12":"first","13":"instock","14":"sale","15":"shipping-taxable","16":"purchasable","17":"product-type-simple"},"_links":{"self":[{"href":"https:\/\/roveyayinevi.com.tr\/index.php\/wp-json\/wp\/v2\/product\/707214","targetHints":{"allow":["GET"]}}],"collection":[{"href":"https:\/\/roveyayinevi.com.tr\/index.php\/wp-json\/wp\/v2\/product"}],"about":[{"href":"https:\/\/roveyayinevi.com.tr\/index.php\/wp-json\/wp\/v2\/types\/product"}],"wp:attachment":[{"href":"https:\/\/roveyayinevi.com.tr\/index.php\/wp-json\/wp\/v2\/media?parent=707214"}],"wp:term":[{"taxonomy":"product_brand","embeddable":true,"href":"https:\/\/roveyayinevi.com.tr\/index.php\/wp-json\/wp\/v2\/product_brand?post=707214"},{"taxonomy":"product_cat","embeddable":true,"href":"https:\/\/roveyayinevi.com.tr\/index.php\/wp-json\/wp\/v2\/product_cat?post=707214"},{"taxonomy":"product_tag","embeddable":true,"href":"https:\/\/roveyayinevi.com.tr\/index.php\/wp-json\/wp\/v2\/product_tag?post=707214"}],"curies":[{"name":"wp","href":"https:\/\/api.w.org\/{rel}","templated":true}]}}