{"id":707213,"date":"2025-08-27T16:03:12","date_gmt":"2025-08-27T13:03:12","guid":{"rendered":"https:\/\/roveyayinevi.com.tr\/index.php\/urun\/eski-mars\/"},"modified":"2026-04-16T02:15:46","modified_gmt":"2026-04-15T23:15:46","slug":"eski-mars","status":"publish","type":"product","link":"https:\/\/roveyayinevi.com.tr\/index.php\/urun\/eski-mars\/","title":{"rendered":"Eski Mars"},"content":{"rendered":"<p>Game Of Thrones\u2019un Yazar\u0131 George R. R. Martin\u2019den yepyeni bir seri.Bilimkurgu t\u00fcr\u00fc geleneksel kurgu gelene\u011finin bir par\u00e7as\u0131d\u0131r, her zaman \u00f6yle kalacakt\u0131r ve kurgu t\u00fcr\u00fc hi\u00e7bir zaman ger\u00e7ekle ilgilenmez.\u015eu an elinizde tuttu\u011funuz bu antoloji sonunda bizi Eski Dost Mars\u2019a g\u00f6t\u00fcrecek, on be\u015f yepyeni hik\u00e2yeden olu\u015fan bu kitap ile Eski Dost Mars\u2019a, kaybolan Mars\u2019a kavu\u015facaks\u0131n\u0131z, kanallar\u0131n, \u00f6l\u00fc \u015fehirlerin ve Marsl\u0131lar\u0131n oldu\u011fu Mars\u2019a.- George R. R. MartinMars\u2019taki en tehlikeli adam Omar Al-Baz\u2019d\u0131 ve ben onu ilk g\u00f6rd\u00fc\u011f\u00fcmde Rio Zephyria uzay \u00fcss\u00fcnde kusuyordu.- Allen M. SteeleMarsl\u0131lar, ince kemikli, a\u011f\u0131rba\u015fl\u0131, esmer tenli ve alt\u0131n renkli g\u00f6zleri olan canl\u0131lard\u0131 ama genellikle d\u0131\u015far\u0131 \u00e7\u0131karken maskeler takarlard\u0131 ve bu maskeler erkekler i\u00e7in gri ya da mavi, kad\u0131nlar i\u00e7in k\u0131rm\u0131z\u0131 ve \u00e7ocuklar i\u00e7in alt\u0131n rengi yap\u0131l\u0131rd\u0131.- Matthew Hughes\u201cZho\u2019da\u2019ya Ho\u015fgeldiniz,\u201d dedi Sally Yamashita.\u201cBir aydan fazla s\u00fcredir Mars\u2019tay\u0131m!\u201d\u201cKennedy \u00dcss\u00fc Mars \u00fczerinde ama asl\u0131nda Zho\u2019da \u00fczerinde de\u011fil,\u201d dedi Sally.- S. M. StirlingKalabal\u0131k olmas\u0131n\u0131n \u00f6zel bir sebebi yoktu. Mars havaliman\u0131n\u0131n \u00e7evresinde yirmi tane y\u0131k\u0131k d\u00f6k\u00fck bar vard\u0131, barlar\u0131n i\u00e7inde ne olup bitti\u011fi konusunda herkes \u00fc\u00e7 maymunu oynard\u0131 ama Razzo\u2019nun bar\u0131 onlardan farkl\u0131 olan tek mekand\u0131.- Mike ResnickSabah\u0131n ayaz\u0131nda ayaktay\u0131m; yan\u0131mda da Terran biliminin yapabildi\u011fi en iyi slimshang uzay gemisi var.- Howard Waldrop\u201cTanr\u0131m. hala kahrolas\u0131 Mars\u2019tay\u0131z.\u201d- Ian Mcdonald<\/p>\n","protected":false},"excerpt":{"rendered":"<p>Game Of Thrones\u2019un Yazar\u0131 George R. R. Martin\u2019den yepyeni bir seri.Bilimkurgu t\u00fcr\u00fc geleneksel kurgu gelene\u011finin bir par\u00e7as\u0131d\u0131r, her zaman \u00f6yle kalacakt\u0131r ve kurgu t\u00fcr\u00fc hi\u00e7bir zaman<span class=\"excerpt-hellip\"> [\u2026]<\/span><\/p>\n","protected":false},"featured_media":0,"template":"","meta":{"_monsterinsights_skip_tracking":false,"_monsterinsights_sitenote_active":false,"_monsterinsights_sitenote_note":"","_monsterinsights_sitenote_category":0},"product_brand":[],"product_cat":[12540,12291],"product_tag":[],"class_list":{"0":"post-707213","1":"product","2":"type-product","3":"status-publish","5":"product_cat-bilim-kurgu","6":"product_cat-edebiyat","7":"pa_cilt-ciltsiz","8":"pa_tur-kitap","9":"pa_yayinevi-kalkedon-yayincilik","10":"pa_yazar-george-r-r-martin","12":"first","13":"instock","14":"sale","15":"shipping-taxable","16":"purchasable","17":"product-type-simple"},"_links":{"self":[{"href":"https:\/\/roveyayinevi.com.tr\/index.php\/wp-json\/wp\/v2\/product\/707213","targetHints":{"allow":["GET"]}}],"collection":[{"href":"https:\/\/roveyayinevi.com.tr\/index.php\/wp-json\/wp\/v2\/product"}],"about":[{"href":"https:\/\/roveyayinevi.com.tr\/index.php\/wp-json\/wp\/v2\/types\/product"}],"wp:attachment":[{"href":"https:\/\/roveyayinevi.com.tr\/index.php\/wp-json\/wp\/v2\/media?parent=707213"}],"wp:term":[{"taxonomy":"product_brand","embeddable":true,"href":"https:\/\/roveyayinevi.com.tr\/index.php\/wp-json\/wp\/v2\/product_brand?post=707213"},{"taxonomy":"product_cat","embeddable":true,"href":"https:\/\/roveyayinevi.com.tr\/index.php\/wp-json\/wp\/v2\/product_cat?post=707213"},{"taxonomy":"product_tag","embeddable":true,"href":"https:\/\/roveyayinevi.com.tr\/index.php\/wp-json\/wp\/v2\/product_tag?post=707213"}],"curies":[{"name":"wp","href":"https:\/\/api.w.org\/{rel}","templated":true}]}}