{"id":707211,"date":"2025-08-27T16:03:11","date_gmt":"2025-08-27T13:03:11","guid":{"rendered":"https:\/\/roveyayinevi.com.tr\/index.php\/urun\/boyali-pece\/"},"modified":"2026-04-16T02:15:46","modified_gmt":"2026-04-15T23:15:46","slug":"boyali-pece","status":"publish","type":"product","link":"https:\/\/roveyayinevi.com.tr\/index.php\/urun\/boyali-pece\/","title":{"rendered":"Boyal\u0131 Pe\u00e7e"},"content":{"rendered":"<p>1920\u2019li y\u0131llarda Londra ve Hong Kong\u2019da ge\u00e7en Boyal\u0131 Pe\u00e7e, bir kad\u0131n\u0131n ruhani uyan\u0131\u015f\u0131n\u0131n hikayesidir. Kitty, annesi taraf\u0131ndan sosyal merdivende y\u00fckselmesini sa\u011flayacak bir evlilik yapmak \u00fczere yeti\u015ftirilmi\u015ftir. Ancak ya\u015f\u0131 ilerlerken ufukta b\u00f6yle bir evlilik belirmeyince panik halinde sevmedi\u011fi bir adamla; Hong Kong\u2019da bakteriyolog olarak g\u00f6rev yapan Walter\u2019la evlenir. Walter\u2019\u0131n Kitty\u2019nin ihanetini \u00f6\u011frenmesiyle ba\u015flayan s\u00fcre\u00e7te, gen\u00e7 kad\u0131n kendi s\u0131\u011fl\u0131\u011f\u0131n\u0131 ve insani zaaflar\u0131n\u0131 fark edecek, hayat\u0131nda ilk kez anlam aramaya ba\u015flayacakt\u0131r. Boyal\u0131 Pe\u00e7e 1924 y\u0131l\u0131nda Cosmopolitan dergisinde tefrika olarak yay\u0131mlanmaya ba\u015flad\u0131\u011f\u0131nda, romandaki ki\u015fi ve olaylarla kendi hayatlar\u0131 aras\u0131nda paralellik kuran baz\u0131 ki\u015filer dergiye dava a\u00e7m\u0131\u015flard\u0131. <\/p>\n","protected":false},"excerpt":{"rendered":"<p>1920\u2019li y\u0131llarda Londra ve Hong Kong\u2019da ge\u00e7en Boyal\u0131 Pe\u00e7e, bir kad\u0131n\u0131n ruhani uyan\u0131\u015f\u0131n\u0131n hikayesidir. Kitty, annesi taraf\u0131ndan sosyal merdivende y\u00fckselmesini sa\u011flayacak bir evlilik yapmak \u00fczere yeti\u015ftirilmi\u015ftir.<span class=\"excerpt-hellip\"> [\u2026]<\/span><\/p>\n","protected":false},"featured_media":0,"template":"","meta":{"_monsterinsights_skip_tracking":false,"_monsterinsights_sitenote_active":false,"_monsterinsights_sitenote_note":"","_monsterinsights_sitenote_category":0},"product_brand":[],"product_cat":[12291,26797],"product_tag":[],"class_list":{"0":"post-707211","1":"product","2":"type-product","3":"status-publish","5":"product_cat-edebiyat","6":"product_cat-modern-klasikler","7":"pa_cilt-ciltsiz","8":"pa_tur-kitap","9":"pa_yayinevi-is-bankasi-kultur-yayinlari","10":"pa_yazar-w-somerset-maugham","12":"first","13":"instock","14":"sale","15":"shipping-taxable","16":"purchasable","17":"product-type-simple"},"_links":{"self":[{"href":"https:\/\/roveyayinevi.com.tr\/index.php\/wp-json\/wp\/v2\/product\/707211","targetHints":{"allow":["GET"]}}],"collection":[{"href":"https:\/\/roveyayinevi.com.tr\/index.php\/wp-json\/wp\/v2\/product"}],"about":[{"href":"https:\/\/roveyayinevi.com.tr\/index.php\/wp-json\/wp\/v2\/types\/product"}],"wp:attachment":[{"href":"https:\/\/roveyayinevi.com.tr\/index.php\/wp-json\/wp\/v2\/media?parent=707211"}],"wp:term":[{"taxonomy":"product_brand","embeddable":true,"href":"https:\/\/roveyayinevi.com.tr\/index.php\/wp-json\/wp\/v2\/product_brand?post=707211"},{"taxonomy":"product_cat","embeddable":true,"href":"https:\/\/roveyayinevi.com.tr\/index.php\/wp-json\/wp\/v2\/product_cat?post=707211"},{"taxonomy":"product_tag","embeddable":true,"href":"https:\/\/roveyayinevi.com.tr\/index.php\/wp-json\/wp\/v2\/product_tag?post=707211"}],"curies":[{"name":"wp","href":"https:\/\/api.w.org\/{rel}","templated":true}]}}