{"id":707209,"date":"2025-08-27T16:03:10","date_gmt":"2025-08-27T13:03:10","guid":{"rendered":"https:\/\/roveyayinevi.com.tr\/index.php\/urun\/sinif-sendika-siyaset\/"},"modified":"2026-04-16T02:15:46","modified_gmt":"2026-04-15T23:15:46","slug":"sinif-sendika-siyaset","status":"publish","type":"product","link":"https:\/\/roveyayinevi.com.tr\/index.php\/urun\/sinif-sendika-siyaset\/","title":{"rendered":"S\u0131n\u0131f Sendika Siyaset"},"content":{"rendered":"<p>S\u0131n\u0131f Sendika Siyaset\u2019te, T\u00fcrkiye emek tarihinden \u00f6nemli ve ilgin\u00e7 kesitler yer al\u0131yor. Tek parti d\u00f6neminden \u00e7ok partili d\u00f6neme, oradan g\u00fcn\u00fcm\u00fcze kadar uzanan s\u00fcre\u00e7te, ama esas olarak 1940\u2019l\u0131, 50\u2019li ve 60\u2019l\u0131 y\u0131llar itibariyle T\u00fcrkiye\u2019de i\u015f\u00e7i s\u0131n\u0131f\u0131n\u0131n olu\u015fum s\u00fcreci, sendikal \u00f6rg\u00fctlenme giri\u015fimleri, devletin i\u015f\u00e7i ve esnaf \u00f6rg\u00fctlenmeleri kar\u015f\u0131s\u0131ndaki tavr\u0131 ile bu \u00f6rg\u00fctleri vesayet alt\u0131na alma ve bask\u0131lama \u00e7abalar\u0131, bu kesitlerin belli ba\u015fl\u0131lar\u0131. Bu uzun zaman aral\u0131\u011f\u0131nda, bir taraftan iktisadi alanda geli\u015fme ve siyasal alanda demokratikle\u015fme s\u00fcre\u00e7leri ya\u015fan\u0131rken, di\u011fer taraftan da her d\u00f6nemde de\u011fi\u015fik g\u00f6r\u00fcn\u00fcmlerle varl\u0131\u011f\u0131n\u0131 s\u00fcrd\u00fcren otoritarizm ve bunun emek evrenine yans\u0131malar\u0131, S\u0131n\u0131f Sendika Siyaset\u2019teki \u00e7al\u0131\u015fmalarda yer buluyor. T\u00fcrkiye sosyal politika yaz\u0131n\u0131nda \u00fczerinde ya hi\u00e7 ya da yeterince \u00e7al\u0131\u015f\u0131lmam\u0131\u015f olan bu kesitler, S\u0131n\u0131f Sendika Siyaset\u2019te \u00f6zg\u00fcn ar\u015fiv belgeleri yard\u0131m\u0131yla kapsaml\u0131 bir incelemeye t\u00e2bi tutuluyor ve eser bu bi\u00e7imiyle T\u00fcrkiye\u2019de emek tarihi \u00e7al\u0131\u015fmalar\u0131na ciddi bir katk\u0131 olu\u015fturuyor. <\/p>\n","protected":false},"excerpt":{"rendered":"<p>S\u0131n\u0131f Sendika Siyaset\u2019te, T\u00fcrkiye emek tarihinden \u00f6nemli ve ilgin\u00e7 kesitler yer al\u0131yor. Tek parti d\u00f6neminden \u00e7ok partili d\u00f6neme, oradan g\u00fcn\u00fcm\u00fcze kadar uzanan s\u00fcre\u00e7te, ama esas olarak<span class=\"excerpt-hellip\"> [\u2026]<\/span><\/p>\n","protected":false},"featured_media":0,"template":"","meta":{"_monsterinsights_skip_tracking":false,"_monsterinsights_sitenote_active":false,"_monsterinsights_sitenote_note":"","_monsterinsights_sitenote_category":0},"product_brand":[],"product_cat":[12312,12304],"product_tag":[],"class_list":{"0":"post-707209","1":"product","2":"type-product","3":"status-publish","5":"product_cat-diger","6":"product_cat-tarih","7":"pa_cilt-ciltsiz","8":"pa_tur-kitap","9":"pa_yayinevi-imge-kitabevi-yayinlari","10":"pa_yazar-aziz-celik","12":"first","13":"instock","14":"sale","15":"shipping-taxable","16":"purchasable","17":"product-type-simple"},"_links":{"self":[{"href":"https:\/\/roveyayinevi.com.tr\/index.php\/wp-json\/wp\/v2\/product\/707209","targetHints":{"allow":["GET"]}}],"collection":[{"href":"https:\/\/roveyayinevi.com.tr\/index.php\/wp-json\/wp\/v2\/product"}],"about":[{"href":"https:\/\/roveyayinevi.com.tr\/index.php\/wp-json\/wp\/v2\/types\/product"}],"wp:attachment":[{"href":"https:\/\/roveyayinevi.com.tr\/index.php\/wp-json\/wp\/v2\/media?parent=707209"}],"wp:term":[{"taxonomy":"product_brand","embeddable":true,"href":"https:\/\/roveyayinevi.com.tr\/index.php\/wp-json\/wp\/v2\/product_brand?post=707209"},{"taxonomy":"product_cat","embeddable":true,"href":"https:\/\/roveyayinevi.com.tr\/index.php\/wp-json\/wp\/v2\/product_cat?post=707209"},{"taxonomy":"product_tag","embeddable":true,"href":"https:\/\/roveyayinevi.com.tr\/index.php\/wp-json\/wp\/v2\/product_tag?post=707209"}],"curies":[{"name":"wp","href":"https:\/\/api.w.org\/{rel}","templated":true}]}}