{"id":707208,"date":"2025-08-27T16:03:10","date_gmt":"2025-08-27T13:03:10","guid":{"rendered":"https:\/\/roveyayinevi.com.tr\/index.php\/urun\/kent-bizim\/"},"modified":"2026-04-16T02:15:46","modified_gmt":"2026-04-15T23:15:46","slug":"kent-bizim","status":"publish","type":"product","link":"https:\/\/roveyayinevi.com.tr\/index.php\/urun\/kent-bizim\/","title":{"rendered":"Kent Bizim"},"content":{"rendered":"<p>S\u0131n\u0131fl\u0131 toplumlarda kentle\u015fmenin b\u00f6lme, ezme, yerinden etme, ya\u015fanamaz hale getirme vb. karakteristik \u00f6zelliklerinden kaynaklanan s\u00fcrd\u00fcr\u00fclemez canavarla\u015fma e\u011filimi, kapitalizm tarihinin farkl\u0131 d\u00f6nemlerinde ya\u015fanan yine kent merkezli \u00e7at\u0131\u015fma ve k\u0131r\u0131lmalar\u0131n da ba\u015fl\u0131ca sebepleri aras\u0131ndad\u0131r. Ezilenlerin \u00f6zg\u00fcrl\u00fck, karde\u015flik ve e\u015fitlik temelli kent d\u00fc\u015f\u00fc, H.H. Korkmazgil\u2019in &#8220;Bir yan\u0131m\u0131z yaprak d\u00f6ker, bir yan\u0131m\u0131z bahar bah\u00e7e\u201d dizelerindeki bahar bah\u00e7e k\u0131sm\u0131n\u0131 an\u0131\u015ft\u0131r\u0131r. Ancak \u015fairin s\u00f6z\u00fcn\u00fc etti\u011fi bir &#8220;\u00e7\u0131ld\u0131rtan denge\u201d durumunda de\u011fildir kent. Tersine s\u00fcrekli bir dengesizli\u011fin uzam\u0131d\u0131r. Uygar, yerle\u015fik, e\u011fitimli Bat\u0131l\u0131 sermayenin veya bizim co\u011frafyam\u0131zda oldu\u011fu gibi talanc\u0131, cahil ve l\u00fcmpen sermayenin ba\u015f tasar\u0131mc\u0131s\u0131 oldu\u011fu farkl\u0131 t\u00fcrden de olsa canavar kentlerin i\u00e7erisinde, alternatif ve yeni ya\u015fam bi\u00e7imlerini yaratmak talebi ile ortaya \u00e7\u0131kan ya\u015fam savunucular\u0131 vard\u0131r. Bunlar tarihte farkl\u0131 bi\u00e7imlerde kar\u015f\u0131m\u0131za \u00e7\u0131km\u0131\u015flar; kentlerin i\u00e7inde bazen gecekondu hareketi, bazen i\u015fgalevcilik, bazen kolektif m\u00fclkiyeti haiz arazilerde kurulan mini \u00fctopyalar olarak kal\u0131c\u0131 \u00f6zerk alanlar veya farkl\u0131 uzamlar\u0131 farkl\u0131 zamanlarda farkl\u0131 formlarda ele ge\u00e7iren ge\u00e7ici otonom b\u00f6lgeler yaratm\u0131\u015flard\u0131r.Bug\u00fcnlerde 3. ya\u015f\u0131 kutlanan Gezi\u2019nin miras\u0131 olan iki i\u015fgalevi Don Ki\u015fot \u0130\u015fgalevi ve Mahalleevi otoriter bask\u0131lar sonucu \u015fu an fiili olarak varl\u0131klar\u0131n\u0131 s\u00fcrd\u00fcremese de bahsedilen yeni ya\u015fam bi\u00e7imlerini yaratmak talebi ile ortaya \u00e7\u0131kan ya\u015fam savunucular\u0131 taraf\u0131ndan kolektif bir \u015fekilde in\u015fa edilmi\u015f kamusal alanlard\u0131. Bu i\u015fgalevleri kentlerin tamamen d\u0131\u015f\u0131na savrulmu\u015f bir \u015fekilde de\u011fil, aksine kentin kalbinin en g\u00fc\u00e7l\u00fc att\u0131\u011f\u0131 merkezlerde alternatif ya\u015fam alanlar\u0131 olarak kendilerini var etti. Occupy hareketlerinin k\u00fcm\u00fclatif etkisiyle uluslararas\u0131 boyuta ula\u015fan kolektivite; \u0130stanbul i\u015fgalevleri i\u00e7in de bir izlek oldu. Konsens\u00fcs ve forumlar\u0131 en b\u00fcy\u00fck ara\u00e7 olarak kullanan ve \u0131rk\u00e7\u0131, cinsiyet\u00e7i, homofobik, ayr\u0131mc\u0131 olan hi\u00e7 kimsenin kendini var edemeyece\u011fi bu alanlar 1,5 sene \u00e7ok aktif bir \u015fekilde ya\u015fayabildiler.Kent Bizim ise sekiz farkl\u0131 \u015fehirdeki yerel hareketlerin, Amsterdam ve Berlin gibi otonom ayaklanmalar\u0131n me\u015fhur ba\u015fkentlerinin yan\u0131 s\u0131ra, Poznan ve Atina gibi haklar\u0131nda \u00e7ok az \u015fey bildi\u011fimiz \u015fehirlerin de tarihini derliyor ve Avrupa\u2019daki i\u015fgalevcilik prati\u011fiyle otonom hareketlerin tarihsel geli\u015fimine dair olduk\u00e7a renkli bir resim \u00e7iziyor. Her b\u00f6l\u00fcm bir kente odaklanarak, foto\u011fraflar ve ill\u00fcstrasyonlar e\u015fli\u011finde, o kentin canl\u0131 bir kronolojik anlat\u0131s\u0131n\u0131 ve analizini sunuyor. B\u00f6l\u00fcmler, bu hareketlerin tarihi i\u00e7erisindeki en \u00f6nemli olaylar\u0131 ve geli\u015fmeleri merkeze al\u0131yor. Dahas\u0131, bu yerel hareketlerin onlar\u0131 farkl\u0131 k\u0131lan yanlar\u0131n\u0131 ortaya \u00e7\u0131kart\u0131rken siyasetle altk\u00fclt\u00fcr aras\u0131ndaki ili\u015fki, nesiller aras\u0131 d\u00f6n\u00fc\u015f\u00fcmler, \u00e7at\u0131\u015fmalar ve \u015fiddetin rol\u00fc ve politik taktiklerdeki de\u011fi\u015fimler gibi meseleleri de inceliyor.Kent Bizim alternatif bir ya\u015fam\u0131n m\u00fcmk\u00fcn oldu\u011funu g\u00f6r\u00fcn\u00fcr k\u0131lan otonom pratiklerin tarihinden bir kesit sundu\u011fu gibi, i\u015fgalevcili\u011fe dair yerel deneyimlerin bu anlamda ele\u015ftirisini ve yeniden in\u015fas\u0131n\u0131 da bar\u0131nd\u0131ran bir tart\u0131\u015fma a\u00e7\u0131yor. Gezi direni\u015fi ile ba\u015flayan alternatif ya\u015fam alanlar\u0131 yaratma ve ya\u015fam\u0131 savunma m\u00fccadelesi farkl\u0131 bi\u00e7imlerde ya\u015famaya devam ediyor ve edecek. Ve hala ilk g\u00fcnk\u00fc kadar ger\u00e7ek: Reddet! \u0130\u015fgal et! Yeniden in\u015fa et!<\/p>\n","protected":false},"excerpt":{"rendered":"<p>S\u0131n\u0131fl\u0131 toplumlarda kentle\u015fmenin b\u00f6lme, ezme, yerinden etme, ya\u015fanamaz hale getirme vb. karakteristik \u00f6zelliklerinden kaynaklanan s\u00fcrd\u00fcr\u00fclemez canavarla\u015fma e\u011filimi, kapitalizm tarihinin farkl\u0131 d\u00f6nemlerinde ya\u015fanan yine kent merkezli \u00e7at\u0131\u015fma<span class=\"excerpt-hellip\"> [\u2026]<\/span><\/p>\n","protected":false},"featured_media":0,"template":"","meta":{"_monsterinsights_skip_tracking":false,"_monsterinsights_sitenote_active":false,"_monsterinsights_sitenote_note":"","_monsterinsights_sitenote_category":0},"product_brand":[],"product_cat":[12325,12324],"product_tag":[],"class_list":{"0":"post-707208","1":"product","2":"type-product","3":"status-publish","5":"product_cat-diger-sosyoloji","6":"product_cat-sosyoloji","7":"pa_cilt-ciltsiz","8":"pa_tur-kitap","9":"pa_yayinevi-kafka-yayinevi","10":"pa_yazar-bart-van-der-steen","12":"first","13":"instock","14":"sale","15":"shipping-taxable","16":"purchasable","17":"product-type-simple"},"_links":{"self":[{"href":"https:\/\/roveyayinevi.com.tr\/index.php\/wp-json\/wp\/v2\/product\/707208","targetHints":{"allow":["GET"]}}],"collection":[{"href":"https:\/\/roveyayinevi.com.tr\/index.php\/wp-json\/wp\/v2\/product"}],"about":[{"href":"https:\/\/roveyayinevi.com.tr\/index.php\/wp-json\/wp\/v2\/types\/product"}],"wp:attachment":[{"href":"https:\/\/roveyayinevi.com.tr\/index.php\/wp-json\/wp\/v2\/media?parent=707208"}],"wp:term":[{"taxonomy":"product_brand","embeddable":true,"href":"https:\/\/roveyayinevi.com.tr\/index.php\/wp-json\/wp\/v2\/product_brand?post=707208"},{"taxonomy":"product_cat","embeddable":true,"href":"https:\/\/roveyayinevi.com.tr\/index.php\/wp-json\/wp\/v2\/product_cat?post=707208"},{"taxonomy":"product_tag","embeddable":true,"href":"https:\/\/roveyayinevi.com.tr\/index.php\/wp-json\/wp\/v2\/product_tag?post=707208"}],"curies":[{"name":"wp","href":"https:\/\/api.w.org\/{rel}","templated":true}]}}