{"id":707206,"date":"2025-08-27T16:03:09","date_gmt":"2025-08-27T13:03:09","guid":{"rendered":"https:\/\/roveyayinevi.com.tr\/index.php\/urun\/olmak-cesareti-2\/"},"modified":"2026-04-01T02:21:57","modified_gmt":"2026-03-31T23:21:57","slug":"olmak-cesareti-2","status":"publish","type":"product","link":"https:\/\/roveyayinevi.com.tr\/index.php\/urun\/olmak-cesareti-2\/","title":{"rendered":"Olmak Cesareti"},"content":{"rendered":"<p>m\u0131\u015f gibi\u201d yapmadan, kendi \u00e7\u0131plak varolu\u015fuyla, nerede durdu\u011funu, nereye ait oldu\u011funu, nas\u0131l bir d\u00fcnya tasavvur etti\u011fini, hi\u00e7 gizlemeden, utan\u0131p s\u0131k\u0131lmadan g\u00f6sterebilmesi demektir! Korkmadan \u201cHay\u0131r!\u201d diyebilmek, boyun e\u011fmeden dik durabilmek, tahakk\u00fcme kar\u015f\u0131 durma cesaretidir. Bize kendi akl\u0131n\u0131 vasi tayin etmek isteyenlere kar\u015f\u0131 \u201cHay\u0131r, ben kendi akl\u0131mla mesudum, senin akl\u0131na ihtiya\u00e7 duymuyorum!\u201d diyebilmektir.Hakikat ve hakikilik, cesaret istiyor. Kemal Sayar, zaman\u0131n \u00f6tesine konu\u015ftu\u011fu yaz\u0131lar\u0131yla bize bunu hat\u0131rlat\u0131yor.Bir kayg\u0131 d\u00f6neminden ge\u00e7iyoruz, ama etraf\u0131m\u0131zda olan bitenleri, kendi i\u00e7imizde olan bitenleri dikkatle izliyoruz. B\u00f6ylesi d\u00f6nemlerde kendi i\u00e7imizdeki bo\u015fluktan a\u015fa\u011f\u0131 bakabilmek nas\u0131l da\u00f6nem kazan\u0131yor! Millet\u00e7e, \u201colmak\u201d cesaretini g\u00f6stermemiz gerekiyor.\ufffc<\/p>\n","protected":false},"excerpt":{"rendered":"<p>m\u0131\u015f gibi\u201d yapmadan, kendi \u00e7\u0131plak varolu\u015fuyla, nerede durdu\u011funu, nereye ait oldu\u011funu, nas\u0131l bir d\u00fcnya tasavvur etti\u011fini, hi\u00e7 gizlemeden, utan\u0131p s\u0131k\u0131lmadan g\u00f6sterebilmesi demektir! Korkmadan \u201cHay\u0131r!\u201d diyebilmek, boyun<span class=\"excerpt-hellip\"> [\u2026]<\/span><\/p>\n","protected":false},"featured_media":0,"template":"","meta":{"_monsterinsights_skip_tracking":false,"_monsterinsights_sitenote_active":false,"_monsterinsights_sitenote_note":"","_monsterinsights_sitenote_category":0},"product_brand":[],"product_cat":[12357],"product_tag":[],"class_list":{"0":"post-707206","1":"product","2":"type-product","3":"status-publish","5":"product_cat-psikoloji","6":"pa_cilt-ciltsiz","7":"pa_tur-kitap","8":"pa_yayinevi-kapi-yayinlari","9":"pa_yazar-kemal-sayar","11":"first","12":"instock","13":"sale","14":"shipping-taxable","15":"purchasable","16":"product-type-simple"},"_links":{"self":[{"href":"https:\/\/roveyayinevi.com.tr\/index.php\/wp-json\/wp\/v2\/product\/707206","targetHints":{"allow":["GET"]}}],"collection":[{"href":"https:\/\/roveyayinevi.com.tr\/index.php\/wp-json\/wp\/v2\/product"}],"about":[{"href":"https:\/\/roveyayinevi.com.tr\/index.php\/wp-json\/wp\/v2\/types\/product"}],"wp:attachment":[{"href":"https:\/\/roveyayinevi.com.tr\/index.php\/wp-json\/wp\/v2\/media?parent=707206"}],"wp:term":[{"taxonomy":"product_brand","embeddable":true,"href":"https:\/\/roveyayinevi.com.tr\/index.php\/wp-json\/wp\/v2\/product_brand?post=707206"},{"taxonomy":"product_cat","embeddable":true,"href":"https:\/\/roveyayinevi.com.tr\/index.php\/wp-json\/wp\/v2\/product_cat?post=707206"},{"taxonomy":"product_tag","embeddable":true,"href":"https:\/\/roveyayinevi.com.tr\/index.php\/wp-json\/wp\/v2\/product_tag?post=707206"}],"curies":[{"name":"wp","href":"https:\/\/api.w.org\/{rel}","templated":true}]}}