{"id":707205,"date":"2025-08-27T16:03:08","date_gmt":"2025-08-27T13:03:08","guid":{"rendered":"https:\/\/roveyayinevi.com.tr\/index.php\/urun\/seriat-ve-aydinlanma\/"},"modified":"2026-04-16T02:15:46","modified_gmt":"2026-04-15T23:15:46","slug":"seriat-ve-aydinlanma","status":"publish","type":"product","link":"https:\/\/roveyayinevi.com.tr\/index.php\/urun\/seriat-ve-aydinlanma\/","title":{"rendered":"\u015eeriat ve Ayd\u0131nlanma"},"content":{"rendered":"<p>Ayd\u0131nlanma tarihimizin en \u00f6nemli ara\u015ft\u0131rmac\u0131 ve yazarlar\u0131ndan Prof. Dr. \u0130lhan Arsel&#8217;in eserlerini yay\u0131mlama gururunu ta\u015f\u0131yan yay\u0131nevimiz, bu \u00e7abas\u0131n\u0131 bilimsel bir titizlikle s\u00fcrd\u00fcrmeye devam ediyor.De\u011ferli yazar\u0131m\u0131z\u0131n \u015eeriat ve K\u00f6lelik, \u015eeriat ve E\u015fitsizlik, M\u00fcsl\u00fcmanl\u0131k S\u0131nav\u0131, \u015eeriat\u0131n Getirdi\u011fi Ho\u015fg\u00f6r\u00fcs\u00fczl\u00fck ve \u015eeriat\u00e7\u0131yla M\u00fccadelenin El Kitab\u0131 adl\u0131 eserlerini \u015eeriat ve Ayd\u0131nlanma ad\u0131yla tek kitapta toplam\u0131\u015f bulunuyoruz.Atat\u00fcrk Devrimi\u2019nin \u0131\u015f\u0131\u011f\u0131yla yeti\u015fen bir neslin \u00fcyesi olarak, ald\u0131\u011f\u0131 \u0131\u015f\u0131\u011f\u0131 gelece\u011fe ta\u015f\u0131yan, de\u011ferli biliminsan\u0131m\u0131z ve ayd\u0131nlanma m\u00fccadelemizin mihenk ta\u015flar\u0131ndan Prof. Dr. \u0130lhan Arsel\u2019in yap\u0131tlar\u0131n\u0131n yeni bask\u0131lar\u0131yla okurlar\u0131m\u0131zla bulu\u015fman\u0131n k\u0131vanc\u0131n\u0131 ya\u015f\u0131yoruz.<\/p>\n","protected":false},"excerpt":{"rendered":"<p>Ayd\u0131nlanma tarihimizin en \u00f6nemli ara\u015ft\u0131rmac\u0131 ve yazarlar\u0131ndan Prof. Dr. \u0130lhan Arsel&#8217;in eserlerini yay\u0131mlama gururunu ta\u015f\u0131yan yay\u0131nevimiz, bu \u00e7abas\u0131n\u0131 bilimsel bir titizlikle s\u00fcrd\u00fcrmeye devam ediyor.De\u011ferli yazar\u0131m\u0131z\u0131n \u015eeriat<span class=\"excerpt-hellip\"> [\u2026]<\/span><\/p>\n","protected":false},"featured_media":0,"template":"","meta":{"_monsterinsights_skip_tracking":false,"_monsterinsights_sitenote_active":false,"_monsterinsights_sitenote_note":"","_monsterinsights_sitenote_category":0},"product_brand":[],"product_cat":[13036,12718,12719],"product_tag":[],"class_list":{"0":"post-707205","1":"product","2":"type-product","3":"status-publish","5":"product_cat-arastirma-inceleme-islam","6":"product_cat-din","7":"product_cat-islam","8":"pa_cilt-ciltsiz","9":"pa_tur-kitap","10":"pa_yayinevi-kaynak-yayinlari","11":"pa_yazar-ilhan-arsel","13":"first","14":"instock","15":"sale","16":"shipping-taxable","17":"purchasable","18":"product-type-simple"},"_links":{"self":[{"href":"https:\/\/roveyayinevi.com.tr\/index.php\/wp-json\/wp\/v2\/product\/707205","targetHints":{"allow":["GET"]}}],"collection":[{"href":"https:\/\/roveyayinevi.com.tr\/index.php\/wp-json\/wp\/v2\/product"}],"about":[{"href":"https:\/\/roveyayinevi.com.tr\/index.php\/wp-json\/wp\/v2\/types\/product"}],"wp:attachment":[{"href":"https:\/\/roveyayinevi.com.tr\/index.php\/wp-json\/wp\/v2\/media?parent=707205"}],"wp:term":[{"taxonomy":"product_brand","embeddable":true,"href":"https:\/\/roveyayinevi.com.tr\/index.php\/wp-json\/wp\/v2\/product_brand?post=707205"},{"taxonomy":"product_cat","embeddable":true,"href":"https:\/\/roveyayinevi.com.tr\/index.php\/wp-json\/wp\/v2\/product_cat?post=707205"},{"taxonomy":"product_tag","embeddable":true,"href":"https:\/\/roveyayinevi.com.tr\/index.php\/wp-json\/wp\/v2\/product_tag?post=707205"}],"curies":[{"name":"wp","href":"https:\/\/api.w.org\/{rel}","templated":true}]}}