{"id":707202,"date":"2025-08-27T16:03:07","date_gmt":"2025-08-27T13:03:07","guid":{"rendered":"https:\/\/roveyayinevi.com.tr\/index.php\/urun\/visne-bahcesi-3\/"},"modified":"2026-04-16T02:15:45","modified_gmt":"2026-04-15T23:15:45","slug":"visne-bahcesi-3","status":"publish","type":"product","link":"https:\/\/roveyayinevi.com.tr\/index.php\/urun\/visne-bahcesi-3\/","title":{"rendered":"Vi\u015fne Bah\u00e7esi"},"content":{"rendered":"<p>Rusya&#8217;da 19. y\u00fczy\u0131l\u0131n ortalar\u0131nda toprak k\u00f6leli\u011fi kald\u0131r\u0131lm\u0131\u015f, burjuvazi y\u00fckseli\u015fe ge\u00e7mi\u015ftir. Vi\u015fne Bah\u00e7esi \u00fclkede de\u011fi\u015fen toplumsal, politik ve ekonomik d\u00fczenin ger\u00e7ekli\u011fiyle y\u00fczle\u015femeyen aristokrat bir ailenin dokunakl\u0131 portresidir. \u0130\u00e7inde b\u00fcy\u00fck bir vi\u015fne bah\u00e7esinin bulundu\u011fu aile \u00e7iftli\u011finin bor\u00e7lar nedeniyle sat\u0131lmas\u0131 s\u00f6z konusudur. \u00c7iftlik sahiplerinin \u00e7ocukluk an\u0131lar\u0131yla birlikte, vi\u015fne bah\u00e7eleri de ge\u00e7mi\u015fte kalm\u0131\u015ft\u0131r art\u0131k. Yeni d\u00fczen kar\u015f\u0131s\u0131nda kararl\u0131 davran\u0131p m\u00fclklerini ellerinde tutmaktan acizdirler. Vi\u015fne Bah\u00e7esi, 1904 y\u0131l\u0131nda Moskova Sanat Tiyatrosu&#8217;nda Stanislavski taraf\u0131ndan sahneye kondu. \u00c7ehov yap\u0131t\u0131n\u0131n komedi, hatta yer yer fars oldu\u011funu vurgulasa da, Stanislavski oyunu trajedi olarak ele almakta \u0131srar etmi\u015fti. Stanislavski o g\u00fcne dek a\u015f\u0131r\u0131 duygusal olan Rus tiyatrosuna do\u011fal ve g\u00f6steri\u015ften uzak bir anlat\u0131m getirmesiyle \u00fcnlenmi\u015f olsa da, \u00c7ehov&#8217;un kendi oyunlar\u0131 i\u00e7in istedi\u011fi yal\u0131nl\u0131\u011f\u0131 ve do\u011fall\u0131\u011f\u0131 yakalayamam\u0131\u015ft\u0131. \ufffcTan\u0131t\u0131m Metni<\/p>\n","protected":false},"excerpt":{"rendered":"<p>Rusya&#8217;da 19. y\u00fczy\u0131l\u0131n ortalar\u0131nda toprak k\u00f6leli\u011fi kald\u0131r\u0131lm\u0131\u015f, burjuvazi y\u00fckseli\u015fe ge\u00e7mi\u015ftir. Vi\u015fne Bah\u00e7esi \u00fclkede de\u011fi\u015fen toplumsal, politik ve ekonomik d\u00fczenin ger\u00e7ekli\u011fiyle y\u00fczle\u015femeyen aristokrat bir ailenin dokunakl\u0131 portresidir.<span class=\"excerpt-hellip\"> [\u2026]<\/span><\/p>\n","protected":false},"featured_media":0,"template":"","meta":{"_monsterinsights_skip_tracking":false,"_monsterinsights_sitenote_active":false,"_monsterinsights_sitenote_note":"","_monsterinsights_sitenote_category":0},"product_brand":[],"product_cat":[12291,13570],"product_tag":[],"class_list":{"0":"post-707202","1":"product","2":"type-product","3":"status-publish","5":"product_cat-edebiyat","6":"product_cat-rus-edebiyati","7":"pa_cilt-ciltsiz","8":"pa_tur-kitap","9":"pa_yayinevi-is-bankasi-kultur-yayinlari","10":"pa_yazar-anton-pavlovic-cehov","12":"first","13":"instock","14":"sale","15":"shipping-taxable","16":"purchasable","17":"product-type-simple"},"_links":{"self":[{"href":"https:\/\/roveyayinevi.com.tr\/index.php\/wp-json\/wp\/v2\/product\/707202","targetHints":{"allow":["GET"]}}],"collection":[{"href":"https:\/\/roveyayinevi.com.tr\/index.php\/wp-json\/wp\/v2\/product"}],"about":[{"href":"https:\/\/roveyayinevi.com.tr\/index.php\/wp-json\/wp\/v2\/types\/product"}],"wp:attachment":[{"href":"https:\/\/roveyayinevi.com.tr\/index.php\/wp-json\/wp\/v2\/media?parent=707202"}],"wp:term":[{"taxonomy":"product_brand","embeddable":true,"href":"https:\/\/roveyayinevi.com.tr\/index.php\/wp-json\/wp\/v2\/product_brand?post=707202"},{"taxonomy":"product_cat","embeddable":true,"href":"https:\/\/roveyayinevi.com.tr\/index.php\/wp-json\/wp\/v2\/product_cat?post=707202"},{"taxonomy":"product_tag","embeddable":true,"href":"https:\/\/roveyayinevi.com.tr\/index.php\/wp-json\/wp\/v2\/product_tag?post=707202"}],"curies":[{"name":"wp","href":"https:\/\/api.w.org\/{rel}","templated":true}]}}