{"id":707201,"date":"2025-08-27T16:03:07","date_gmt":"2025-08-27T13:03:07","guid":{"rendered":"https:\/\/roveyayinevi.com.tr\/index.php\/urun\/feliceye-mektuplar\/"},"modified":"2026-02-03T02:25:52","modified_gmt":"2026-02-02T23:25:52","slug":"feliceye-mektuplar","status":"publish","type":"product","link":"https:\/\/roveyayinevi.com.tr\/index.php\/urun\/feliceye-mektuplar\/","title":{"rendered":"Felice&#8217;ye Mektuplar"},"content":{"rendered":"<p>Kafka ve Felice\u2019nin mektupla\u015fmalar\u0131 1912\u2019de Max Brod\u2019un babas\u0131n\u0131n evinde tan\u0131\u015fmalar\u0131yla ba\u015flar ve Kafka\u2019n\u0131n verem te\u015fhisini \u00f6\u011frenmesiyle d\u00fc\u015ft\u00fc\u011f\u00fc karamsarl\u0131\u011f\u0131n da etkisiyle 1917\u2019de son bulur.\u0130ki kez ni\u015fanlan\u0131p sonunda ayr\u0131l\u0131kla biten bu ili\u015fki esas olarak bir mektupla\u015fma ili\u015fkisidir. Felice ile beraberli\u011finin ilk d\u00f6nemlerinden itibaren Kafka\u2019n\u0131n \u00fcretkenli\u011finin artm\u0131\u015f oldu\u011funu ve bir yazar olarak giderek b\u00fcy\u00fcyen bir sayg\u0131nl\u0131\u011fa eri\u015fti\u011fini g\u00f6r\u00fcyoruz. Yarg\u0131, D\u00f6n\u00fc\u015f\u00fcm, Amerika, Dava, Yasa \u00d6n\u00fcnde, Ceza Kolonisinde gibi ba\u015fyap\u0131tlar\u0131 hep bu d\u00f6nemin \u00fcr\u00fcnleridir. Mektuplar sayesinde bu eserlerin yarat\u0131lma s\u00fcre\u00e7lerinde yazar\u0131n sanc\u0131lar\u0131na, \u0131st\u0131raplar\u0131 <\/p>\n","protected":false},"excerpt":{"rendered":"<p>Kafka ve Felice\u2019nin mektupla\u015fmalar\u0131 1912\u2019de Max Brod\u2019un babas\u0131n\u0131n evinde tan\u0131\u015fmalar\u0131yla ba\u015flar ve Kafka\u2019n\u0131n verem te\u015fhisini \u00f6\u011frenmesiyle d\u00fc\u015ft\u00fc\u011f\u00fc karamsarl\u0131\u011f\u0131n da etkisiyle 1917\u2019de son bulur.\u0130ki kez ni\u015fanlan\u0131p sonunda<span class=\"excerpt-hellip\"> [\u2026]<\/span><\/p>\n","protected":false},"featured_media":0,"template":"","meta":{"_monsterinsights_skip_tracking":false,"_monsterinsights_sitenote_active":false,"_monsterinsights_sitenote_note":"","_monsterinsights_sitenote_category":0},"product_brand":[],"product_cat":[12782,12291],"product_tag":[],"class_list":{"0":"post-707201","1":"product","2":"type-product","3":"status-publish","5":"product_cat-alman-edebiyati","6":"product_cat-edebiyat","7":"pa_cilt-ciltsiz","8":"pa_tur-kitap","9":"pa_yayinevi-is-bankasi-kultur-yayinlari","10":"pa_yazar-franz-kafka","12":"first","13":"instock","14":"sale","15":"shipping-taxable","16":"purchasable","17":"product-type-simple"},"_links":{"self":[{"href":"https:\/\/roveyayinevi.com.tr\/index.php\/wp-json\/wp\/v2\/product\/707201","targetHints":{"allow":["GET"]}}],"collection":[{"href":"https:\/\/roveyayinevi.com.tr\/index.php\/wp-json\/wp\/v2\/product"}],"about":[{"href":"https:\/\/roveyayinevi.com.tr\/index.php\/wp-json\/wp\/v2\/types\/product"}],"wp:attachment":[{"href":"https:\/\/roveyayinevi.com.tr\/index.php\/wp-json\/wp\/v2\/media?parent=707201"}],"wp:term":[{"taxonomy":"product_brand","embeddable":true,"href":"https:\/\/roveyayinevi.com.tr\/index.php\/wp-json\/wp\/v2\/product_brand?post=707201"},{"taxonomy":"product_cat","embeddable":true,"href":"https:\/\/roveyayinevi.com.tr\/index.php\/wp-json\/wp\/v2\/product_cat?post=707201"},{"taxonomy":"product_tag","embeddable":true,"href":"https:\/\/roveyayinevi.com.tr\/index.php\/wp-json\/wp\/v2\/product_tag?post=707201"}],"curies":[{"name":"wp","href":"https:\/\/api.w.org\/{rel}","templated":true}]}}