{"id":707198,"date":"2025-08-27T16:03:05","date_gmt":"2025-08-27T13:03:05","guid":{"rendered":"https:\/\/roveyayinevi.com.tr\/index.php\/urun\/gulyabani-7\/"},"modified":"2026-04-16T02:15:45","modified_gmt":"2026-04-15T23:15:45","slug":"gulyabani-7","status":"publish","type":"product","link":"https:\/\/roveyayinevi.com.tr\/index.php\/urun\/gulyabani-7\/","title":{"rendered":"Gulyabani"},"content":{"rendered":"<p>H\u00fcseyin Rahmi G\u00fcrp\u0131nar ; \u0130stanbul halk\u0131n\u0131n toplumsal, t\u00f6resel ya\u015fant\u0131lar\u0131n\u0131, aile ge\u00e7imsizliklerini, bat\u0131l inan\u00e7lar\u0131n\u0131, ya\u015fad\u0131\u011f\u0131 \u00e7a\u011fdaki T\u00fcrk toplumunun ge\u00e7irmekte oldu\u011fu krizleri h\u00fcmuristik bir mizah dehas\u0131yla anlat\u0131r.Mizah\u0131, g\u00fcld\u00fcr\u00fcc\u00fc oldu\u011fu kadar, g\u00fcl\u00fcn\u00e7 y\u00f6nlerimizin yans\u0131t\u0131lmas\u0131, hicvedilmesi i\u00e7in gerekli bir ara\u00e7t\u0131r. Kuvvetli bir g\u00f6zlem g\u00fcc\u00fc vard\u0131r.<\/p>\n","protected":false},"excerpt":{"rendered":"<p>H\u00fcseyin Rahmi G\u00fcrp\u0131nar ; \u0130stanbul halk\u0131n\u0131n toplumsal, t\u00f6resel ya\u015fant\u0131lar\u0131n\u0131, aile ge\u00e7imsizliklerini, bat\u0131l inan\u00e7lar\u0131n\u0131, ya\u015fad\u0131\u011f\u0131 \u00e7a\u011fdaki T\u00fcrk toplumunun ge\u00e7irmekte oldu\u011fu krizleri h\u00fcmuristik bir mizah dehas\u0131yla anlat\u0131r.Mizah\u0131, g\u00fcld\u00fcr\u00fcc\u00fc<span class=\"excerpt-hellip\"> [\u2026]<\/span><\/p>\n","protected":false},"featured_media":0,"template":"","meta":{"_monsterinsights_skip_tracking":false,"_monsterinsights_sitenote_active":false,"_monsterinsights_sitenote_note":"","_monsterinsights_sitenote_category":0},"product_brand":[],"product_cat":[12275,12274],"product_tag":[],"class_list":{"0":"post-707198","1":"product","2":"type-product","3":"status-publish","5":"product_cat-6-12-yas-kitaplari","6":"product_cat-cocuk-ve-genclik-kitaplari","7":"pa_cilt-ciltsiz","8":"pa_tur-kitap","9":"pa_yayinevi-iskele-yayincilik","10":"pa_yazar-huseyin-rahmi-gurpinar","12":"first","13":"instock","14":"sale","15":"shipping-taxable","16":"purchasable","17":"product-type-simple"},"_links":{"self":[{"href":"https:\/\/roveyayinevi.com.tr\/index.php\/wp-json\/wp\/v2\/product\/707198","targetHints":{"allow":["GET"]}}],"collection":[{"href":"https:\/\/roveyayinevi.com.tr\/index.php\/wp-json\/wp\/v2\/product"}],"about":[{"href":"https:\/\/roveyayinevi.com.tr\/index.php\/wp-json\/wp\/v2\/types\/product"}],"wp:attachment":[{"href":"https:\/\/roveyayinevi.com.tr\/index.php\/wp-json\/wp\/v2\/media?parent=707198"}],"wp:term":[{"taxonomy":"product_brand","embeddable":true,"href":"https:\/\/roveyayinevi.com.tr\/index.php\/wp-json\/wp\/v2\/product_brand?post=707198"},{"taxonomy":"product_cat","embeddable":true,"href":"https:\/\/roveyayinevi.com.tr\/index.php\/wp-json\/wp\/v2\/product_cat?post=707198"},{"taxonomy":"product_tag","embeddable":true,"href":"https:\/\/roveyayinevi.com.tr\/index.php\/wp-json\/wp\/v2\/product_tag?post=707198"}],"curies":[{"name":"wp","href":"https:\/\/api.w.org\/{rel}","templated":true}]}}