{"id":707197,"date":"2025-08-27T16:03:05","date_gmt":"2025-08-27T13:03:05","guid":{"rendered":"https:\/\/roveyayinevi.com.tr\/index.php\/urun\/guzel-sanat-suclari\/"},"modified":"2026-04-16T02:15:45","modified_gmt":"2026-04-15T23:15:45","slug":"guzel-sanat-suclari","status":"publish","type":"product","link":"https:\/\/roveyayinevi.com.tr\/index.php\/urun\/guzel-sanat-suclari\/","title":{"rendered":"G\u00fczel Sanat Su\u00e7lar\u0131"},"content":{"rendered":"<p>Refik Halid Karay\u2019\u0131n Tan, Ak\u015fam, Yeni \u0130stanbul, Aile, Olay, Her Kalem, Zafer ve Aydede gibi gazete ve dergilerde yay\u0131mlanan yaz\u0131lar\u0131ndan derlenen G\u00fczel Sanat Su\u00e7lar\u0131 devlet, toplum, birey ve sanat d\u00f6ng\u00fcs\u00fcn\u00fcn nelere kadir  oldu\u011funa dair g\u00fc\u00e7l\u00fc bir bellek i\u015f\u00e7ili\u011fine sahip. Geleneksel sanatlar, resim, heykel, tasar\u0131m, mimari ve \u015fehircilik, m\u00fczik, tiyatro ve sinema \u00fczerine dil ustas\u0131 bir yazar\u0131n sanat\u0131 ve en \u00e7ok da hayat\u0131 nas\u0131l ele ald\u0131\u011f\u0131n\u0131, toplumda sanata olan yakla\u015f\u0131m\u0131n nas\u0131l oldu\u011funun netlik ayar\u0131 yazar\u0131n inceliklerle \u00f6r\u00fcl\u00fc \u00fcslubunun bir par\u00e7as\u0131 haline geliyor. <\/p>\n","protected":false},"excerpt":{"rendered":"<p>Refik Halid Karay\u2019\u0131n Tan, Ak\u015fam, Yeni \u0130stanbul, Aile, Olay, Her Kalem, Zafer ve Aydede gibi gazete ve dergilerde yay\u0131mlanan yaz\u0131lar\u0131ndan derlenen G\u00fczel Sanat Su\u00e7lar\u0131 devlet, toplum,<span class=\"excerpt-hellip\"> [\u2026]<\/span><\/p>\n","protected":false},"featured_media":0,"template":"","meta":{"_monsterinsights_skip_tracking":false,"_monsterinsights_sitenote_active":false,"_monsterinsights_sitenote_note":"","_monsterinsights_sitenote_category":0},"product_brand":[],"product_cat":[12312,12304],"product_tag":[],"class_list":{"0":"post-707197","1":"product","2":"type-product","3":"status-publish","5":"product_cat-diger","6":"product_cat-tarih","7":"pa_cilt-ciltsiz","8":"pa_tur-kitap","9":"pa_yayinevi-inkilap-kitabevi","10":"pa_yazar-refik-halid-karay","12":"first","13":"instock","14":"sale","15":"shipping-taxable","16":"purchasable","17":"product-type-simple"},"_links":{"self":[{"href":"https:\/\/roveyayinevi.com.tr\/index.php\/wp-json\/wp\/v2\/product\/707197","targetHints":{"allow":["GET"]}}],"collection":[{"href":"https:\/\/roveyayinevi.com.tr\/index.php\/wp-json\/wp\/v2\/product"}],"about":[{"href":"https:\/\/roveyayinevi.com.tr\/index.php\/wp-json\/wp\/v2\/types\/product"}],"wp:attachment":[{"href":"https:\/\/roveyayinevi.com.tr\/index.php\/wp-json\/wp\/v2\/media?parent=707197"}],"wp:term":[{"taxonomy":"product_brand","embeddable":true,"href":"https:\/\/roveyayinevi.com.tr\/index.php\/wp-json\/wp\/v2\/product_brand?post=707197"},{"taxonomy":"product_cat","embeddable":true,"href":"https:\/\/roveyayinevi.com.tr\/index.php\/wp-json\/wp\/v2\/product_cat?post=707197"},{"taxonomy":"product_tag","embeddable":true,"href":"https:\/\/roveyayinevi.com.tr\/index.php\/wp-json\/wp\/v2\/product_tag?post=707197"}],"curies":[{"name":"wp","href":"https:\/\/api.w.org\/{rel}","templated":true}]}}