{"id":707191,"date":"2025-08-27T16:03:02","date_gmt":"2025-08-27T13:03:02","guid":{"rendered":"https:\/\/roveyayinevi.com.tr\/index.php\/urun\/doktor-hastalandi\/"},"modified":"2026-04-16T02:15:45","modified_gmt":"2026-04-15T23:15:45","slug":"doktor-hastalandi","status":"publish","type":"product","link":"https:\/\/roveyayinevi.com.tr\/index.php\/urun\/doktor-hastalandi\/","title":{"rendered":"Doktor Hastaland\u0131"},"content":{"rendered":"<p>Burma\u2019da dilbilim dersleri veren Dr. Edwin Spindrift aniden rahats\u0131zlan\u0131nca \u0130ngiltere\u2019ye geri g\u00f6nderilir. Londra\u2019da yatt\u0131\u011f\u0131 hastanede ac\u0131 veren ve a\u015fa\u011f\u0131lay\u0131c\u0131 bir dizi tetkikten sonra beyninde t\u00fcm\u00f6r oldu\u011fu anla\u015f\u0131l\u0131r. Ge\u00e7irece\u011fi operasyonu beklerken, kar\u0131s\u0131 da hastane civar\u0131ndaki barlarda vakit ge\u00e7irmektedir. Edwin, operasyondan bir gece \u00f6nce onu bulmak i\u00e7in \u00fczerinde pijamalar\u0131yla hastaneden ka\u00e7ar. O g\u00fcne dek s\u00f6zc\u00fcklerin d\u00fcnyas\u0131nda ya\u015fam\u0131\u015f olsa da onlar\u0131n ger\u00e7ek hayattaki \u201cg\u00f6ndergelerini\u201d pek umursamam\u0131\u015f bir dilbilimci olarak, varl\u0131\u011f\u0131ndan bile haberdar olmad\u0131\u011f\u0131 bir aleme; Soho\u2019nun hayat\u0131n k\u0131y\u0131s\u0131nda kalm\u0131\u015f bin bir karanl\u0131k tiple dolu tekinsiz ve bohem yeralt\u0131 d\u00fcnyas\u0131na dalar. Ancak akademik hayattaki steril varolu\u015ftan kat\u0131 ger\u00e7ekli\u011fin h\u00fck\u00fcm s\u00fcrd\u00fc\u011f\u00fc yeralt\u0131na ini\u015f maceras\u0131 i\u00e7inde gizem dolu bir m\u00fcphemlik de bar\u0131nd\u0131r\u0131r. \ufffcTan\u0131t\u0131m Metni<\/p>\n","protected":false},"excerpt":{"rendered":"<p>Burma\u2019da dilbilim dersleri veren Dr. Edwin Spindrift aniden rahats\u0131zlan\u0131nca \u0130ngiltere\u2019ye geri g\u00f6nderilir. Londra\u2019da yatt\u0131\u011f\u0131 hastanede ac\u0131 veren ve a\u015fa\u011f\u0131lay\u0131c\u0131 bir dizi tetkikten sonra beyninde t\u00fcm\u00f6r oldu\u011fu<span class=\"excerpt-hellip\"> [\u2026]<\/span><\/p>\n","protected":false},"featured_media":0,"template":"","meta":{"_monsterinsights_skip_tracking":false,"_monsterinsights_sitenote_active":false,"_monsterinsights_sitenote_note":"","_monsterinsights_sitenote_category":0},"product_brand":[],"product_cat":[12291,12866],"product_tag":[],"class_list":{"0":"post-707191","1":"product","2":"type-product","3":"status-publish","5":"product_cat-edebiyat","6":"product_cat-ingiliz-edebiyati","7":"pa_cilt-ciltsiz","8":"pa_tur-kitap","9":"pa_yayinevi-is-bankasi-kultur-yayinlari","10":"pa_yazar-anthony-burgess","12":"first","13":"instock","14":"sale","15":"shipping-taxable","16":"purchasable","17":"product-type-simple"},"_links":{"self":[{"href":"https:\/\/roveyayinevi.com.tr\/index.php\/wp-json\/wp\/v2\/product\/707191","targetHints":{"allow":["GET"]}}],"collection":[{"href":"https:\/\/roveyayinevi.com.tr\/index.php\/wp-json\/wp\/v2\/product"}],"about":[{"href":"https:\/\/roveyayinevi.com.tr\/index.php\/wp-json\/wp\/v2\/types\/product"}],"wp:attachment":[{"href":"https:\/\/roveyayinevi.com.tr\/index.php\/wp-json\/wp\/v2\/media?parent=707191"}],"wp:term":[{"taxonomy":"product_brand","embeddable":true,"href":"https:\/\/roveyayinevi.com.tr\/index.php\/wp-json\/wp\/v2\/product_brand?post=707191"},{"taxonomy":"product_cat","embeddable":true,"href":"https:\/\/roveyayinevi.com.tr\/index.php\/wp-json\/wp\/v2\/product_cat?post=707191"},{"taxonomy":"product_tag","embeddable":true,"href":"https:\/\/roveyayinevi.com.tr\/index.php\/wp-json\/wp\/v2\/product_tag?post=707191"}],"curies":[{"name":"wp","href":"https:\/\/api.w.org\/{rel}","templated":true}]}}