{"id":707190,"date":"2025-08-27T16:03:01","date_gmt":"2025-08-27T13:03:01","guid":{"rendered":"https:\/\/roveyayinevi.com.tr\/index.php\/urun\/siyah-lale-6\/"},"modified":"2026-04-16T02:15:45","modified_gmt":"2026-04-15T23:15:45","slug":"siyah-lale-6","status":"publish","type":"product","link":"https:\/\/roveyayinevi.com.tr\/index.php\/urun\/siyah-lale-6\/","title":{"rendered":"Siyah Lale"},"content":{"rendered":"<p>Alexandre Dumas (pere) (1802-1870): On dokuzuncu y\u00fczy\u0131lda Avrupa\u2019y\u0131 saran siyasal ve sosyal \u00e7alkant\u0131lar\u0131 ya\u015famas\u0131na ra\u011fmen daha \u00e7ok on alt\u0131nc\u0131 ve on yedinci y\u00fczy\u0131l\u0131n tarihi olaylar\u0131n\u0131 konu alan \u00fc\u00e7 y\u00fczden fazla roman yazd\u0131. Ya\u015fad\u0131\u011f\u0131 d\u00f6nemin sevilen ve en \u00e7ok okunan romantik yazarlar\u0131ndan biridir. Siyah Lale roman\u0131, yazar\u0131n Monte Cristo Kontu, Demir Maske gibi en tan\u0131nm\u0131\u015f eserleri aras\u0131nda yer al\u0131r. Hollanda tarihinde \u201clale \u00e7\u0131lg\u0131nl\u0131\u011f\u0131\u201d olarak bilinen d\u00f6nemin \u00fczerinden otuz y\u0131l ge\u00e7mi\u015ftir. Johan de Witt ve karde\u015fi Cornelis idam edilmi\u015ftir; Hollanda, tarihinin en sanc\u0131l\u0131 g\u00fcnlerini ya\u015famaktad\u0131r, bu s\u0131rada \u00c7i\u00e7ek \u00dcreticileri Derne\u011fi ilk siyah laleyi yeti\u015ftiren ki\u015fiyi \u00f6d\u00fcllendirece\u011fini ilan eder. Cornelis van Baerle ad\u0131ndaki gen\u00e7 bir doktor, ilk siyah laleyi yeti\u015ftirmek i\u00e7in harekete ge\u00e7er, ama yazg\u0131s\u0131 onun bu arzusunu hapisle, a\u015fkla ve fedakarl\u0131kla s\u0131nayacakt\u0131r. <\/p>\n","protected":false},"excerpt":{"rendered":"<p>Alexandre Dumas (pere) (1802-1870): On dokuzuncu y\u00fczy\u0131lda Avrupa\u2019y\u0131 saran siyasal ve sosyal \u00e7alkant\u0131lar\u0131 ya\u015famas\u0131na ra\u011fmen daha \u00e7ok on alt\u0131nc\u0131 ve on yedinci y\u00fczy\u0131l\u0131n tarihi olaylar\u0131n\u0131 konu<span class=\"excerpt-hellip\"> [\u2026]<\/span><\/p>\n","protected":false},"featured_media":0,"template":"","meta":{"_monsterinsights_skip_tracking":false,"_monsterinsights_sitenote_active":false,"_monsterinsights_sitenote_note":"","_monsterinsights_sitenote_category":0},"product_brand":[],"product_cat":[12291,13376],"product_tag":[],"class_list":{"0":"post-707190","1":"product","2":"type-product","3":"status-publish","5":"product_cat-edebiyat","6":"product_cat-fransiz-edebiyati","7":"pa_cilt-ciltsiz","8":"pa_tur-kitap","9":"pa_yayinevi-is-bankasi-kultur-yayinlari","10":"pa_yazar-alexandre-dumas","12":"first","13":"instock","14":"sale","15":"shipping-taxable","16":"purchasable","17":"product-type-simple"},"_links":{"self":[{"href":"https:\/\/roveyayinevi.com.tr\/index.php\/wp-json\/wp\/v2\/product\/707190","targetHints":{"allow":["GET"]}}],"collection":[{"href":"https:\/\/roveyayinevi.com.tr\/index.php\/wp-json\/wp\/v2\/product"}],"about":[{"href":"https:\/\/roveyayinevi.com.tr\/index.php\/wp-json\/wp\/v2\/types\/product"}],"wp:attachment":[{"href":"https:\/\/roveyayinevi.com.tr\/index.php\/wp-json\/wp\/v2\/media?parent=707190"}],"wp:term":[{"taxonomy":"product_brand","embeddable":true,"href":"https:\/\/roveyayinevi.com.tr\/index.php\/wp-json\/wp\/v2\/product_brand?post=707190"},{"taxonomy":"product_cat","embeddable":true,"href":"https:\/\/roveyayinevi.com.tr\/index.php\/wp-json\/wp\/v2\/product_cat?post=707190"},{"taxonomy":"product_tag","embeddable":true,"href":"https:\/\/roveyayinevi.com.tr\/index.php\/wp-json\/wp\/v2\/product_tag?post=707190"}],"curies":[{"name":"wp","href":"https:\/\/api.w.org\/{rel}","templated":true}]}}