{"id":707187,"date":"2025-08-27T16:03:00","date_gmt":"2025-08-27T13:03:00","guid":{"rendered":"https:\/\/roveyayinevi.com.tr\/index.php\/urun\/tanrinin-alfabesi-2\/"},"modified":"2026-04-16T02:15:45","modified_gmt":"2026-04-15T23:15:45","slug":"tanrinin-alfabesi-2","status":"publish","type":"product","link":"https:\/\/roveyayinevi.com.tr\/index.php\/urun\/tanrinin-alfabesi-2\/","title":{"rendered":"Tanr\u0131n\u0131n Alfabesi 2"},"content":{"rendered":"<p>Bu kitap, din felsefesinin temel sorunlar\u0131n\u0131 modern felsefenin ve bilimin \u0131\u015f\u0131\u011f\u0131nda ele al\u0131yor.Mehmet Mirio\u011flu, Tanr\u0131n\u0131n Alfabesi I adl\u0131 \u00f6zg\u00fcn eserinde ba\u015flad\u0131\u011f\u0131 yolculu\u011fu;\u2022B\u00fcy\u00fck Patlama\u2019ya ne sebep oldu? \u2022Neden \u201chi\u00e7lik\u201d yerine \u201cbir \u015fey\u201d var? \u2022Tanr\u0131 \u201czorunlu varl\u0131k\u201d olabilir mi? \u2022Evrimin mekanizmalar\u0131 ve kan\u0131tlar\u0131 neler? \u2022Ya\u015fam nas\u0131l ba\u015flad\u0131? \u2022Evren ince olarak tasarlanm\u0131\u015f m\u0131d\u0131r?\u2022Ahlak nas\u0131l temellendirilebilir? \u2022Ruh var m\u0131? \u2022Reenkarnasyonun olas\u0131 a\u00e7\u0131klamalar\u0131 neler?ve benzeri onlarca konuyu derinlemesine tart\u0131\u015farak s\u00fcrd\u00fcr\u00fcrken okuru da tart\u0131\u015fman\u0131n i\u00e7ine katarak beyin f\u0131rt\u0131nas\u0131 yapmaya \u00e7a\u011f\u0131r\u0131yor. Tanr\u0131n\u0131n Alfabesi 2, yal\u0131n ve ak\u0131c\u0131 diliyle b\u00fct\u00fcn felsefe ve bilim severlerin yan\u0131nda inan\u00e7l\u0131-inan\u00e7s\u0131z konuya merakl\u0131 her ya\u015ftan okura sesleniyor.&#8221;Mehmet Mirio\u011flu&#8217;nun yeni kitab\u0131, evrimsel biyolojik arg\u00fcmanlar\u0131 kullanmas\u0131yla da dikkati \u00e7eken, ak\u0131c\u0131 \u00fcslupla yaz\u0131lm\u0131\u015f heyecan verici bir \u00e7al\u0131\u015fma. Evrimsel biyolojik arg\u00fcmanlar\u0131n yo\u011fun kullan\u0131m\u0131, metnin ele\u015ftiriye a\u00e7\u0131k bir bi\u00e7imde okunabilmesini engellemeyen bir a\u00e7\u0131kl\u0131kta yaz\u0131lm\u0131\u015f. Kitab\u0131n faydal\u0131 bir entelekt\u00fcel tart\u0131\u015fma yarataca\u011f\u0131n\u0131 umuyorum.&#8221;Do\u00e7. Dr. Ergi Deniz \u00d6zsoy\u201cYazar bize sorgulamay\u0131 ve mant\u0131kl\u0131 \u00e7\u0131kar\u0131m y\u00f6ntemlerini sunuyor. Koyu karanl\u0131\u011fa s\u00fcr\u00fcklendi\u011fimiz \u015fu g\u00fcnlerde \u00f6zellikle gen\u00e7ler ve hepimiz i\u00e7in bir \u0131\u015f\u0131k ve umut oldu\u011funu d\u00fc\u015f\u00fcn\u00fcyorum.\u201dProf. Dr. Mahinur S. Akkaya<\/p>\n","protected":false},"excerpt":{"rendered":"<p>Bu kitap, din felsefesinin temel sorunlar\u0131n\u0131 modern felsefenin ve bilimin \u0131\u015f\u0131\u011f\u0131nda ele al\u0131yor.Mehmet Mirio\u011flu, Tanr\u0131n\u0131n Alfabesi I adl\u0131 \u00f6zg\u00fcn eserinde ba\u015flad\u0131\u011f\u0131 yolculu\u011fu;\u2022B\u00fcy\u00fck Patlama\u2019ya ne sebep oldu?<span class=\"excerpt-hellip\"> [\u2026]<\/span><\/p>\n","protected":false},"featured_media":0,"template":"","meta":{"_monsterinsights_skip_tracking":false,"_monsterinsights_sitenote_active":false,"_monsterinsights_sitenote_note":"","_monsterinsights_sitenote_category":0},"product_brand":[],"product_cat":[19998,12388],"product_tag":[],"class_list":{"0":"post-707187","1":"product","2":"type-product","3":"status-publish","5":"product_cat-din-felsefesi","6":"product_cat-felsefe","7":"pa_cilt-ciltsiz","8":"pa_tur-kitap","9":"pa_yayinevi-kaynak-yayinlari","10":"pa_yazar-mehmet-mirioglu","12":"first","13":"instock","14":"sale","15":"shipping-taxable","16":"purchasable","17":"product-type-simple"},"_links":{"self":[{"href":"https:\/\/roveyayinevi.com.tr\/index.php\/wp-json\/wp\/v2\/product\/707187","targetHints":{"allow":["GET"]}}],"collection":[{"href":"https:\/\/roveyayinevi.com.tr\/index.php\/wp-json\/wp\/v2\/product"}],"about":[{"href":"https:\/\/roveyayinevi.com.tr\/index.php\/wp-json\/wp\/v2\/types\/product"}],"wp:attachment":[{"href":"https:\/\/roveyayinevi.com.tr\/index.php\/wp-json\/wp\/v2\/media?parent=707187"}],"wp:term":[{"taxonomy":"product_brand","embeddable":true,"href":"https:\/\/roveyayinevi.com.tr\/index.php\/wp-json\/wp\/v2\/product_brand?post=707187"},{"taxonomy":"product_cat","embeddable":true,"href":"https:\/\/roveyayinevi.com.tr\/index.php\/wp-json\/wp\/v2\/product_cat?post=707187"},{"taxonomy":"product_tag","embeddable":true,"href":"https:\/\/roveyayinevi.com.tr\/index.php\/wp-json\/wp\/v2\/product_tag?post=707187"}],"curies":[{"name":"wp","href":"https:\/\/api.w.org\/{rel}","templated":true}]}}